{"id":105059,"date":"2022-02-04T15:04:44","date_gmt":"2022-02-04T15:04:44","guid":{"rendered":"https:\/\/www.phorest.com\/growth-fund-terms-and-conditions\/"},"modified":"2022-04-04T10:11:45","modified_gmt":"2022-04-04T10:11:45","slug":"teilnahmebedingungen-growth-fund","status":"publish","type":"page","link":"https:\/\/www.phorest.com\/de\/teilnahmebedingungen-growth-fund\/","title":{"rendered":"Teilnahmebedingungen des Phorest Growth Funds"},"content":{"rendered":"\n<h2 class=\"wp-block-heading\"><strong>TAG DES INKRAFTTRETENS: 1. M\u00c4RZ 2022<\/strong><\/h2>\n\n\n\n<h2 class=\"wp-block-heading\"><strong>1. <strong>ALLGEMEINES<\/strong><\/strong><\/h2>\n\n\n\n<p>1.1 Diese Allgemeinen Gesch\u00e4ftsbedingungen (\u201e<strong>AGB<\/strong>\u201c) gelten f\u00fcr alle Gesch\u00e4ftsvorg\u00e4nge zwischen NDevor Systems Limited (Gesellschaftsregister Nr. 369210) mit eingetragenem Sitz in 9 Anglesea Row, Dublin 7, Irland, und dem Handelsnamen \u201ePhorest\u201c (\u201e<strong>Phorest<\/strong>\u201c) und einem qualifizierten Kunden (\u201e<strong>Salon-Kunde<\/strong>\u201c, \u201e<strong>Sie<\/strong>\u201c), der einen Antrag auf Teilnahme an dem Phorest Growth Fund (ein \u201e<strong>Antrag<\/strong>\u201c) stellt.<\/p>\n\n\n\n<p>1.2 Der Phorest Growth Fund ist eine R\u00fcckgabe-Initiative, die von Phorest ins Leben gerufen wurde, um erfolgreiche Salon-Kunden durch einen Beitrag von h\u00f6chstens \u20ac\/ $ \/\u00a3 2.000 bzw. AED 8.000 (je nach Standort) zu unterst\u00fctzen (zum Zweck des Unternehmenswachstums des Gesch\u00e4fts des Salon-Kunden).<\/p>\n\n\n\n<p>1.3 Mit Einreichung eines Antrags f\u00fcr den Phorest Growth Fund gew\u00e4hrleistet der Salon-Kunde, dass er die im Abschnitt 2 dieser AGB aufgef\u00fchrten Qualifikationskriterien erf\u00fcllt. Der Salon-Kunde erkl\u00e4rt sich ferner damit einverstanden, dass diese AGB f\u00fcr ihn in Bezug auf seine Teilnahme an dem Phorest Growth Fund verbindlich sind.<\/p>\n\n\n\n<p>1.4 Die Antr\u00e4ge werden von einem unabh\u00e4ngigen Gremium aus Branchenexperten und unabh\u00e4ngigen Finanzberatern (das \u201e<strong>Phorest Growth Fund Pr\u00fcfgremium<\/strong>\u201c) beurteilt. Die Einzelheiten zur Mitgliedschaft im Phorest Growth Fund Pr\u00fcfgremium finden Sie unter <a href=\"https:\/\/www.phorest.com\/gb\/resources\/the-phorest-growth-fund\/\">https:\/\/www.phorest.com\/gb\/resources\/the-phorest-growth-fund\/<\/a>.&nbsp;<\/p>\n\n\n\n<p>1.5 Vorbehaltlich der Bestimmungen dieser AGB k\u00f6nnen erfolgreichen Antr\u00e4gen Finanzmittel in der von dem Phorest Growth Fund Pr\u00fcfgremium vereinbarten H\u00f6he und bis zu einem H\u00f6chstbetrag von \u00a3\/$\/\u20ac2.000 bzw. AED 8.000 AED zugesprochen werden (\u201e<strong>Erfolgreicher Salon-Kunde<\/strong>\u201c).<\/p>\n\n\n\n<p>1.6 Alle von Phorest unter diesen AGB zu zahlenden Betr\u00e4ge gelten ausschlie\u00dflich Mehrwertsteuer oder jedweden anderen Verkaufssteuern oder anderen Abz\u00fcgen oder Einbehalten. Alle anfallenden Steuern oder anderen Abz\u00fcge und Einbehalte auf von Phorest gezahlte Betr\u00e4ge sind durch den erfolgreichen Salon-Kunden gem\u00e4\u00df geltendem Recht zu bezahlen.<\/p>\n\n\n\n<h2 class=\"wp-block-heading\"><strong>2. <strong style=\"word-break: break-word;\">ANSPRUCHSBERECHTIGUNG UND TEILNAHME<\/strong><\/strong><\/h2>\n\n\n\n<p>2.1 Antr\u00e4ge stehen Salon-Kunden weltweit offen.&nbsp;<\/p>\n\n\n\n<p>2.2 Um einen Antrag auf Teilnahme an dem Phorest Growth Fund stellen zu k\u00f6nnen, muss der Salon-Kunde: (i) ein Bestandskunde von Phorest sein und die in Abschnitt 2.3 aufgef\u00fchrten Bedingungen erf\u00fcllen; (ii) ein Unternehmen sein, das innerhalb eines Monats ab dem Tag des Inkrafttretens gegr\u00fcndet wurde (ein \u201e<strong>Neukunde<\/strong>\u201c).<\/p>\n\n\n\n<p>2.3 Bestandskunden<\/p>\n\n\n\n<p>2.3.1 Um sich f\u00fcr die Teilnahme am Phorest Growth Fund als Bestandskunde von Phorest zu qualifizieren, muss der Salon-Kunde:<\/p>\n\n\n\n<p>(a) seit mindestens drei (3) Monaten vor dem oben genannten Tag des Inkrafttretens ein Kunde von Phorest sein, der Leistungen von Phorest bezieht;&nbsp;<\/p>\n\n\n\n<p>(b) bis zum Tag des Inkrafttretens alle f\u00fcr die von Phorest erbrachten Leistungen f\u00e4lligen Betr\u00e4ge bezahlt haben; und&nbsp;<\/p>\n\n\n\n<p>(c) \u00fcber mindestens einen Gesch\u00e4ftsinhaber (entweder ein Einzelunternehmer oder ein Vorstand einer Gesellschaft) verf\u00fcgen und zwei Mitarbeiter besch\u00e4ftigen.<\/p>\n\n\n\n<p>2.4 Neukunden<\/p>\n\n\n\n<p>2.4.1 Um sich f\u00fcr die Teilnahme am Phorest Growth Fund als Neukunde (wie in Abschnitt 2.2 definiert) von Phorest zu qualifizieren, muss der Salon-Kunde:<\/p>\n\n\n\n<p>(a) bis zu dem oben genannten Tag des Inkrafttretens einen Vertrag \u00fcber die Erbringung von Leistungen durch Phorest an Sie \u00fcber einen Zeitraum von mindestens zw\u00f6lf (12) Monaten abgeschlossen haben; und&nbsp;<\/p>\n\n\n\n<p>(b) bis Ende des in Abschnitt 2.4.1 (a) genannten Zeitraums von zw\u00f6lf (12) Monaten \u00fcber mindestens einen Gesch\u00e4ftsinhaber (entweder ein Einzelunternehmer oder ein Vorstand einer Gesellschaft) verf\u00fcgen und zwei Mitarbeiter besch\u00e4ftigen.<\/p>\n\n\n\n<p>2.5 Der Salon-Kunde darf f\u00fcr sein Gesch\u00e4ft nur einen Antrag stellen.<\/p>\n\n\n\n<p>2.6 Der Salon-Kunde erkl\u00e4rt sich damit einverstanden und erkennt an, dass ein Antrag auf Teilnahme an dem Phorest Growth Fund kein Angebot von Phorest an den Salon-Kunden darstellt und Phorest nicht verpflichtet ist, Zahlungen an den Salon-Kunden aus dem Phorest Growth Fund oder anderweitig zu leisten.\u00a0\u00a0<\/p>\n\n\n\n<p>2.7 Phorest beh\u00e4lt sich ohne Haftung das Recht vor, einen von einem Salon-Kunden eingereichten Antrag f\u00fcr den Phorest Growth Fund abzulehnen.<\/p>\n\n\n\n<p>2.8 Phorest beh\u00e4lt sich das Recht vor, diese AGB bisweilen durch Ver\u00f6ffentlichung der ge\u00e4nderten Version der AGB auf seiner Website <a href=\"http:\/\/www.phorest.com\">www.phorest.com<\/a> (die \u201e<strong>Website<\/strong>\u201c) zu \u00e4ndern. Die ge\u00e4nderte Version tritt in Kraft:<\/p>\n\n\n\n<p>2.8.1 10 Tage ab dem Zeitpunkt der Ver\u00f6ffentlichung; oder<\/p>\n\n\n\n<p>2.8.2 ab dem sp\u00e4teren Zeitpunkt, der auf der Website angegeben ist,<\/p>\n\n\n\n<p>f\u00fcr Antr\u00e4ge, die von dem Salon-Kunden an oder nach diesem Tag gestellt wurden.&nbsp;<\/p>\n\n\n\n<p>2.9 Ein teilnehmender Salon-Kunde muss \u00fcber einen eingetragen Firmenname verf\u00fcgen und f\u00fcr Mehrwertsteuer und andere relevante Steuern registriert sein. Der Salon-Kunde haftet allein f\u00fcr etwaige steuerliche Verpflichtung der Gesch\u00e4ftst\u00e4tigkeit des Salon-Kunden.\u00a0<\/p>\n\n\n\n<p>2.10 Ein teilnehmender Salon-Kunde muss seinem Beitrag einen Gesch\u00e4ftsplan und eine Cashflow-Prognose beif\u00fcgen. Phorest stellt auf seiner Website Musterformulare f\u00fcr Gesch\u00e4ftspl\u00e4ne und Cashflow-Prognosen f\u00fcr den Antrag zur Verf\u00fcgung.<\/p>\n\n\n\n<p>2.11 Ein erfolgreicher Salon-Kunde muss sich an allen zumutbaren Werbema\u00dfnahmen im Zusammenhang mit dem Phorest Growth Fund beteiligen.\u00a0<\/p>\n\n\n\n<p>2.12 Ein erfolgreicher Salon-Kunde muss die Phorest-Leistungen f\u00fcr einen Zeitraum von zw\u00f6lf (12) Monaten ab dem Tag des Eingangs der Zahlung aus dem Fonds beziehen.<\/p>\n\n\n\n<h2 class=\"wp-block-heading\"><strong>3. <strong style=\"word-break: break-word;\">GEW\u00c4HRLEISTUNGEN DES SALON-KUNDEN<\/strong>&nbsp;<\/strong><\/h2>\n\n\n\n<p>3.1 Der Salon-Kunde gew\u00e4hrleistet und sichert zu:<\/p>\n\n\n\n<p>3.1.1 dass er keine pers\u00f6nliche Beziehung zu oder Verbindung mit Phorest oder zu bzw. mit einem Angeh\u00f6rigen des Phorest Growth Fund Pr\u00fcfgremiums hat; und,<\/p>\n\n\n\n<p>3.1.2 im Falle eines erfolgreichen Antrags, dass er den Eingang von Geldern aus dem Phorest Growth Fund in seinen B\u00fcchern und Finanzunterlagen und wie nach in dem Rechtsraum, in dem der Salon-Kunde arbeitet, geltendem Recht erfordert, erfasst.&nbsp;&nbsp;<\/p>\n\n\n\n<h2 class=\"wp-block-heading\"><strong>4. PUBLICITY<\/strong><\/h2>\n\n\n\n<p>4.1 Falls Sie ein erfolgreicher Salon-Kunde sind, werden wir Sie m\u00f6glicherweise einladen, sich an unbezahlten Werbema\u00dfnahmen (einschlie\u00dflich Anzeigenschaltung) in Verbindung mit dem Phorest Growth Fund zu beteiligen. Diese Werbema\u00dfnahmen k\u00f6nnen die Ver\u00f6ffentlichung Ihres vollst\u00e4ndigen Namens, Ihrer Region, eines fotografischen Bildes, von Preisdetails und Ihrer Aussagen in Bezug auf die Auszeichnung und Phorest auf unserer Website und sozialen Medien umfassen und in dieser Hinsicht gew\u00e4hren Sie uns eine nicht ausschlie\u00dfliche, unk\u00fcndbare, lizenzgeb\u00fchrenfreie, weltweite Lizenz mit dem Recht einer Vergabe von Unterlizenzen, Ihre Aussagen f\u00fcr Werbezwecke zu verwenden und zu diesem Zweck verzichten Sie auf jegliche moralischen Rechte. Sofern Sie sich damit einverstanden erkl\u00e4ren, sich an Werbema\u00dfnahmen zu beteiligen, behalten wir uns das Recht vor, die Werbema\u00dfnahmen nicht durchzuf\u00fchren. Sollten wir einen erfolgreichen Salon-Kunden einladen, an Werbema\u00dfnahmen teilzunehmen, impliziert dies keine Verpflichtung unsererseits, die gleiche oder eine \u00e4hnliche Einladung an einen anderen erfolgreichen Salon-Kunden auszusprechen, und auch nicht, eine etwaige, dem Eingeladenen angebotene Werbema\u00dfnahme durchzuf\u00fchren.<\/p>\n\n\n\n<p>4.2 Personenbezogene Daten \u00fcber Sie, die wir in Verbindung mit Ihrem Antrag und einer Zuwendung aus dem Fonds sowie einer Teilnahme an Werbema\u00dfnahmen verarbeiten, unterliegen unserer Datenschutzerkl\u00e4rung.<\/p>\n\n\n\n<h2 class=\"wp-block-heading\"><strong>5. <strong style=\"word-break: break-word;\">HAFTUNGSBESCHR\u00c4NKUNG<\/strong><\/strong><\/h2>\n\n\n\n<p>5.1 Phorest \u00fcbernimmt keine Verantwortung f\u00fcr Verluste oder Sch\u00e4den aus einer Verz\u00f6gerung oder einem Vers\u00e4umnis bei der Bereitstellung von Geld aus dem Phorest Growth Fund aufgrund von Umst\u00e4nden, die au\u00dferhalb der Kontrolle von Phorest liegen.&nbsp;<\/p>\n\n\n\n<p>5.2 Soweit dies gesetzlich zul\u00e4ssig ist:<\/p>\n\n\n\n<p>5.2.1 lehnt Phorest alle Gew\u00e4hrleistungen, Bedingungen und Zusagen, ob ausdr\u00fccklich oder stillschweigend, ab; und<\/p>\n\n\n\n<p>5.2.2 Phorest \u00fcbernimmt keine Verantwortung f\u00fcr Sch\u00e4den, Verlust, Haftungen, Verletzungen oder Entt\u00e4uschungen, die einem Salon-Kunde als Folge der Eingabe eines Antrags oder der Annahme einer Zahlung aus dem Phorest Growth Fund entstehen oder die dieser erleidet.<\/p>\n\n\n\n<h2 class=\"wp-block-heading\"><strong>6. <strong>DATENSCHUTZ<\/strong><\/strong><\/h2>\n\n\n\n<p>6.1 Personenbezogene Daten, die Phorest von einem Salon-Kunden im Zusammenhang mit dem Phorest Growth Fund bereitgestellt werden, werden in \u00dcbereinstimmung mit der Phorest-Datenschutzerkl\u00e4rung verarbeitet, auf die hier zugegriffen werden kann <a href=\"https:\/\/www.phorest.com\/gb\/privacy\/\">https:\/\/www.phorest.com\/gb\/privacy\/<\/a>.&nbsp;<\/p>\n\n\n\n<h2 class=\"wp-block-heading\"><strong>7. <strong style=\"word-break: break-word;\">\u00dcBERTRAGUNG UND GESAMTVEREINBARUNG<\/strong><\/strong><\/h2>\n\n\n\n<p>7.1 Phorest kann einen Teil oder alle seiner Rechte und Pflichten Ihnen gegen\u00fcber unter diesen AGB jederzeit nach freiem Ermessen an einen Dritten abtreten oder untervergeben. Ein Salon-Kunde darf seine Rechte oder Pflichten, die sich aus diesen AGB ergeben, nicht abtreten oder ver\u00e4u\u00dfern.<\/p>\n\n\n\n<p>7.2 Diese AGB stellen die gesamte Vereinbarung zwischen Phorest und einem Salon-Kunden in Bezug auf den Phorest Growth Fund dar. Sollten Bestimmungen dieser AGB rechtswidrig, ung\u00fcltig oder aus irgendeinem Grund nicht durchsetzbar sein, so gilt diese Bestimmung als von diesen AGB separierbar und wirkt sich nicht auf die G\u00fcltigkeit und Durchsetzbarkeit der \u00fcbrigen Bestimmungen aus.<\/p>\n\n\n\n<h2 class=\"wp-block-heading\"><strong>8. <strong>ANWENDBARES RECHT<\/strong><\/strong><\/h2>\n\n\n\n<p>8.1 Die Auslegung, G\u00fcltigkeit und Erf\u00fcllung dieser AGB unterliegen dem irischen Recht und der Salon-Kunde unterwirft sich unwiderruflich der ausschlie\u00dflichen Zust\u00e4ndigkeit irischer Gerichte.<\/p>\n","protected":false},"excerpt":{"rendered":"<p>TAG DES INKRAFTTRETENS: 1. M\u00c4RZ 2022 1. ALLGEMEINES 1.1 Diese Allgemeinen Gesch\u00e4ftsbedingungen (\u201eAGB\u201c) gelten f\u00fcr alle Gesch\u00e4ftsvorg\u00e4nge zwischen NDevor Systems Limited (Gesellschaftsregister Nr. 369210) mit eingetragenem Sitz in 9 Anglesea Row, Dublin 7, Irland, und dem Handelsnamen \u201ePhorest\u201c (\u201ePhorest\u201c) und einem qualifizierten Kunden (\u201eSalon-Kunde\u201c, \u201eSie\u201c), der einen Antrag auf Teilnahme an dem Phorest Growth Fund &hellip; <a href=\"https:\/\/www.phorest.com\/de\/teilnahmebedingungen-growth-fund\/\">Continued<\/a><\/p>\n","protected":false},"author":27,"featured_media":0,"parent":0,"menu_order":0,"comment_status":"closed","ping_status":"closed","template":"","meta":{"_acf_changed":false,"footnotes":""},"class_list":["post-105059","page","type-page","status-publish","hentry"],"acf":[],"yoast_head":"<!-- This site is optimized with the Yoast SEO plugin v25.1 - https:\/\/yoast.com\/wordpress\/plugins\/seo\/ -->\n<title>Teilnahmebedingungen des Phorest Growth Funds | Phorest<\/title>\n<meta name=\"robots\" content=\"index, follow, max-snippet:-1, max-image-preview:large, max-video-preview:-1\" \/>\n<link rel=\"canonical\" href=\"https:\/\/www.phorest.com\/de\/teilnahmebedingungen-growth-fund\/\" \/>\n<meta property=\"og:locale\" content=\"de_DE\" \/>\n<meta property=\"og:type\" content=\"article\" \/>\n<meta property=\"og:title\" content=\"Teilnahmebedingungen des Phorest Growth Funds | Phorest\" \/>\n<meta property=\"og:description\" content=\"TAG DES INKRAFTTRETENS: 1. M\u00c4RZ 2022 1. ALLGEMEINES 1.1 Diese Allgemeinen Gesch\u00e4ftsbedingungen (\u201eAGB\u201c) gelten f\u00fcr alle Gesch\u00e4ftsvorg\u00e4nge zwischen NDevor Systems Limited (Gesellschaftsregister Nr. 369210) mit eingetragenem Sitz in 9 Anglesea Row, Dublin 7, Irland, und dem Handelsnamen \u201ePhorest\u201c (\u201ePhorest\u201c) und einem qualifizierten Kunden (\u201eSalon-Kunde\u201c, \u201eSie\u201c), der einen Antrag auf Teilnahme an dem Phorest Growth Fund &hellip; Continued\" \/>\n<meta property=\"og:url\" content=\"https:\/\/www.phorest.com\/de\/teilnahmebedingungen-growth-fund\/\" \/>\n<meta property=\"og:site_name\" content=\"Phorest\" \/>\n<meta property=\"article:publisher\" content=\"https:\/\/www.facebook.com\/phorestsalonsoftware\" \/>\n<meta property=\"article:modified_time\" content=\"2022-04-04T10:11:45+00:00\" \/>\n<meta property=\"og:image\" content=\"https:\/\/d2dfxqxblmblx4.cloudfront.net\/images\/logos\/phorest-acorn-logo.png\" \/>\n\t<meta property=\"og:image:width\" content=\"300\" \/>\n\t<meta property=\"og:image:height\" content=\"300\" \/>\n\t<meta property=\"og:image:type\" content=\"image\/png\" \/>\n<meta name=\"twitter:card\" content=\"summary_large_image\" \/>\n<meta name=\"twitter:image\" content=\"https:\/\/d2dfxqxblmblx4.cloudfront.net\/images\/logos\/phorest-acorn-logo.png\" \/>\n<meta name=\"twitter:site\" content=\"@thephorestword\" \/>\n<meta name=\"twitter:label1\" content=\"Est. reading time\" \/>\n\t<meta name=\"twitter:data1\" content=\"6 minutes\" \/>\n<script type=\"application\/ld+json\" class=\"yoast-schema-graph\">{\"@context\":\"https:\/\/schema.org\",\"@graph\":[{\"@type\":\"WebPage\",\"@id\":\"https:\/\/www.phorest.com\/de\/teilnahmebedingungen-growth-fund\/\",\"url\":\"https:\/\/www.phorest.com\/de\/teilnahmebedingungen-growth-fund\/\",\"name\":\"Teilnahmebedingungen des Phorest Growth Funds | Phorest\",\"isPartOf\":{\"@id\":\"https:\/\/www.phorest.com\/de\/#website\"},\"datePublished\":\"2022-02-04T15:04:44+00:00\",\"dateModified\":\"2022-04-04T10:11:45+00:00\",\"breadcrumb\":{\"@id\":\"https:\/\/www.phorest.com\/de\/teilnahmebedingungen-growth-fund\/#breadcrumb\"},\"inLanguage\":\"de\",\"potentialAction\":[{\"@type\":\"ReadAction\",\"target\":[\"https:\/\/www.phorest.com\/de\/teilnahmebedingungen-growth-fund\/\"]}]},{\"@type\":\"BreadcrumbList\",\"@id\":\"https:\/\/www.phorest.com\/de\/teilnahmebedingungen-growth-fund\/#breadcrumb\",\"itemListElement\":[{\"@type\":\"ListItem\",\"position\":1,\"name\":\"Home\",\"item\":\"https:\/\/www.phorest.com\/de\/\"},{\"@type\":\"ListItem\",\"position\":2,\"name\":\"Teilnahmebedingungen des Phorest Growth Funds\"}]},{\"@type\":\"WebSite\",\"@id\":\"https:\/\/www.phorest.com\/de\/#website\",\"url\":\"https:\/\/www.phorest.com\/de\/\",\"name\":\"Phorest\",\"description\":\"Salon Software - Hair &amp; Beauty - UK for Spa Management &amp; Appointments\",\"publisher\":{\"@id\":\"https:\/\/www.phorest.com\/de\/#organization\"},\"potentialAction\":[{\"@type\":\"SearchAction\",\"target\":{\"@type\":\"EntryPoint\",\"urlTemplate\":\"https:\/\/www.phorest.com\/de\/?s={search_term_string}\"},\"query-input\":{\"@type\":\"PropertyValueSpecification\",\"valueRequired\":true,\"valueName\":\"search_term_string\"}}],\"inLanguage\":\"de\"},{\"@type\":\"Organization\",\"@id\":\"https:\/\/www.phorest.com\/de\/#organization\",\"name\":\"Phorest Salon Software\",\"url\":\"https:\/\/www.phorest.com\/de\/\",\"logo\":{\"@type\":\"ImageObject\",\"inLanguage\":\"de\",\"@id\":\"https:\/\/www.phorest.com\/de\/#\/schema\/logo\/image\/\",\"url\":\"https:\/\/d2dfxqxblmblx4.cloudfront.net\/wp-content\/uploads\/2019\/10\/24141402\/phorest-acorn-logo1.png\",\"contentUrl\":\"https:\/\/d2dfxqxblmblx4.cloudfront.net\/wp-content\/uploads\/2019\/10\/24141402\/phorest-acorn-logo1.png\",\"width\":201,\"height\":202,\"caption\":\"Phorest Salon Software\"},\"image\":{\"@id\":\"https:\/\/www.phorest.com\/de\/#\/schema\/logo\/image\/\"},\"sameAs\":[\"https:\/\/www.facebook.com\/phorestsalonsoftware\",\"https:\/\/x.com\/thephorestword\",\"https:\/\/instagram.com\/phorest_salon_software\",\"https:\/\/www.linkedin.com\/company\/phorest?trk=company_name\",\"https:\/\/www.pinterest.com\/phorestss\/\",\"https:\/\/plus.google.com\/u\/0\/b\/101418954139594616916\/101418954139594616916\/posts\/p\/pub\"]}]}<\/script>\n<!-- \/ Yoast SEO plugin. -->","yoast_head_json":{"title":"Teilnahmebedingungen des Phorest Growth Funds | Phorest","robots":{"index":"index","follow":"follow","max-snippet":"max-snippet:-1","max-image-preview":"max-image-preview:large","max-video-preview":"max-video-preview:-1"},"canonical":"https:\/\/www.phorest.com\/de\/teilnahmebedingungen-growth-fund\/","og_locale":"de_DE","og_type":"article","og_title":"Teilnahmebedingungen des Phorest Growth Funds | Phorest","og_description":"TAG DES INKRAFTTRETENS: 1. M\u00c4RZ 2022 1. ALLGEMEINES 1.1 Diese Allgemeinen Gesch\u00e4ftsbedingungen (\u201eAGB\u201c) gelten f\u00fcr alle Gesch\u00e4ftsvorg\u00e4nge zwischen NDevor Systems Limited (Gesellschaftsregister Nr. 369210) mit eingetragenem Sitz in 9 Anglesea Row, Dublin 7, Irland, und dem Handelsnamen \u201ePhorest\u201c (\u201ePhorest\u201c) und einem qualifizierten Kunden (\u201eSalon-Kunde\u201c, \u201eSie\u201c), der einen Antrag auf Teilnahme an dem Phorest Growth Fund &hellip; Continued","og_url":"https:\/\/www.phorest.com\/de\/teilnahmebedingungen-growth-fund\/","og_site_name":"Phorest","article_publisher":"https:\/\/www.facebook.com\/phorestsalonsoftware","article_modified_time":"2022-04-04T10:11:45+00:00","og_image":[{"width":300,"height":300,"url":"https:\/\/d2dfxqxblmblx4.cloudfront.net\/images\/logos\/phorest-acorn-logo.png","type":"image\/png"}],"twitter_card":"summary_large_image","twitter_image":"https:\/\/d2dfxqxblmblx4.cloudfront.net\/images\/logos\/phorest-acorn-logo.png","twitter_site":"@thephorestword","twitter_misc":{"Est. reading time":"6 minutes"},"schema":{"@context":"https:\/\/schema.org","@graph":[{"@type":"WebPage","@id":"https:\/\/www.phorest.com\/de\/teilnahmebedingungen-growth-fund\/","url":"https:\/\/www.phorest.com\/de\/teilnahmebedingungen-growth-fund\/","name":"Teilnahmebedingungen des Phorest Growth Funds | Phorest","isPartOf":{"@id":"https:\/\/www.phorest.com\/de\/#website"},"datePublished":"2022-02-04T15:04:44+00:00","dateModified":"2022-04-04T10:11:45+00:00","breadcrumb":{"@id":"https:\/\/www.phorest.com\/de\/teilnahmebedingungen-growth-fund\/#breadcrumb"},"inLanguage":"de","potentialAction":[{"@type":"ReadAction","target":["https:\/\/www.phorest.com\/de\/teilnahmebedingungen-growth-fund\/"]}]},{"@type":"BreadcrumbList","@id":"https:\/\/www.phorest.com\/de\/teilnahmebedingungen-growth-fund\/#breadcrumb","itemListElement":[{"@type":"ListItem","position":1,"name":"Home","item":"https:\/\/www.phorest.com\/de\/"},{"@type":"ListItem","position":2,"name":"Teilnahmebedingungen des Phorest Growth Funds"}]},{"@type":"WebSite","@id":"https:\/\/www.phorest.com\/de\/#website","url":"https:\/\/www.phorest.com\/de\/","name":"Phorest","description":"Salon Software - Hair &amp; Beauty - UK for Spa Management &amp; Appointments","publisher":{"@id":"https:\/\/www.phorest.com\/de\/#organization"},"potentialAction":[{"@type":"SearchAction","target":{"@type":"EntryPoint","urlTemplate":"https:\/\/www.phorest.com\/de\/?s={search_term_string}"},"query-input":{"@type":"PropertyValueSpecification","valueRequired":true,"valueName":"search_term_string"}}],"inLanguage":"de"},{"@type":"Organization","@id":"https:\/\/www.phorest.com\/de\/#organization","name":"Phorest Salon Software","url":"https:\/\/www.phorest.com\/de\/","logo":{"@type":"ImageObject","inLanguage":"de","@id":"https:\/\/www.phorest.com\/de\/#\/schema\/logo\/image\/","url":"https:\/\/d2dfxqxblmblx4.cloudfront.net\/wp-content\/uploads\/2019\/10\/24141402\/phorest-acorn-logo1.png","contentUrl":"https:\/\/d2dfxqxblmblx4.cloudfront.net\/wp-content\/uploads\/2019\/10\/24141402\/phorest-acorn-logo1.png","width":201,"height":202,"caption":"Phorest Salon Software"},"image":{"@id":"https:\/\/www.phorest.com\/de\/#\/schema\/logo\/image\/"},"sameAs":["https:\/\/www.facebook.com\/phorestsalonsoftware","https:\/\/x.com\/thephorestword","https:\/\/instagram.com\/phorest_salon_software","https:\/\/www.linkedin.com\/company\/phorest?trk=company_name","https:\/\/www.pinterest.com\/phorestss\/","https:\/\/plus.google.com\/u\/0\/b\/101418954139594616916\/101418954139594616916\/posts\/p\/pub"]}]}},"_links":{"self":[{"href":"https:\/\/www.phorest.com\/de\/wp-json\/wp\/v2\/pages\/105059","targetHints":{"allow":["GET"]}}],"collection":[{"href":"https:\/\/www.phorest.com\/de\/wp-json\/wp\/v2\/pages"}],"about":[{"href":"https:\/\/www.phorest.com\/de\/wp-json\/wp\/v2\/types\/page"}],"author":[{"embeddable":true,"href":"https:\/\/www.phorest.com\/de\/wp-json\/wp\/v2\/users\/27"}],"replies":[{"embeddable":true,"href":"https:\/\/www.phorest.com\/de\/wp-json\/wp\/v2\/comments?post=105059"}],"version-history":[{"count":4,"href":"https:\/\/www.phorest.com\/de\/wp-json\/wp\/v2\/pages\/105059\/revisions"}],"predecessor-version":[{"id":108526,"href":"https:\/\/www.phorest.com\/de\/wp-json\/wp\/v2\/pages\/105059\/revisions\/108526"}],"wp:attachment":[{"href":"https:\/\/www.phorest.com\/de\/wp-json\/wp\/v2\/media?parent=105059"}],"curies":[{"name":"wp","href":"https:\/\/api.w.org\/{rel}","templated":true}]}}