{"id":116105,"date":"2022-07-29T13:37:37","date_gmt":"2022-07-29T13:37:37","guid":{"rendered":"https:\/\/www.phorest.com\/termsandconditions-phorestpay-terminal\/"},"modified":"2022-09-20T12:03:18","modified_gmt":"2022-09-20T12:03:18","slug":"agb-phorestpay-kartenterminal","status":"publish","type":"page","link":"https:\/\/www.phorest.com\/de\/agb-phorestpay-kartenterminal\/","title":{"rendered":"PhorestPay Kartenterminal &#8211; Allgemeine Gesch\u00e4ftsbedingungen (AGBs)"},"content":{"rendered":"\n<h2 class=\"wp-block-heading\">1. Beziehung zum Phorest-Dienstleistungsvertrag<\/h2>\n\n\n\n<p>Mit Verwendung des PhorestPay Kartenterminals erkl\u00e4ren Sie sich ausdr\u00fccklich mit den folgenden Gesch\u00e4ftsbedingungen, den Phorest-Servicebedingungen und allen Aktualisierungen oder Modifikationen, die bisweilen an den Vorstehenden von Phorest oder Stripe vorgenommen werden, einverstanden. Diese Kartenterminal-Bedingungen erg\u00e4nzen die Phorest-Servicebedingungen, die Ihre Verwendung der allgemeinen Dienstleistungen von Phorest sowie unserer PhorestPay Produkte generell regeln. Im Falle eines Konflikts zwischen den Phorest-Servicebedingungen und diesen Bedingungen f\u00fcr das PhorestPay Kartenterminal sind diese Bedingungen ma\u00dfgeblich.<\/p>\n\n\n\n<h2 class=\"wp-block-heading\">2. Eingeschr\u00e4nkte Hardware-Gew\u00e4hrleistung<\/h2>\n\n\n\n<p>a. Diese Vereinbarung beinhaltet eine eingeschr\u00e4nkte Gew\u00e4hrleistung f\u00fcr Material- und Verarbeitungsfehler bei normalem Gebrauch f\u00fcr einen Zeitraum von einem (1) Jahr ab dem Versanddatum. Gem\u00e4\u00df dieser Vereinbarung und vorbehaltlich der nachstehenden Ziffern 2(b), 2(c) und 2(d) wird defekte Hardware ersetzt. Sie m\u00fcssen Phorest unverz\u00fcglich \u00fcber jede Fehlfunktion des Ger\u00e4ts, jeden Ausfall oder jeden anderen Vorfall, der zu einem Nutzungsausfall f\u00fchrt oder eine Reparatur oder Wartung erforderlich macht, informieren.<\/p>\n\n\n\n<p>b. Sie m\u00fcssen die defekte PhorestPay Hardware an Phorest unter der angegebenen Anschrift zusammen mit s\u00e4mtlichem Zubeh\u00f6r, allen Kabeln, Teilen und Dokumenten innerhalb von vierzehn (14) Tagen ab Erhalt Ihrer PhorestPay Ersatz-Hardware zur\u00fccksenden. Falls Sie die defekte PhorestPay Hardware nicht gem\u00e4\u00df dem von Phorest festgelegtem Verfahren und Zeitrahmen zur\u00fccksenden, wird Phorest diese entweder mit Ihrem PhorestPay Konto (sofern ein Guthaben vorhanden ist) verrechnen oder eine Geb\u00fchr in Ihre n\u00e4chste Phorest-Abonnementrechnung aufnehmen. Dies ist Ihr einziges und ausschlie\u00dfliches Rechtsmittel f\u00fcr einen Versto\u00df gegen diese eingeschr\u00e4nkte Gew\u00e4hrleistung. Diese eingeschr\u00e4nkte Gew\u00e4hrleistung gilt nur f\u00fcr Sie als den urspr\u00fcnglichen K\u00e4ufer der PhorestPay Hardware. Die Gew\u00e4hrleistungsdeckung erlischt, wenn Sie Ihre PhorestPay Hardware verkaufen oder \u00fcbertragen. Zur Veranlassung einer R\u00fccksendung auf Gew\u00e4hrleistungsbasis wenden Sie sich bitte an den Phorest-Support.<\/p>\n\n\n\n<p>c. Diese eingeschr\u00e4nkte Gew\u00e4hrleistung gilt nicht f\u00fcr PhorestPay Hardware, an der \u00c4nderungen, Reparaturen, Manipulationen vorgenommen wurden oder im Fall von Unf\u00e4llen, Missbrauch, Falschbenutzung, Feuer, h\u00f6herer Gewalt (einschlie\u00dflich, ohne Einschr\u00e4nkung, Erdbeben, \u00dcberschwemmung, Wirbelsturm, Blitz oder Tornado) oder anderen externen Ursachen.&nbsp;<\/p>\n\n\n\n<p>d. Sie k\u00f6nnen das Kartenterminal nicht an Dritte verkaufen oder \u00fcbertragen, ansonsten erlischt Ihre Gew\u00e4hrleistung. Die Gew\u00e4hrleistung gilt nicht f\u00fcr Hardware, die manipuliert oder repariert wurde.&nbsp;<\/p>\n\n\n\n<h2 class=\"wp-block-heading\">3. Installation des PhorestPay Kartenterminals<\/h2>\n\n\n\n<p>a. Phorest kann Ihnen nach eigenem, freiem Ermessen kostenlose oder erm\u00e4\u00dfigte Kartenterminals bereitstellen. Die Bereitstellung dieser kostenlosen \/ erm\u00e4\u00dfigten Kartenterminals erfolgt unter der Bedingung einer Installation (definiert als Verarbeiten einer Transaktion) innerhalb von 30 Tagen ab Versand.<\/p>\n\n\n\n<p>b. Sollte die Installation nicht innerhalb dieses Zeitraums erfolgen, kann Phorest Ihnen, nach freiem Ermessen, pro Ger\u00e4t eine Geb\u00fchr, wie in Ziffer 4(c) beschrieben, in Rechnung stellen.<\/p>\n\n\n\n<h2 class=\"wp-block-heading\">4. PhorestPay Kartenterminal &#8211; Zugang und Mindestlaufzeit<\/h2>\n\n\n\n<p>a. Mit Zahlung einer\/beider in Ziffern 3(b) oder 3(c) aufgef\u00fchrten Zahlung(en) geht das Eigentum an dem PhorestPay Kartenterminal auf Sie \u00fcber. Der weitere Zugang zu den Funktionen des Kartenterminals ist von den nachstehenden Ziffern 3(b) und 3(c) abh\u00e4ngig.<\/p>\n\n\n\n<p>b. Phorest kann Ihnen, nach freiem Ermessen, eine monatliche Zugangsgeb\u00fchr f\u00fcr jeden PhorestPay Kartenterminal in Rechnung stellen. Diese Geb\u00fchren k\u00f6nnen sich \u00e4ndern und werden Ihnen zum Zeitpunkt des Kaufs klar mitgeteilt.<\/p>\n\n\n\n<p>c. Phorest kann Ihnen, nach freiem Ermessen, eine einmalige Vorauszahlung f\u00fcr den lebenslangen Zugang zu der Software, die f\u00fcr jedes Kartenterminal ben\u00f6tigt wird, berechnen. Diese Geb\u00fchren k\u00f6nnen sich \u00e4ndern und werden Ihnen zum Zeitpunkt des Kaufs klar mitgeteilt.<\/p>\n\n\n\n<p>d. Mit Nutzung des PhorestPay Kartenterminals erkl\u00e4ren Sie sich ausdr\u00fccklich mit einer Verl\u00e4ngerung Ihres Phorest-Softwarevertrages um zwei (2) Jahre einverstanden. Sollten Sie versuchen, die Nutzung vor Ende dieser Laufzeit einzustellen, belastet Phorest entweder Ihr PhorestPay Konto (sofern ein Guthaben vorhanden ist) oder stellt eine Geb\u00fchr f\u00fcr den Restbetrag der Softwarezugangsgeb\u00fchr in Ihrer n\u00e4chsten Phorest-Abonnementrechnung in Rechnung. Die Mindestlaufzeit betr\u00e4gt zwei (2) Jahre ab dem Vertragsdatum.<\/p>\n\n\n\n<p>e. Sollten Sie zus\u00e4tzliche PhorestPay Kartenterminals ben\u00f6tigen, entweder als Ersatzger\u00e4te, die nicht durch unsere Gew\u00e4hrleistung, wie unter Ziffer 2 beschrieben, abgedeckt sind, oder als Ger\u00e4te, die durch den normalen Gesch\u00e4ftsbetrieb erforderlich gemacht werden, haften Sie f\u00fcr die zus\u00e4tzlichen Geb\u00fchren, wie vorstehend unter Ziffer 3(b) oder 3(c) beschrieben.&nbsp;<\/p>\n\n\n\n<p>f. Sie m\u00fcssen s\u00e4mtliche Phorest-Updates unverz\u00fcglich installieren, um die Dienste weiter nutzen zu k\u00f6nnen.<\/p>\n\n\n\n<h2 class=\"wp-block-heading\">5. Vertragsbeendigung<\/h2>\n\n\n\n<p>a. Im Fall einer vorzeitigen K\u00fcndigung wird der Restbetrag der Mindestlaufzeit sofort zur Zahlung f\u00e4llig und der Zugang wird widerrufen.&nbsp;<\/p>\n\n\n\n<p>b. Sofern nicht anderweitig gesetzlich verboten und unbeschadet der anderen Rechte oder Rechtsmittel von Phorest hat Phorest das Recht (i), Ihren Zugang im Fall eines Versto\u00dfes gegen diese Vereinbarung durch Sie und (ii) alle Dienste nach freiem Ermessen jederzeit unverz\u00fcglich aufzuheben. Wenn Sie nicht gegen diese Vereinbarung versto\u00dfen haben, erstatten wir Ihnen anteilig eine von Ihnen im Voraus gezahlte Zugangsgeb\u00fchr f\u00fcr den Zeitraum, w\u00e4hrend dem Sie keinen Zugang zu dem Produkt hatten.<\/p>\n\n\n\n<p>c. Sollten Zugangsgeb\u00fchren f\u00fcr einen Zeitraum von mehr als 1 Monat ausstehen, wird Ihr Konto in einen inaktiven Zustand versetzt. In diesem inaktiven Zustand sind Sie m\u00f6glicherweise nicht dazu in der Lage, das PhorestPay Kartenterminal zu nutzen.&nbsp;<\/p>\n","protected":false},"excerpt":{"rendered":"<p>1. Beziehung zum Phorest-Dienstleistungsvertrag Mit Verwendung des PhorestPay Kartenterminals erkl\u00e4ren Sie sich ausdr\u00fccklich mit den folgenden Gesch\u00e4ftsbedingungen, den Phorest-Servicebedingungen und allen Aktualisierungen oder Modifikationen, die bisweilen an den Vorstehenden von Phorest oder Stripe vorgenommen werden, einverstanden. Diese Kartenterminal-Bedingungen erg\u00e4nzen die Phorest-Servicebedingungen, die Ihre Verwendung der allgemeinen Dienstleistungen von Phorest sowie unserer PhorestPay Produkte generell regeln. &hellip; <a href=\"https:\/\/www.phorest.com\/de\/agb-phorestpay-kartenterminal\/\">Continued<\/a><\/p>\n","protected":false},"author":27,"featured_media":0,"parent":0,"menu_order":0,"comment_status":"closed","ping_status":"closed","template":"","meta":{"_acf_changed":false,"footnotes":""},"class_list":["post-116105","page","type-page","status-publish","hentry"],"acf":[],"yoast_head":"<!-- This site is optimized with the Yoast SEO plugin v25.1 - https:\/\/yoast.com\/wordpress\/plugins\/seo\/ -->\n<title>PhorestPay Kartenterminal - Allgemeine Gesch\u00e4ftsbedingungen (AGBs)<\/title>\n<meta name=\"robots\" content=\"index, follow, max-snippet:-1, max-image-preview:large, max-video-preview:-1\" \/>\n<link rel=\"canonical\" href=\"https:\/\/www.phorest.com\/de\/agb-phorestpay-kartenterminal\/\" \/>\n<meta property=\"og:locale\" content=\"de_DE\" \/>\n<meta property=\"og:type\" content=\"article\" \/>\n<meta property=\"og:title\" content=\"PhorestPay Kartenterminal - Allgemeine Gesch\u00e4ftsbedingungen (AGBs)\" \/>\n<meta property=\"og:description\" content=\"1. Beziehung zum Phorest-Dienstleistungsvertrag Mit Verwendung des PhorestPay Kartenterminals erkl\u00e4ren Sie sich ausdr\u00fccklich mit den folgenden Gesch\u00e4ftsbedingungen, den Phorest-Servicebedingungen und allen Aktualisierungen oder Modifikationen, die bisweilen an den Vorstehenden von Phorest oder Stripe vorgenommen werden, einverstanden. Diese Kartenterminal-Bedingungen erg\u00e4nzen die Phorest-Servicebedingungen, die Ihre Verwendung der allgemeinen Dienstleistungen von Phorest sowie unserer PhorestPay Produkte generell regeln. &hellip; Continued\" \/>\n<meta property=\"og:url\" content=\"https:\/\/www.phorest.com\/de\/agb-phorestpay-kartenterminal\/\" \/>\n<meta property=\"og:site_name\" content=\"Phorest\" \/>\n<meta property=\"article:publisher\" content=\"https:\/\/www.facebook.com\/phorestsalonsoftware\" \/>\n<meta property=\"article:modified_time\" content=\"2022-09-20T12:03:18+00:00\" \/>\n<meta property=\"og:image\" content=\"https:\/\/d2dfxqxblmblx4.cloudfront.net\/images\/logos\/phorest-acorn-logo.png\" \/>\n\t<meta property=\"og:image:width\" content=\"300\" \/>\n\t<meta property=\"og:image:height\" content=\"300\" \/>\n\t<meta property=\"og:image:type\" content=\"image\/png\" \/>\n<meta name=\"twitter:card\" content=\"summary_large_image\" \/>\n<meta name=\"twitter:image\" content=\"https:\/\/d2dfxqxblmblx4.cloudfront.net\/images\/logos\/phorest-acorn-logo.png\" \/>\n<meta name=\"twitter:site\" content=\"@thephorestword\" \/>\n<meta name=\"twitter:label1\" content=\"Est. reading time\" \/>\n\t<meta name=\"twitter:data1\" content=\"4 minutes\" \/>\n<script type=\"application\/ld+json\" class=\"yoast-schema-graph\">{\"@context\":\"https:\/\/schema.org\",\"@graph\":[{\"@type\":\"WebPage\",\"@id\":\"https:\/\/www.phorest.com\/de\/agb-phorestpay-kartenterminal\/\",\"url\":\"https:\/\/www.phorest.com\/de\/agb-phorestpay-kartenterminal\/\",\"name\":\"PhorestPay Kartenterminal - Allgemeine Gesch\u00e4ftsbedingungen (AGBs)\",\"isPartOf\":{\"@id\":\"https:\/\/www.phorest.com\/de\/#website\"},\"datePublished\":\"2022-07-29T13:37:37+00:00\",\"dateModified\":\"2022-09-20T12:03:18+00:00\",\"breadcrumb\":{\"@id\":\"https:\/\/www.phorest.com\/de\/agb-phorestpay-kartenterminal\/#breadcrumb\"},\"inLanguage\":\"de\",\"potentialAction\":[{\"@type\":\"ReadAction\",\"target\":[\"https:\/\/www.phorest.com\/de\/agb-phorestpay-kartenterminal\/\"]}]},{\"@type\":\"BreadcrumbList\",\"@id\":\"https:\/\/www.phorest.com\/de\/agb-phorestpay-kartenterminal\/#breadcrumb\",\"itemListElement\":[{\"@type\":\"ListItem\",\"position\":1,\"name\":\"Home\",\"item\":\"https:\/\/www.phorest.com\/de\/\"},{\"@type\":\"ListItem\",\"position\":2,\"name\":\"PhorestPay Kartenterminal &#8211; Allgemeine Gesch\u00e4ftsbedingungen (AGBs)\"}]},{\"@type\":\"WebSite\",\"@id\":\"https:\/\/www.phorest.com\/de\/#website\",\"url\":\"https:\/\/www.phorest.com\/de\/\",\"name\":\"Phorest\",\"description\":\"Salon Software - Hair &amp; Beauty - UK for Spa Management &amp; Appointments\",\"publisher\":{\"@id\":\"https:\/\/www.phorest.com\/de\/#organization\"},\"potentialAction\":[{\"@type\":\"SearchAction\",\"target\":{\"@type\":\"EntryPoint\",\"urlTemplate\":\"https:\/\/www.phorest.com\/de\/?s={search_term_string}\"},\"query-input\":{\"@type\":\"PropertyValueSpecification\",\"valueRequired\":true,\"valueName\":\"search_term_string\"}}],\"inLanguage\":\"de\"},{\"@type\":\"Organization\",\"@id\":\"https:\/\/www.phorest.com\/de\/#organization\",\"name\":\"Phorest Salon Software\",\"url\":\"https:\/\/www.phorest.com\/de\/\",\"logo\":{\"@type\":\"ImageObject\",\"inLanguage\":\"de\",\"@id\":\"https:\/\/www.phorest.com\/de\/#\/schema\/logo\/image\/\",\"url\":\"https:\/\/d2dfxqxblmblx4.cloudfront.net\/wp-content\/uploads\/2019\/10\/24141402\/phorest-acorn-logo1.png\",\"contentUrl\":\"https:\/\/d2dfxqxblmblx4.cloudfront.net\/wp-content\/uploads\/2019\/10\/24141402\/phorest-acorn-logo1.png\",\"width\":201,\"height\":202,\"caption\":\"Phorest Salon Software\"},\"image\":{\"@id\":\"https:\/\/www.phorest.com\/de\/#\/schema\/logo\/image\/\"},\"sameAs\":[\"https:\/\/www.facebook.com\/phorestsalonsoftware\",\"https:\/\/x.com\/thephorestword\",\"https:\/\/instagram.com\/phorest_salon_software\",\"https:\/\/www.linkedin.com\/company\/phorest?trk=company_name\",\"https:\/\/www.pinterest.com\/phorestss\/\",\"https:\/\/plus.google.com\/u\/0\/b\/101418954139594616916\/101418954139594616916\/posts\/p\/pub\"]}]}<\/script>\n<!-- \/ Yoast SEO plugin. -->","yoast_head_json":{"title":"PhorestPay Kartenterminal - Allgemeine Gesch\u00e4ftsbedingungen (AGBs)","robots":{"index":"index","follow":"follow","max-snippet":"max-snippet:-1","max-image-preview":"max-image-preview:large","max-video-preview":"max-video-preview:-1"},"canonical":"https:\/\/www.phorest.com\/de\/agb-phorestpay-kartenterminal\/","og_locale":"de_DE","og_type":"article","og_title":"PhorestPay Kartenterminal - Allgemeine Gesch\u00e4ftsbedingungen (AGBs)","og_description":"1. Beziehung zum Phorest-Dienstleistungsvertrag Mit Verwendung des PhorestPay Kartenterminals erkl\u00e4ren Sie sich ausdr\u00fccklich mit den folgenden Gesch\u00e4ftsbedingungen, den Phorest-Servicebedingungen und allen Aktualisierungen oder Modifikationen, die bisweilen an den Vorstehenden von Phorest oder Stripe vorgenommen werden, einverstanden. Diese Kartenterminal-Bedingungen erg\u00e4nzen die Phorest-Servicebedingungen, die Ihre Verwendung der allgemeinen Dienstleistungen von Phorest sowie unserer PhorestPay Produkte generell regeln. &hellip; Continued","og_url":"https:\/\/www.phorest.com\/de\/agb-phorestpay-kartenterminal\/","og_site_name":"Phorest","article_publisher":"https:\/\/www.facebook.com\/phorestsalonsoftware","article_modified_time":"2022-09-20T12:03:18+00:00","og_image":[{"width":300,"height":300,"url":"https:\/\/d2dfxqxblmblx4.cloudfront.net\/images\/logos\/phorest-acorn-logo.png","type":"image\/png"}],"twitter_card":"summary_large_image","twitter_image":"https:\/\/d2dfxqxblmblx4.cloudfront.net\/images\/logos\/phorest-acorn-logo.png","twitter_site":"@thephorestword","twitter_misc":{"Est. reading time":"4 minutes"},"schema":{"@context":"https:\/\/schema.org","@graph":[{"@type":"WebPage","@id":"https:\/\/www.phorest.com\/de\/agb-phorestpay-kartenterminal\/","url":"https:\/\/www.phorest.com\/de\/agb-phorestpay-kartenterminal\/","name":"PhorestPay Kartenterminal - Allgemeine Gesch\u00e4ftsbedingungen (AGBs)","isPartOf":{"@id":"https:\/\/www.phorest.com\/de\/#website"},"datePublished":"2022-07-29T13:37:37+00:00","dateModified":"2022-09-20T12:03:18+00:00","breadcrumb":{"@id":"https:\/\/www.phorest.com\/de\/agb-phorestpay-kartenterminal\/#breadcrumb"},"inLanguage":"de","potentialAction":[{"@type":"ReadAction","target":["https:\/\/www.phorest.com\/de\/agb-phorestpay-kartenterminal\/"]}]},{"@type":"BreadcrumbList","@id":"https:\/\/www.phorest.com\/de\/agb-phorestpay-kartenterminal\/#breadcrumb","itemListElement":[{"@type":"ListItem","position":1,"name":"Home","item":"https:\/\/www.phorest.com\/de\/"},{"@type":"ListItem","position":2,"name":"PhorestPay Kartenterminal &#8211; Allgemeine Gesch\u00e4ftsbedingungen (AGBs)"}]},{"@type":"WebSite","@id":"https:\/\/www.phorest.com\/de\/#website","url":"https:\/\/www.phorest.com\/de\/","name":"Phorest","description":"Salon Software - Hair &amp; Beauty - UK for Spa Management &amp; Appointments","publisher":{"@id":"https:\/\/www.phorest.com\/de\/#organization"},"potentialAction":[{"@type":"SearchAction","target":{"@type":"EntryPoint","urlTemplate":"https:\/\/www.phorest.com\/de\/?s={search_term_string}"},"query-input":{"@type":"PropertyValueSpecification","valueRequired":true,"valueName":"search_term_string"}}],"inLanguage":"de"},{"@type":"Organization","@id":"https:\/\/www.phorest.com\/de\/#organization","name":"Phorest Salon Software","url":"https:\/\/www.phorest.com\/de\/","logo":{"@type":"ImageObject","inLanguage":"de","@id":"https:\/\/www.phorest.com\/de\/#\/schema\/logo\/image\/","url":"https:\/\/d2dfxqxblmblx4.cloudfront.net\/wp-content\/uploads\/2019\/10\/24141402\/phorest-acorn-logo1.png","contentUrl":"https:\/\/d2dfxqxblmblx4.cloudfront.net\/wp-content\/uploads\/2019\/10\/24141402\/phorest-acorn-logo1.png","width":201,"height":202,"caption":"Phorest Salon Software"},"image":{"@id":"https:\/\/www.phorest.com\/de\/#\/schema\/logo\/image\/"},"sameAs":["https:\/\/www.facebook.com\/phorestsalonsoftware","https:\/\/x.com\/thephorestword","https:\/\/instagram.com\/phorest_salon_software","https:\/\/www.linkedin.com\/company\/phorest?trk=company_name","https:\/\/www.pinterest.com\/phorestss\/","https:\/\/plus.google.com\/u\/0\/b\/101418954139594616916\/101418954139594616916\/posts\/p\/pub"]}]}},"_links":{"self":[{"href":"https:\/\/www.phorest.com\/de\/wp-json\/wp\/v2\/pages\/116105","targetHints":{"allow":["GET"]}}],"collection":[{"href":"https:\/\/www.phorest.com\/de\/wp-json\/wp\/v2\/pages"}],"about":[{"href":"https:\/\/www.phorest.com\/de\/wp-json\/wp\/v2\/types\/page"}],"author":[{"embeddable":true,"href":"https:\/\/www.phorest.com\/de\/wp-json\/wp\/v2\/users\/27"}],"replies":[{"embeddable":true,"href":"https:\/\/www.phorest.com\/de\/wp-json\/wp\/v2\/comments?post=116105"}],"version-history":[{"count":2,"href":"https:\/\/www.phorest.com\/de\/wp-json\/wp\/v2\/pages\/116105\/revisions"}],"predecessor-version":[{"id":116108,"href":"https:\/\/www.phorest.com\/de\/wp-json\/wp\/v2\/pages\/116105\/revisions\/116108"}],"wp:attachment":[{"href":"https:\/\/www.phorest.com\/de\/wp-json\/wp\/v2\/media?parent=116105"}],"curies":[{"name":"wp","href":"https:\/\/api.w.org\/{rel}","templated":true}]}}