{"id":147576,"date":"2024-10-10T10:47:22","date_gmt":"2024-10-10T10:47:22","guid":{"rendered":"https:\/\/www.phorest.com\/?page_id=147576"},"modified":"2025-01-07T09:48:48","modified_gmt":"2025-01-07T09:48:48","slug":"phorest-neustes-upgrade","status":"publish","type":"page","link":"https:\/\/www.phorest.com\/de\/phorest-neustes-upgrade\/","title":{"rendered":"Phorests neustes Upgrade"},"content":{"rendered":"\n<h2 class=\"has-text-align-center wp-block-heading\">Was ist neu in Phorest? Erfahre mehr im Video!<\/h2>\n\n\n\n<figure class=\"wp-block-embed aligncenter is-type-wp-embed is-provider-wistia-inc wp-block-embed-wistia-inc height: 450px width: 800px\"><div class=\"wp-block-embed__wrapper\">\n<iframe loading=\"lazy\" class=\"wp-embedded-content\" sandbox=\"allow-scripts\" security=\"restricted\" title=\"P10 Intro 6 Min Video\" src=\"https:\/\/fast.wistia.net\/embed\/iframe\/yr8ixkci34?dnt=1#?secret=C1Q89xlOSk\" data-secret=\"C1Q89xlOSk\" frameborder=\"0\" scrolling=\"no\" width=\"500\" height=\"281\"><\/iframe>\n<\/div><\/figure>\n\n\n\n<div style=\"height:70px\" aria-hidden=\"true\" class=\"wp-block-spacer\"><\/div>\n\n\n\n<h2 class=\"wp-block-heading\"><strong>Wir wissen, dass dein Tagesablauf immer hektischer wird.<\/strong><\/h2>\n\n\n\n<p>Deshalb haben wir unsere Software weiterentwickelt, damit du und dein Team so effizient wie m\u00f6glich arbeiten k\u00f6nnen. Wir wissen auch, dass Unternehmen mit Phorest in dieser schnelllebigen Branche immer einen Schritt voraus sein wollen.&nbsp;<\/p>\n\n\n\n<p>Hier erf\u00e4hrst du, warum du die Erg\u00e4nzungen und Verbesserungen von Phorest in unserem neuesten Upgrade lieben wirst.&nbsp;&nbsp;<\/p>\n\n\n\n<h2 class=\"wp-block-heading\"><strong>Optimierte<\/strong> <strong>Terminverwaltung<\/strong><\/h2>\n\n\n\n<p>Wir haben einen praktischen neuen \u201e<a href=\"https:\/\/support.phorest.com\/hc\/de\/articles\/19064238634642-Wie-kann-ich-schnell-den-n%C3%A4chsten-freien-Termin-f%C3%BCr-jemanden-finden-Termin-Planer-Funktion\" target=\"_blank\" rel=\"noreferrer noopener\">Termin-Planer<\/a>\u201c zu deiner Kalenderansicht hinzugef\u00fcgt.<\/p>\n\n\n\n<p>Durch Klicken auf die Schaltfl\u00e4che \u201e+\u201c wird ein Seitenbereich ge\u00f6ffnet. Dort kannst du Kund:innen ausw\u00e4hlen, vergangene oder zuk\u00fcnftige Termine schnell nochmal ausw\u00e4hlen und neue Dienstleistungen hinzuf\u00fcgen. Bei allen neu gebuchten Terminen wird automatisch dasselbe Teammitglied ausgew\u00e4hlt. Phorest schl\u00e4gt geeignete Tage und Zeitfenster vor. Und voil\u00e0, der Termin ist erstellt!<\/p>\n\n\n\n<h2 class=\"wp-block-heading\"><strong>Neue und verbesserte Warteliste<\/strong><\/h2>\n\n\n\n<p>Wir haben die Phorest-<a href=\"https:\/\/support.phorest.com\/hc\/de\/articles\/360016456500-Wie-verwendet-man-die-Warteliste-im-Kalender\" target=\"_blank\" rel=\"noreferrer noopener\">Warteliste<\/a> \u00fcberarbeitet, um sie leistungsf\u00e4higer und benutzerfreundlicher zu machen. Die Warteliste enth\u00e4lt nun eine \u00fcbersichtliche Liste aller Kund:innen, die auf einen Termin warten. Sie l\u00e4sst sich leicht nach bestimmten Daten, Uhrzeiten und Teammitgliedern filtern.<\/p>\n\n\n\n<p>Deine Kund:innen k\u00f6nnen angeben, an welchen Tagen sie Zeit haben, oder sie w\u00e4hlen \u201eVormittags\u201c, \u201eNachmittags\u201c oder beides. Du beh\u00e4ltst die \u00dcbersicht und siehst auf einen Blick, wie du ganz einfach die richtigen Termine finden und planen kannst, um deinen Kalender zu f\u00fcllen.<\/p>\n\n\n\n<figure class=\"wp-block-image size-large\"><img loading=\"lazy\" decoding=\"async\" width=\"926\" height=\"456\" src=\"https:\/\/d2dfxqxblmblx4.cloudfront.net\/wp-content\/uploads\/2024\/07\/17083033\/Capture.jpg\" alt=\"\" class=\"wp-image-143634\" srcset=\"https:\/\/d2dfxqxblmblx4.cloudfront.net\/wp-content\/uploads\/2024\/07\/17083033\/Capture.jpg 926w, https:\/\/d2dfxqxblmblx4.cloudfront.net\/wp-content\/uploads\/2024\/07\/17083033\/Capture-300x148.jpg 300w, https:\/\/d2dfxqxblmblx4.cloudfront.net\/wp-content\/uploads\/2024\/07\/17083033\/Capture-768x378.jpg 768w\" sizes=\"auto, (max-width: 926px) 100vw, 926px\" \/><\/figure>\n\n\n\n<h2 class=\"wp-block-heading\"><strong>Neue Schaltfl\u00e4che \u201eWochenwechsel\u201c<\/strong><\/h2>\n\n\n\n<p>Wir haben die Navigation in deinem Terminkalender mit einer \u00fcbersichtlichen Schaltfl\u00e4che zum Wechseln zwischen den Kalenderwochen vereinfacht. Wenn du einen Termin anlegen m\u00f6chtest, kannst du schnell und bequem zu einem beliebigen Zeitpunkt zwischen +2 Wochen und +10 Wochen springen. &nbsp;<\/p>\n\n\n\n<h2 class=\"wp-block-heading\"><strong>Aktionsmen\u00fc im Kalender&nbsp;<\/strong><\/h2>\n\n\n\n<p>Wir haben einige unauff\u00e4llige, aber wirkungsvolle Funktionen hinzugef\u00fcgt, die deine t\u00e4glichen Aufgaben erleichtern. Wenn du beispielsweise mit der Maus \u00fcber einen leeren Termin f\u00e4hrst, wird die Uhrzeit angezeigt. Wenn du darauf klickst, wird ein Aktionsmen\u00fc angezeigt, in dem du entweder einen Termin oder eine Pause hinzuf\u00fcgen kannst.&nbsp;<\/p>\n\n\n\n<p>Wir wissen, wie hektisch es im Salon zugehen kann, deshalb wollten wir die Bearbeitung deines Terminkalenders so einfach wie m\u00f6glich gestalten.<\/p>\n\n\n\n<h2 class=\"wp-block-heading\"><strong>Echtzeit-Updates<\/strong><\/h2>\n\n\n\n<p>Der Kalender zeigt jetzt alle Ver\u00e4nderungen in Echtzeit an. Das bedeutet, wenn jemand einen Termin vom eigenen Ger\u00e4t aus hinzuf\u00fcgt oder \u00e4ndert, wird dies auf allen weiteren Ger\u00e4ten sofort angezeigt. Dies gilt auch f\u00fcr alle eingehenden Online-Buchungen. Manuelles Aktualisieren der Ansicht ist nicht mehr erforderlich!&nbsp;<\/p>\n\n\n\n<p>Dadurch werden versehentliche Doppelbuchungen vermieden und das gesamte Team bleibt up-to-date.<\/p>\n\n\n\n<figure class=\"wp-block-image size-large\"><img loading=\"lazy\" decoding=\"async\" width=\"929\" height=\"460\" src=\"https:\/\/d2dfxqxblmblx4.cloudfront.net\/wp-content\/uploads\/2024\/07\/17083159\/Capture1.jpg\" alt=\"\" class=\"wp-image-143645\" srcset=\"https:\/\/d2dfxqxblmblx4.cloudfront.net\/wp-content\/uploads\/2024\/07\/17083159\/Capture1.jpg 929w, https:\/\/d2dfxqxblmblx4.cloudfront.net\/wp-content\/uploads\/2024\/07\/17083159\/Capture1-300x149.jpg 300w, https:\/\/d2dfxqxblmblx4.cloudfront.net\/wp-content\/uploads\/2024\/07\/17083159\/Capture1-768x380.jpg 768w\" sizes=\"auto, (max-width: 929px) 100vw, 929px\" \/><\/figure>\n\n\n\n<h2 class=\"wp-block-heading\"><strong>Sofortige Updates ohne Unterbrechung<\/strong><\/h2>\n\n\n\n<p>Ab diesem neuesten Upgrade k\u00f6nnen Software-Aktualisierungen im Hintergrund erfolgen, w\u00e4hrend du arbeitest, ohne dass du etwas herunterladen oder Phorest neu starten musst.&nbsp;<\/p>\n\n\n\n<p>Dank dieser neuen Basis erh\u00e4ltst du h\u00e4ufiger neue Phorest-Funktionen und Verbesserungen.<\/p>\n\n\n\n<figure class=\"wp-block-image size-large\"><img loading=\"lazy\" decoding=\"async\" width=\"1024\" height=\"682\" src=\"https:\/\/d2dfxqxblmblx4.cloudfront.net\/wp-content\/uploads\/2024\/10\/10103805\/home-hero-aus_adjusted-size-1024x682.jpeg\" alt=\"2 Frauen an einer Friseursalonrezption, auf dem PC-Bildschirm sieht man den Terminkalender von Phorest Salon Software\" class=\"wp-image-147577\" srcset=\"https:\/\/d2dfxqxblmblx4.cloudfront.net\/wp-content\/uploads\/2024\/10\/10103805\/home-hero-aus_adjusted-size-1024x682.jpeg 1024w, https:\/\/d2dfxqxblmblx4.cloudfront.net\/wp-content\/uploads\/2024\/10\/10103805\/home-hero-aus_adjusted-size-300x200.jpeg 300w, https:\/\/d2dfxqxblmblx4.cloudfront.net\/wp-content\/uploads\/2024\/10\/10103805\/home-hero-aus_adjusted-size-768x512.jpeg 768w, https:\/\/d2dfxqxblmblx4.cloudfront.net\/wp-content\/uploads\/2024\/10\/10103805\/home-hero-aus_adjusted-size.jpeg 1280w\" sizes=\"auto, (max-width: 1024px) 100vw, 1024px\" \/><\/figure>\n\n\n\n<h2 class=\"wp-block-heading\"><strong>Modernisierte Navigation<\/strong><\/h2>\n\n\n\n<p>Du wirst feststellen, dass einige Men\u00fcs und Ansichten ein moderneres Erscheinungsbild erhalten haben. Dabei ist auch Feedback aus der Phorest-Community eingeflossen. Mit den Neuerungen erm\u00f6glichen wir dir einen reibungsloseren und schnelleren Ablauf im Alltag mit deinem Phorest-System.<\/p>\n\n\n\n<p>Keine Sorge, du findest die gleichen Funktionen weiterhin dort, wo du sie normalerweise findest.<\/p>\n\n\n\n<p>Zum Beispiel sind in der Kunden-Ansicht alle Informationen weiterhin vorhanden, aber wir haben sie \u00fcbersichtlich in Untermen\u00fcs sortiert, damit du alles leichter finden kannst.&nbsp;<\/p>\n\n\n\n<p>In den neuen Termin-Details findest du alle wichtigen Informationen, Termin-Historie und Treatcard auf den ersten Blick. Kundennotizen und Terminnotizen sind griffbereit und k\u00f6nnen leicht bearbeitet werden.&nbsp;&nbsp;<\/p>\n\n\n\n<p>Wir hoffen, dass euch die neuesten Funktionen, die diesem Upgrade hinzugef\u00fcgt wurden, gefallen. Wenn ihr Fragen habt, wendet euch bitte an eure:n Business Advisor:in.<\/p>\n","protected":false},"excerpt":{"rendered":"<p>Was ist neu in Phorest? Erfahre mehr im Video! Wir wissen, dass dein Tagesablauf immer hektischer wird. Deshalb haben wir unsere Software weiterentwickelt, damit du und dein Team so effizient wie m\u00f6glich arbeiten k\u00f6nnen. Wir wissen auch, dass Unternehmen mit Phorest in dieser schnelllebigen Branche immer einen Schritt voraus sein wollen.&nbsp; Hier erf\u00e4hrst du, warum &hellip; <a href=\"https:\/\/www.phorest.com\/de\/phorest-neustes-upgrade\/\">Continued<\/a><\/p>\n","protected":false},"author":40060,"featured_media":0,"parent":0,"menu_order":0,"comment_status":"closed","ping_status":"closed","template":"","meta":{"_acf_changed":false,"footnotes":""},"class_list":["post-147576","page","type-page","status-publish","hentry"],"acf":[],"yoast_head":"<!-- This site is optimized with the Yoast SEO plugin v25.1 - https:\/\/yoast.com\/wordpress\/plugins\/seo\/ -->\n<title>Phorests neustes Upgrade | Phorest<\/title>\n<meta name=\"robots\" content=\"index, follow, max-snippet:-1, max-image-preview:large, max-video-preview:-1\" \/>\n<link rel=\"canonical\" href=\"https:\/\/www.phorest.com\/de\/phorest-neustes-upgrade\/\" \/>\n<meta property=\"og:locale\" content=\"de_DE\" \/>\n<meta property=\"og:type\" content=\"article\" \/>\n<meta property=\"og:title\" content=\"Phorests neustes Upgrade | Phorest\" \/>\n<meta property=\"og:description\" content=\"Was ist neu in Phorest? Erfahre mehr im Video! Wir wissen, dass dein Tagesablauf immer hektischer wird. Deshalb haben wir unsere Software weiterentwickelt, damit du und dein Team so effizient wie m\u00f6glich arbeiten k\u00f6nnen. Wir wissen auch, dass Unternehmen mit Phorest in dieser schnelllebigen Branche immer einen Schritt voraus sein wollen.&nbsp; Hier erf\u00e4hrst du, warum &hellip; Continued\" \/>\n<meta property=\"og:url\" content=\"https:\/\/www.phorest.com\/de\/phorest-neustes-upgrade\/\" \/>\n<meta property=\"og:site_name\" content=\"Phorest\" \/>\n<meta property=\"article:publisher\" content=\"https:\/\/www.facebook.com\/phorestsalonsoftware\" \/>\n<meta property=\"article:modified_time\" content=\"2025-01-07T09:48:48+00:00\" \/>\n<meta property=\"og:image\" content=\"https:\/\/d2dfxqxblmblx4.cloudfront.net\/images\/logos\/phorest-acorn-logo.png\" \/>\n<meta name=\"twitter:card\" content=\"summary_large_image\" \/>\n<meta name=\"twitter:image\" content=\"https:\/\/d2dfxqxblmblx4.cloudfront.net\/images\/logos\/phorest-acorn-logo.png\" \/>\n<meta name=\"twitter:site\" content=\"@thephorestword\" \/>\n<meta name=\"twitter:label1\" content=\"Est. reading time\" \/>\n\t<meta name=\"twitter:data1\" content=\"4 minutes\" \/>\n<script type=\"application\/ld+json\" class=\"yoast-schema-graph\">{\"@context\":\"https:\/\/schema.org\",\"@graph\":[{\"@type\":\"WebPage\",\"@id\":\"https:\/\/www.phorest.com\/de\/phorest-neustes-upgrade\/\",\"url\":\"https:\/\/www.phorest.com\/de\/phorest-neustes-upgrade\/\",\"name\":\"Phorests neustes Upgrade | Phorest\",\"isPartOf\":{\"@id\":\"https:\/\/www.phorest.com\/de\/#website\"},\"primaryImageOfPage\":{\"@id\":\"https:\/\/www.phorest.com\/de\/phorest-neustes-upgrade\/#primaryimage\"},\"image\":{\"@id\":\"https:\/\/www.phorest.com\/de\/phorest-neustes-upgrade\/#primaryimage\"},\"thumbnailUrl\":\"https:\/\/www.phorest.com\/wp-content\/uploads\/2024\/07\/Capture.jpg\",\"datePublished\":\"2024-10-10T10:47:22+00:00\",\"dateModified\":\"2025-01-07T09:48:48+00:00\",\"breadcrumb\":{\"@id\":\"https:\/\/www.phorest.com\/de\/phorest-neustes-upgrade\/#breadcrumb\"},\"inLanguage\":\"de\",\"potentialAction\":[{\"@type\":\"ReadAction\",\"target\":[\"https:\/\/www.phorest.com\/de\/phorest-neustes-upgrade\/\"]}]},{\"@type\":\"ImageObject\",\"inLanguage\":\"de\",\"@id\":\"https:\/\/www.phorest.com\/de\/phorest-neustes-upgrade\/#primaryimage\",\"url\":\"https:\/\/www.phorest.com\/wp-content\/uploads\/2024\/07\/Capture.jpg\",\"contentUrl\":\"https:\/\/www.phorest.com\/wp-content\/uploads\/2024\/07\/Capture.jpg\"},{\"@type\":\"BreadcrumbList\",\"@id\":\"https:\/\/www.phorest.com\/de\/phorest-neustes-upgrade\/#breadcrumb\",\"itemListElement\":[{\"@type\":\"ListItem\",\"position\":1,\"name\":\"Home\",\"item\":\"https:\/\/www.phorest.com\/de\/\"},{\"@type\":\"ListItem\",\"position\":2,\"name\":\"Phorests neustes Upgrade\"}]},{\"@type\":\"WebSite\",\"@id\":\"https:\/\/www.phorest.com\/de\/#website\",\"url\":\"https:\/\/www.phorest.com\/de\/\",\"name\":\"Phorest\",\"description\":\"Salon Software - Hair &amp; Beauty - UK for Spa Management &amp; Appointments\",\"publisher\":{\"@id\":\"https:\/\/www.phorest.com\/de\/#organization\"},\"potentialAction\":[{\"@type\":\"SearchAction\",\"target\":{\"@type\":\"EntryPoint\",\"urlTemplate\":\"https:\/\/www.phorest.com\/de\/?s={search_term_string}\"},\"query-input\":{\"@type\":\"PropertyValueSpecification\",\"valueRequired\":true,\"valueName\":\"search_term_string\"}}],\"inLanguage\":\"de\"},{\"@type\":\"Organization\",\"@id\":\"https:\/\/www.phorest.com\/de\/#organization\",\"name\":\"Phorest Salon Software\",\"url\":\"https:\/\/www.phorest.com\/de\/\",\"logo\":{\"@type\":\"ImageObject\",\"inLanguage\":\"de\",\"@id\":\"https:\/\/www.phorest.com\/de\/#\/schema\/logo\/image\/\",\"url\":\"https:\/\/d2dfxqxblmblx4.cloudfront.net\/wp-content\/uploads\/2019\/10\/24141402\/phorest-acorn-logo1.png\",\"contentUrl\":\"https:\/\/d2dfxqxblmblx4.cloudfront.net\/wp-content\/uploads\/2019\/10\/24141402\/phorest-acorn-logo1.png\",\"width\":201,\"height\":202,\"caption\":\"Phorest Salon Software\"},\"image\":{\"@id\":\"https:\/\/www.phorest.com\/de\/#\/schema\/logo\/image\/\"},\"sameAs\":[\"https:\/\/www.facebook.com\/phorestsalonsoftware\",\"https:\/\/x.com\/thephorestword\",\"https:\/\/instagram.com\/phorest_salon_software\",\"https:\/\/www.linkedin.com\/company\/phorest?trk=company_name\",\"https:\/\/www.pinterest.com\/phorestss\/\",\"https:\/\/plus.google.com\/u\/0\/b\/101418954139594616916\/101418954139594616916\/posts\/p\/pub\"]}]}<\/script>\n<!-- \/ Yoast SEO plugin. -->","yoast_head_json":{"title":"Phorests neustes Upgrade | Phorest","robots":{"index":"index","follow":"follow","max-snippet":"max-snippet:-1","max-image-preview":"max-image-preview:large","max-video-preview":"max-video-preview:-1"},"canonical":"https:\/\/www.phorest.com\/de\/phorest-neustes-upgrade\/","og_locale":"de_DE","og_type":"article","og_title":"Phorests neustes Upgrade | Phorest","og_description":"Was ist neu in Phorest? Erfahre mehr im Video! Wir wissen, dass dein Tagesablauf immer hektischer wird. Deshalb haben wir unsere Software weiterentwickelt, damit du und dein Team so effizient wie m\u00f6glich arbeiten k\u00f6nnen. Wir wissen auch, dass Unternehmen mit Phorest in dieser schnelllebigen Branche immer einen Schritt voraus sein wollen.&nbsp; Hier erf\u00e4hrst du, warum &hellip; Continued","og_url":"https:\/\/www.phorest.com\/de\/phorest-neustes-upgrade\/","og_site_name":"Phorest","article_publisher":"https:\/\/www.facebook.com\/phorestsalonsoftware","article_modified_time":"2025-01-07T09:48:48+00:00","og_image":[{"url":"https:\/\/d2dfxqxblmblx4.cloudfront.net\/images\/logos\/phorest-acorn-logo.png","type":"","width":"","height":""}],"twitter_card":"summary_large_image","twitter_image":"https:\/\/d2dfxqxblmblx4.cloudfront.net\/images\/logos\/phorest-acorn-logo.png","twitter_site":"@thephorestword","twitter_misc":{"Est. reading time":"4 minutes"},"schema":{"@context":"https:\/\/schema.org","@graph":[{"@type":"WebPage","@id":"https:\/\/www.phorest.com\/de\/phorest-neustes-upgrade\/","url":"https:\/\/www.phorest.com\/de\/phorest-neustes-upgrade\/","name":"Phorests neustes Upgrade | Phorest","isPartOf":{"@id":"https:\/\/www.phorest.com\/de\/#website"},"primaryImageOfPage":{"@id":"https:\/\/www.phorest.com\/de\/phorest-neustes-upgrade\/#primaryimage"},"image":{"@id":"https:\/\/www.phorest.com\/de\/phorest-neustes-upgrade\/#primaryimage"},"thumbnailUrl":"https:\/\/www.phorest.com\/wp-content\/uploads\/2024\/07\/Capture.jpg","datePublished":"2024-10-10T10:47:22+00:00","dateModified":"2025-01-07T09:48:48+00:00","breadcrumb":{"@id":"https:\/\/www.phorest.com\/de\/phorest-neustes-upgrade\/#breadcrumb"},"inLanguage":"de","potentialAction":[{"@type":"ReadAction","target":["https:\/\/www.phorest.com\/de\/phorest-neustes-upgrade\/"]}]},{"@type":"ImageObject","inLanguage":"de","@id":"https:\/\/www.phorest.com\/de\/phorest-neustes-upgrade\/#primaryimage","url":"https:\/\/www.phorest.com\/wp-content\/uploads\/2024\/07\/Capture.jpg","contentUrl":"https:\/\/www.phorest.com\/wp-content\/uploads\/2024\/07\/Capture.jpg"},{"@type":"BreadcrumbList","@id":"https:\/\/www.phorest.com\/de\/phorest-neustes-upgrade\/#breadcrumb","itemListElement":[{"@type":"ListItem","position":1,"name":"Home","item":"https:\/\/www.phorest.com\/de\/"},{"@type":"ListItem","position":2,"name":"Phorests neustes Upgrade"}]},{"@type":"WebSite","@id":"https:\/\/www.phorest.com\/de\/#website","url":"https:\/\/www.phorest.com\/de\/","name":"Phorest","description":"Salon Software - Hair &amp; Beauty - UK for Spa Management &amp; Appointments","publisher":{"@id":"https:\/\/www.phorest.com\/de\/#organization"},"potentialAction":[{"@type":"SearchAction","target":{"@type":"EntryPoint","urlTemplate":"https:\/\/www.phorest.com\/de\/?s={search_term_string}"},"query-input":{"@type":"PropertyValueSpecification","valueRequired":true,"valueName":"search_term_string"}}],"inLanguage":"de"},{"@type":"Organization","@id":"https:\/\/www.phorest.com\/de\/#organization","name":"Phorest Salon Software","url":"https:\/\/www.phorest.com\/de\/","logo":{"@type":"ImageObject","inLanguage":"de","@id":"https:\/\/www.phorest.com\/de\/#\/schema\/logo\/image\/","url":"https:\/\/d2dfxqxblmblx4.cloudfront.net\/wp-content\/uploads\/2019\/10\/24141402\/phorest-acorn-logo1.png","contentUrl":"https:\/\/d2dfxqxblmblx4.cloudfront.net\/wp-content\/uploads\/2019\/10\/24141402\/phorest-acorn-logo1.png","width":201,"height":202,"caption":"Phorest Salon Software"},"image":{"@id":"https:\/\/www.phorest.com\/de\/#\/schema\/logo\/image\/"},"sameAs":["https:\/\/www.facebook.com\/phorestsalonsoftware","https:\/\/x.com\/thephorestword","https:\/\/instagram.com\/phorest_salon_software","https:\/\/www.linkedin.com\/company\/phorest?trk=company_name","https:\/\/www.pinterest.com\/phorestss\/","https:\/\/plus.google.com\/u\/0\/b\/101418954139594616916\/101418954139594616916\/posts\/p\/pub"]}]}},"_links":{"self":[{"href":"https:\/\/www.phorest.com\/de\/wp-json\/wp\/v2\/pages\/147576","targetHints":{"allow":["GET"]}}],"collection":[{"href":"https:\/\/www.phorest.com\/de\/wp-json\/wp\/v2\/pages"}],"about":[{"href":"https:\/\/www.phorest.com\/de\/wp-json\/wp\/v2\/types\/page"}],"author":[{"embeddable":true,"href":"https:\/\/www.phorest.com\/de\/wp-json\/wp\/v2\/users\/40060"}],"replies":[{"embeddable":true,"href":"https:\/\/www.phorest.com\/de\/wp-json\/wp\/v2\/comments?post=147576"}],"version-history":[{"count":5,"href":"https:\/\/www.phorest.com\/de\/wp-json\/wp\/v2\/pages\/147576\/revisions"}],"predecessor-version":[{"id":149631,"href":"https:\/\/www.phorest.com\/de\/wp-json\/wp\/v2\/pages\/147576\/revisions\/149631"}],"wp:attachment":[{"href":"https:\/\/www.phorest.com\/de\/wp-json\/wp\/v2\/media?parent=147576"}],"curies":[{"name":"wp","href":"https:\/\/api.w.org\/{rel}","templated":true}]}}