{"id":150752,"date":"2020-02-18T09:53:25","date_gmt":"2020-02-18T09:53:25","guid":{"rendered":"https:\/\/www.phorest.com\/compare\/"},"modified":"2025-10-07T14:29:05","modified_gmt":"2025-10-07T14:29:05","slug":"phorest-im-vergleich","status":"publish","type":"page","link":"https:\/\/www.phorest.com\/de\/phorest-im-vergleich\/","title":{"rendered":"Phorest im Vergleich"},"content":{"rendered":"\n<p>Entscheidungen treffen kann herausfordernd sein, besonders wenn es um die richtige Software f\u00fcr deinen Salon oder Kosmetikinstitut geht. Bei Phorest verstehen wir deine Bed\u00fcrfnisse als Unternehmer:in und m\u00f6chten dir helfen, die beste Wahl zu treffen. Deshalb bieten wir dir einen umfassenden Vergleich zwischen unserer L\u00f6sung und den besten Angeboten unserer Mitbewerber.<\/p>\n\n\n\n<p>Mit Phorest erh\u00e4ltst du nicht nur eine leistungsstarke und benutzerfreundliche Software f\u00fcr die Beauty-Branche, sondern auch Zugang zu einzigartigen Funktionen, die speziell darauf ausgelegt sind, deinen Gesch\u00e4ftsalltag zu erleichtern. Unsere Marketing-Tools, Online-Buchungsoptionen und das integrierte Kassensystem sind so gestaltet, dass sie dir Zeit sparen und gleichzeitig deine Ums\u00e4tze steigern.<\/p>\n\n\n\n<p>Indem du dich \u00fcber die verschiedenen Angebote informierst, kannst du sicherstellen, dass du die L\u00f6sung findest, die perfekt zu deinem Unternehmen passt. Wir laden dich ein, unsere Vergleiche durchzugehen und selbst zu sehen, wie Phorest sich von der Konkurrenz abhebt. Triff jetzt eine informierte Entscheidung und setze auf eine Software, die dir hilft, kreativ zu sein und dein Gesch\u00e4ft zum Bl\u00fchen zu bringen!<\/p>\n","protected":false},"excerpt":{"rendered":"<p>Entscheidungen treffen kann herausfordernd sein, besonders wenn es um die richtige Software f\u00fcr deinen Salon oder Kosmetikinstitut geht. Bei Phorest verstehen wir deine Bed\u00fcrfnisse als Unternehmer:in und m\u00f6chten dir helfen, die beste Wahl zu treffen. Deshalb bieten wir dir einen umfassenden Vergleich zwischen unserer L\u00f6sung und den besten Angeboten unserer Mitbewerber. Mit Phorest erh\u00e4ltst du &hellip; <a href=\"https:\/\/www.phorest.com\/de\/phorest-im-vergleich\/\">Continued<\/a><\/p>\n","protected":false},"author":40058,"featured_media":0,"parent":0,"menu_order":0,"comment_status":"closed","ping_status":"closed","template":"views\/template-compare.blade.php","meta":{"_acf_changed":false,"footnotes":""},"class_list":["post-150752","page","type-page","status-publish","hentry"],"acf":[],"yoast_head":"<!-- This site is optimized with the Yoast SEO plugin v25.1 - https:\/\/yoast.com\/wordpress\/plugins\/seo\/ -->\n<title>Der Software Vergleich | Welches ist die beste Software f\u00fcr dich?<\/title>\n<meta name=\"description\" content=\"Vergleiche das Top-Paket von Phorest mit den besten Angeboten anderer Software-Anbieter und triff eine fundierte Entscheidung f\u00fcr dein Business.\" \/>\n<meta name=\"robots\" content=\"index, follow, max-snippet:-1, max-image-preview:large, max-video-preview:-1\" \/>\n<link rel=\"canonical\" href=\"https:\/\/www.phorest.com\/de\/phorest-im-vergleich\/\" \/>\n<meta property=\"og:locale\" content=\"de_DE\" \/>\n<meta property=\"og:type\" content=\"article\" \/>\n<meta property=\"og:title\" content=\"Der Software Vergleich | Welches ist die beste Software f\u00fcr dich?\" \/>\n<meta property=\"og:description\" content=\"Vergleiche das Top-Paket von Phorest mit den besten Angeboten anderer Software-Anbieter und triff eine fundierte Entscheidung f\u00fcr dein Business.\" \/>\n<meta property=\"og:url\" content=\"https:\/\/www.phorest.com\/de\/phorest-im-vergleich\/\" \/>\n<meta property=\"og:site_name\" content=\"Phorest\" \/>\n<meta property=\"article:publisher\" content=\"https:\/\/www.facebook.com\/phorestsalonsoftware\" \/>\n<meta property=\"article:modified_time\" content=\"2025-10-07T14:29:05+00:00\" \/>\n<meta property=\"og:image\" content=\"https:\/\/d2dfxqxblmblx4.cloudfront.net\/images\/logos\/phorest-acorn-logo.png\" \/>\n\t<meta property=\"og:image:width\" content=\"300\" \/>\n\t<meta property=\"og:image:height\" content=\"300\" \/>\n\t<meta property=\"og:image:type\" content=\"image\/png\" \/>\n<meta name=\"twitter:card\" content=\"summary_large_image\" \/>\n<meta name=\"twitter:image\" content=\"https:\/\/d2dfxqxblmblx4.cloudfront.net\/images\/logos\/phorest-acorn-logo.png\" \/>\n<meta name=\"twitter:site\" content=\"@thephorestword\" \/>\n<meta name=\"twitter:label1\" content=\"Est. reading time\" \/>\n\t<meta name=\"twitter:data1\" content=\"1 minute\" \/>\n<script type=\"application\/ld+json\" class=\"yoast-schema-graph\">{\"@context\":\"https:\/\/schema.org\",\"@graph\":[{\"@type\":\"WebPage\",\"@id\":\"https:\/\/www.phorest.com\/de\/phorest-im-vergleich\/\",\"url\":\"https:\/\/www.phorest.com\/de\/phorest-im-vergleich\/\",\"name\":\"Der Software Vergleich | Welches ist die beste Software f\u00fcr dich?\",\"isPartOf\":{\"@id\":\"https:\/\/www.phorest.com\/de\/#website\"},\"datePublished\":\"2020-02-18T09:53:25+00:00\",\"dateModified\":\"2025-10-07T14:29:05+00:00\",\"description\":\"Vergleiche das Top-Paket von Phorest mit den besten Angeboten anderer Software-Anbieter und triff eine fundierte Entscheidung f\u00fcr dein Business.\",\"breadcrumb\":{\"@id\":\"https:\/\/www.phorest.com\/de\/phorest-im-vergleich\/#breadcrumb\"},\"inLanguage\":\"de\",\"potentialAction\":[{\"@type\":\"ReadAction\",\"target\":[\"https:\/\/www.phorest.com\/de\/phorest-im-vergleich\/\"]}]},{\"@type\":\"BreadcrumbList\",\"@id\":\"https:\/\/www.phorest.com\/de\/phorest-im-vergleich\/#breadcrumb\",\"itemListElement\":[{\"@type\":\"ListItem\",\"position\":1,\"name\":\"Home\",\"item\":\"https:\/\/www.phorest.com\/de\/\"},{\"@type\":\"ListItem\",\"position\":2,\"name\":\"Phorest im Vergleich\"}]},{\"@type\":\"WebSite\",\"@id\":\"https:\/\/www.phorest.com\/de\/#website\",\"url\":\"https:\/\/www.phorest.com\/de\/\",\"name\":\"Phorest\",\"description\":\"Salon Software - Hair &amp; Beauty - UK for Spa Management &amp; Appointments\",\"publisher\":{\"@id\":\"https:\/\/www.phorest.com\/de\/#organization\"},\"potentialAction\":[{\"@type\":\"SearchAction\",\"target\":{\"@type\":\"EntryPoint\",\"urlTemplate\":\"https:\/\/www.phorest.com\/de\/?s={search_term_string}\"},\"query-input\":{\"@type\":\"PropertyValueSpecification\",\"valueRequired\":true,\"valueName\":\"search_term_string\"}}],\"inLanguage\":\"de\"},{\"@type\":\"Organization\",\"@id\":\"https:\/\/www.phorest.com\/de\/#organization\",\"name\":\"Phorest Salon Software\",\"url\":\"https:\/\/www.phorest.com\/de\/\",\"logo\":{\"@type\":\"ImageObject\",\"inLanguage\":\"de\",\"@id\":\"https:\/\/www.phorest.com\/de\/#\/schema\/logo\/image\/\",\"url\":\"https:\/\/d2dfxqxblmblx4.cloudfront.net\/wp-content\/uploads\/2019\/10\/24141402\/phorest-acorn-logo1.png\",\"contentUrl\":\"https:\/\/d2dfxqxblmblx4.cloudfront.net\/wp-content\/uploads\/2019\/10\/24141402\/phorest-acorn-logo1.png\",\"width\":201,\"height\":202,\"caption\":\"Phorest Salon Software\"},\"image\":{\"@id\":\"https:\/\/www.phorest.com\/de\/#\/schema\/logo\/image\/\"},\"sameAs\":[\"https:\/\/www.facebook.com\/phorestsalonsoftware\",\"https:\/\/x.com\/thephorestword\",\"https:\/\/instagram.com\/phorest_salon_software\",\"https:\/\/www.linkedin.com\/company\/phorest?trk=company_name\",\"https:\/\/www.pinterest.com\/phorestss\/\",\"https:\/\/plus.google.com\/u\/0\/b\/101418954139594616916\/101418954139594616916\/posts\/p\/pub\"]}]}<\/script>\n<!-- \/ Yoast SEO plugin. -->","yoast_head_json":{"title":"Der Software Vergleich | Welches ist die beste Software f\u00fcr dich?","description":"Vergleiche das Top-Paket von Phorest mit den besten Angeboten anderer Software-Anbieter und triff eine fundierte Entscheidung f\u00fcr dein Business.","robots":{"index":"index","follow":"follow","max-snippet":"max-snippet:-1","max-image-preview":"max-image-preview:large","max-video-preview":"max-video-preview:-1"},"canonical":"https:\/\/www.phorest.com\/de\/phorest-im-vergleich\/","og_locale":"de_DE","og_type":"article","og_title":"Der Software Vergleich | Welches ist die beste Software f\u00fcr dich?","og_description":"Vergleiche das Top-Paket von Phorest mit den besten Angeboten anderer Software-Anbieter und triff eine fundierte Entscheidung f\u00fcr dein Business.","og_url":"https:\/\/www.phorest.com\/de\/phorest-im-vergleich\/","og_site_name":"Phorest","article_publisher":"https:\/\/www.facebook.com\/phorestsalonsoftware","article_modified_time":"2025-10-07T14:29:05+00:00","og_image":[{"width":300,"height":300,"url":"https:\/\/d2dfxqxblmblx4.cloudfront.net\/images\/logos\/phorest-acorn-logo.png","type":"image\/png"}],"twitter_card":"summary_large_image","twitter_image":"https:\/\/d2dfxqxblmblx4.cloudfront.net\/images\/logos\/phorest-acorn-logo.png","twitter_site":"@thephorestword","twitter_misc":{"Est. reading time":"1 minute"},"schema":{"@context":"https:\/\/schema.org","@graph":[{"@type":"WebPage","@id":"https:\/\/www.phorest.com\/de\/phorest-im-vergleich\/","url":"https:\/\/www.phorest.com\/de\/phorest-im-vergleich\/","name":"Der Software Vergleich | Welches ist die beste Software f\u00fcr dich?","isPartOf":{"@id":"https:\/\/www.phorest.com\/de\/#website"},"datePublished":"2020-02-18T09:53:25+00:00","dateModified":"2025-10-07T14:29:05+00:00","description":"Vergleiche das Top-Paket von Phorest mit den besten Angeboten anderer Software-Anbieter und triff eine fundierte Entscheidung f\u00fcr dein Business.","breadcrumb":{"@id":"https:\/\/www.phorest.com\/de\/phorest-im-vergleich\/#breadcrumb"},"inLanguage":"de","potentialAction":[{"@type":"ReadAction","target":["https:\/\/www.phorest.com\/de\/phorest-im-vergleich\/"]}]},{"@type":"BreadcrumbList","@id":"https:\/\/www.phorest.com\/de\/phorest-im-vergleich\/#breadcrumb","itemListElement":[{"@type":"ListItem","position":1,"name":"Home","item":"https:\/\/www.phorest.com\/de\/"},{"@type":"ListItem","position":2,"name":"Phorest im Vergleich"}]},{"@type":"WebSite","@id":"https:\/\/www.phorest.com\/de\/#website","url":"https:\/\/www.phorest.com\/de\/","name":"Phorest","description":"Salon Software - Hair &amp; Beauty - UK for Spa Management &amp; Appointments","publisher":{"@id":"https:\/\/www.phorest.com\/de\/#organization"},"potentialAction":[{"@type":"SearchAction","target":{"@type":"EntryPoint","urlTemplate":"https:\/\/www.phorest.com\/de\/?s={search_term_string}"},"query-input":{"@type":"PropertyValueSpecification","valueRequired":true,"valueName":"search_term_string"}}],"inLanguage":"de"},{"@type":"Organization","@id":"https:\/\/www.phorest.com\/de\/#organization","name":"Phorest Salon Software","url":"https:\/\/www.phorest.com\/de\/","logo":{"@type":"ImageObject","inLanguage":"de","@id":"https:\/\/www.phorest.com\/de\/#\/schema\/logo\/image\/","url":"https:\/\/d2dfxqxblmblx4.cloudfront.net\/wp-content\/uploads\/2019\/10\/24141402\/phorest-acorn-logo1.png","contentUrl":"https:\/\/d2dfxqxblmblx4.cloudfront.net\/wp-content\/uploads\/2019\/10\/24141402\/phorest-acorn-logo1.png","width":201,"height":202,"caption":"Phorest Salon Software"},"image":{"@id":"https:\/\/www.phorest.com\/de\/#\/schema\/logo\/image\/"},"sameAs":["https:\/\/www.facebook.com\/phorestsalonsoftware","https:\/\/x.com\/thephorestword","https:\/\/instagram.com\/phorest_salon_software","https:\/\/www.linkedin.com\/company\/phorest?trk=company_name","https:\/\/www.pinterest.com\/phorestss\/","https:\/\/plus.google.com\/u\/0\/b\/101418954139594616916\/101418954139594616916\/posts\/p\/pub"]}]}},"_links":{"self":[{"href":"https:\/\/www.phorest.com\/de\/wp-json\/wp\/v2\/pages\/150752","targetHints":{"allow":["GET"]}}],"collection":[{"href":"https:\/\/www.phorest.com\/de\/wp-json\/wp\/v2\/pages"}],"about":[{"href":"https:\/\/www.phorest.com\/de\/wp-json\/wp\/v2\/types\/page"}],"author":[{"embeddable":true,"href":"https:\/\/www.phorest.com\/de\/wp-json\/wp\/v2\/users\/40058"}],"replies":[{"embeddable":true,"href":"https:\/\/www.phorest.com\/de\/wp-json\/wp\/v2\/comments?post=150752"}],"version-history":[{"count":6,"href":"https:\/\/www.phorest.com\/de\/wp-json\/wp\/v2\/pages\/150752\/revisions"}],"predecessor-version":[{"id":159695,"href":"https:\/\/www.phorest.com\/de\/wp-json\/wp\/v2\/pages\/150752\/revisions\/159695"}],"wp:attachment":[{"href":"https:\/\/www.phorest.com\/de\/wp-json\/wp\/v2\/media?parent=150752"}],"curies":[{"name":"wp","href":"https:\/\/api.w.org\/{rel}","templated":true}]}}