{"id":58974,"date":"2019-04-15T13:11:31","date_gmt":"2019-04-15T13:11:31","guid":{"rendered":"https:\/\/www.phorest.com\/privacy\/"},"modified":"2025-03-12T13:05:40","modified_gmt":"2025-03-12T13:05:40","slug":"datenschutz","status":"publish","type":"page","link":"https:\/\/www.phorest.com\/de\/datenschutz\/","title":{"rendered":"Privacy"},"content":{"rendered":"\n<h2 class=\"wp-block-heading\">Einf\u00fchrung<\/h2>\n\n\n\n<p>Phorest Salon Software (\u201ewir\u201c, \u201eunser\u201c oder \u201euns\u201c) verpflichtet sich, Ihre Privatsph\u00e4re zu sch\u00fctzen und zu respektieren. Diese Datenschutzrichtlinie erl\u00e4utert, wie wir Ihre Informationen erfassen, nutzen, offenlegen und sch\u00fctzen, wenn Sie unsere Website https:\/\/www.phorest.com\/de\/ besuchen. Bitte lesen Sie diese Richtlinie sorgf\u00e4ltig durch, um unsere Ansichten und Praktiken in Bezug auf Ihre pers\u00f6nlichen Daten und deren Behandlung zu verstehen.<\/p>\n\n\n\n<h3 class=\"wp-block-heading\">Verwendung von Drittanbieterdiensten<\/h3>\n\n\n\n<p>Wir nutzen Dienste von Drittanbietern, einschlie\u00dflich Google Analytics und Google Ads, um unseren Website-Traffic besser zu verstehen und gezielte Werbung bereitzustellen. Diese Dienste erfassen Daten wie Ihre IP-Adresse, Ihren Browsertyp und die von Ihnen besuchten Seiten auf unserer Website. Weitere Informationen dar\u00fcber, wie Google Daten erfasst und verarbeitet, finden Sie in der <a href=\"https:\/\/business.safety.google\/privacy\/\" target=\"_blank\" rel=\"noreferrer noopener\">Datenschutzrichtlinie<\/a> von Google.<\/p>\n\n\n\n<h3 class=\"wp-block-heading\"><a href=\"https:\/\/d2dfxqxblmblx4.cloudfront.net\/wp-content\/uploads\/2018\/05\/25174157\/phorest_privacy_notice_deutsch.pdf\">Phorest Datenschutzerkl\u00e4rung<\/a> -deutsch<\/h3>\n\n\n\n<h2 class=\"wp-block-heading\"><strong>Informationen \u00fcber unsere Verwendung von Cookies<\/strong><\/h2>\n\n\n\n<p><a href=\"https:\/\/d2dfxqxblmblx4.cloudfront.net\/wp-content\/uploads\/2018\/05\/25174157\/phorest_privacy_notice_deutsch.pdf\">Diese Cookie-Richtlinie sollte in Verbindung mit unserer Datenschutzrichtlinie gelesen werden.<\/a><\/p>\n\n\n\n<h2 class=\"wp-block-heading\"><strong>Was sind Cookies?<\/strong><\/h2>\n\n\n\n<p>Cookies sind kleine Datens\u00e4tze, die im Browser auf Ihrem Computer oder mobilen Ger\u00e4t abgelegt werden, wenn Sie eine Website besuchen und deren Funktionen nutzen oder eine Applikation verwenden. Cookies werden von Online-Dienstleistern weithin verwendet, um die Interaktion mit den Nutzern schneller und einfacher zu gestalten (indem sie uns helfen, zwischen Ihnen und anderen Nutzern zu unterscheiden und es uns erm\u00f6glichen, Dinge wie Ihre Einstellungen und Pr\u00e4ferenzen abzurufen), sowie um die Bereitstellung von Informationen zur Berichterstattung und Online-Marketing zu erleichtern.<\/p>\n\n\n\n<p>Die von Phorest auf dieser Website gesetzten Cookies werden als &#8220;First Party Cookies&#8221; bezeichnet. Cookies auf der Website, die von anderen Parteien als Phorest gesetzt werden, werden als &#8221; Third-Party-Cookies &#8221; bezeichnet. Third Party Cookies erm\u00f6glichen die Bereitstellung von Funktionen oder Funktionalit\u00e4ten von Drittanbietern auf oder durch die Website (z.B. interaktive Inhalte und Analysen).<\/p>\n\n\n\n<h2 class=\"wp-block-heading\"><strong>Warum verwenden wir Cookies?<\/strong><\/h2>\n\n\n\n<p>Wir verwenden auf unserer Website First-Party- und\/oder Third-Party-Cookies f\u00fcr verschiedene Zwecke, wie zum Beispiel<\/p>\n\n\n\n<ul class=\"wp-block-list\"><li>um Ihre Erfahrung mit unserer\/unseren Webseite\/n zu verbessern und eine schnellere und einfachere Navigation zu erm\u00f6glichen<\/li><li>um es uns zu erm\u00f6glichen, eine ma\u00dfgeschneiderte Benutzererfahrung f\u00fcr Sie zu schaffen und zu verstehen, was f\u00fcr Sie n\u00fctzlich oder von Interesse ist<\/li><li>um zu analysieren, wie unsere Website genutzt wird und wie wir sie am besten anpassen k\u00f6nnen<\/li><li>um zu wissen, dass Sie wichtige Informationen gesehen haben, damit wir sie Ihnen nicht noch einmal zeigen, wenn Sie dies bevorzugen.<\/li><\/ul>\n\n\n\n<h2 class=\"wp-block-heading\"><strong>Wir verwenden die folgenden Arten von Cookies:<\/strong><\/h2>\n\n\n\n<p><strong>Notwendige Cookies<\/strong> sind unerl\u00e4sslich, damit Sie auf der Website surfen und unsere Funktionen nutzen k\u00f6nnen. Diese Cookies helfen uns zu wissen, ob Sie Inhalte bereits gesehen haben, die wir Ihnen nicht mehr zeigen wollen, und einige Ihrer Pr\u00e4ferenzen f\u00fcr weitere Besuche zu behalten (z.B. das Cookie-Banner), ohne pers\u00f6nliche Informationen von Ihnen zu speichern.<\/p>\n\n\n\n<p><strong>Pr\u00e4ferenz-Cookies<\/strong>, auch als Funktionalit\u00e4ts-Cookies bekannt, erm\u00f6glichen es einer Website, sich an Entscheidungen zu erinnern, die Sie in der Vergangenheit getroffen haben, oder an die Inhalte, f\u00fcr die Sie sich angemeldet haben, um sie zu sehen, so dass Sie uns Ihre Angaben nicht erneut geben m\u00fcssen.<br><\/p>\n\n\n\n<p><strong>Statistik-Cookies<\/strong>, auch bekannt als Performance-Cookies, sammeln Informationen dar\u00fcber, wie Sie eine Website nutzen, z.B. welche Seiten Sie besucht haben und auf welche Links Sie geklickt haben. Keine dieser Informationen kann verwendet werden, um Sie zu identifizieren. Sie sind alle zusammengetragen und daher anonymisiert. Ihr einziger Zweck ist die Verbesserung der Website-Funktionen.<\/p>\n\n\n\n<p>Bitte beachten Sie, dass auch Drittanbieter Cookies verwenden k\u00f6nnen, \u00fcber die wir keine Kontrolle haben. Bei diesen Cookies handelt es sich wahrscheinlich um Analyse-\/Leistungs-Cookies oder Targeting-Cookies.<\/p>\n\n\n\n<h3 class=\"wp-block-heading\">Datenerfassung und -nutzung<\/h3>\n\n\n\n<p>Wir erfassen verschiedene Arten von Informationen im Zusammenhang mit den von uns angebotenen Dienstleistungen, darunter:<\/p>\n\n\n\n<p>\u2022 Pers\u00f6nliche Identifikationsinformationen: Zum Beispiel Name, E-Mail-Adresse, Telefonnummer usw.<\/p>\n\n\n\n<p>\u2022 Nutzungsdaten: Informationen dar\u00fcber, wie Sie auf unsere Website zugreifen und sie nutzen.<\/p>\n\n\n\n<h3 class=\"wp-block-heading\"><strong>Drittanbieter-Analyse und Werbung<\/strong><\/h3>\n\n\n\n<p>Wir verwenden Google Analytics, um den Web-Traffic zu \u00fcberwachen und das Nutzerverhalten zu analysieren. Google Analytics ist ein Webanalysedienst, der von Google LLC bereitgestellt wird. Google nutzt die gesammelten Daten, um die Nutzung unserer Website zu verfolgen und auszuwerten, Berichte \u00fcber Aktivit\u00e4ten zu erstellen und diese mit anderen Google-Diensten zu teilen. Google kann die gesammelten Daten verwenden, um Anzeigen innerhalb seines Werbenetzwerks zu personalisieren und zu kontextualisieren. Weitere Informationen dar\u00fcber, wie Google personenbezogene Daten verarbeitet, finden Sie auf der Seite zur <a href=\"https:\/\/business.safety.google\/privacy\/\" target=\"_blank\" rel=\"noreferrer noopener\">Datenverantwortung<\/a> von Google f\u00fcr Unternehmen.<\/p>\n\n\n\n<p>Dar\u00fcber hinaus nutzen wir Google Ads und damit verbundene Marketingdienste, um personalisierte Werbung basierend auf den Interessen der Nutzer und deren Interaktionen mit unserer Website anzuzeigen. Diese Dienste verwenden Cookies und \u00e4hnliche Tracking-Technologien, um die Leistung von Anzeigen zu messen und Inhalte auf einzelne Nutzer zuzuschneiden. Nutzer k\u00f6nnen personalisierte Werbung deaktivieren, indem sie ihre Cookie-Einstellungen auf unserer Website anpassen oder die Google Ads <a target=\"_blank\" href=\"https:\/\/adssettings.google.com\/\" rel=\"noreferrer noopener\">Einstellungen<\/a> besuchen.<\/p>\n\n\n\n<h3 class=\"wp-block-heading\"><strong>Verwaltung der Einwilligung und Opt-out-M\u00f6glichkeiten<\/strong><\/h3>\n\n\n\n<p>Ihre Einwilligung ist erforderlich, bevor wir Ihre Daten f\u00fcr Analyse- und Werbezwecke verarbeiten. Sie k\u00f6nnen Ihre Einwilligung jederzeit \u00fcber unser Cookie-Einstellungs-Panel erteilen oder widerrufen. Wenn Sie verhindern m\u00f6chten, dass Ihre Daten von Google Analytics verwendet werden, k\u00f6nnen Sie das Google Analytics <a target=\"_blank\" href=\"https:\/\/tools.google.com\/dlpage\/gaoptout\/\" rel=\"noreferrer noopener\">Opt-out Browser-Add-on<\/a> installieren.<\/p>\n\n\n\n<p>Weitere Informationen dar\u00fcber, wie wir mit Nutzereinwilligungen und der Verarbeitung von Daten umgehen, finden Sie in unserer <a target=\"_blank\" href=\"https:\/\/www.phorest.com\/privacy\/\" rel=\"noreferrer noopener\">Cookie-Richtlinie.<\/a><\/p>\n\n\n\n<h2 class=\"wp-block-heading\"><strong>Aktualisierungen dieser Cookie-Richtlinie<\/strong><\/h2>\n\n\n\n<p>Wir k\u00f6nnen diese Cookie-Richtlinie von Zeit zu Zeit aktualisieren, um beispielsweise \u00c4nderungen an den von uns verwendeten Cookies zu reflektieren oder aus anderen betrieblichen, rechtlichen oder regulatorischen Gr\u00fcnden. Bitte besuchen Sie diese Cookie-Richtlinie daher regelm\u00e4\u00dfig, um sich \u00fcber unsere Verwendung von Cookies und verwandte Technologien zu informieren.<\/p>\n\n\n\n<h2 class=\"wp-block-heading\">Nutzung von WhatsApp<\/h2>\n\n\n\n<p>Soweit Sie eingewilligt haben, verarbeiten wir Ihre mitgeteilten oder vorliegenden personenbezogenen Daten (z.&nbsp;B. Name, Telefonnummer, E-Mail-Adresse, Messenger-ID, Profilbild, Nachrichten) zur Kommunikation bez\u00fcglich der Vorbereitung und Durchf\u00fchrung etwaiger Auftr\u00e4ge wie auch zur Versendung werblicher Informationen (z.B. Angebote, Newsletter) unter Nutzung des Instant-Messaging-Dienstes \u201eWhatsApp\u201c der WhatsApp Ireland Limited, 4 Grand Canal Square, Grand Canal Harbour, Dublin 2, Irland.<br><br>F\u00fcr die Nutzung dieses Dienstes wird ein bestehendes Messaging Konto ben\u00f6tigt. Wir weisen darauf hin, dass m\u00f6glicherweise die WhatsApp Ireland Limited m\u00f6glicherweise auch personenbezogene Daten (insbesondere Metadaten der Kommunikation) an die WhatsApp Inc. weitergibt, die auch auf Servern in Staaten au\u00dferhalb der EU (z.&nbsp;B. USA) verarbeitet werden, in denen kein angemessenes Datenschutzniveau herrscht. Diese Daten gibt WhatsApp m\u00f6glicherweise an andere Unternehmen innerhalb und au\u00dferhalb der Facebook-Unternehmensgruppe weiter. Weitere Informationen enth\u00e4lt die Datenschutzrichtlinie von WhatsApp Business (https:\/\/www.whatsapp.com\/legal\/business-policy\/) und WhatsApp (https:\/\/www.whatsapp.com\/legal\/#privacy-policy). Wir haben weder genaue Kenntnis noch Einfluss auf die Datenverarbeitung durch die WhatsApp Ireland Limited oder die WhatsApp Inc., die insoweit datenschutzrechtlich verantwortlich ist.<\/p>\n\n\n\n<p><br>Neben den oben bereits konkret benannten Empf\u00e4nger bedienen wir uns zur Erf\u00fcllung unserer Verpflichtungen der Hilfe weiterer Dienstleister (Auftragsverarbeiter). Wir weisen darauf hin, dass Sie Ihre einmal erteilte Einwilligung jederzeit ohne Angabe von Gr\u00fcnden f\u00fcr die Zukunft widerrufen k\u00f6nnen, indem Sie uns Ihren Widerruf per WhatsApp mit einer Nachricht mit dem Hinweis WIDERRUF oder per E-Mail an die in dieser Datenschutzerkl\u00e4rung bzw. unserem Impressum genannte E-Mailadresse der entsprechenden Verarbeitung Ihrer personenbezogenen Daten mitteilen.<br><br>Die oben genannten Daten werden nach Ma\u00dfgabe der gesetzlichen Vorgaben bei uns gel\u00f6scht, sobald deren zur Verarbeitung erlaubten Einwilligungen widerrufen werden bzw. wenn der Zweck der Verarbeitung dieser Daten entfallen ist oder sie f\u00fcr den Zweck nicht erforderlich sind.  Sofern die Daten nicht gel\u00f6scht werden, weil sie f\u00fcr andere und gesetzlich zul\u00e4ssige Zwecke erforderlich sind, wird deren Verarbeitung auf diese Zwecke beschr\u00e4nkt. D.&nbsp;h., die Daten werden gesperrt und nicht f\u00fcr andere Zwecke verarbeitet. Das gilt z.&nbsp;B. f\u00fcr Daten, die aus handels- oder steuerrechtlichen Gr\u00fcnden aufbewahrt werden m\u00fcssen oder deren Speicherung zur Geltendmachung, Aus\u00fcbung oder Verteidigung von Rechtsanspr\u00fcchen oder zum Schutz der Rechte einer anderen nat\u00fcrlichen oder juristischen Person erforderlich ist.<\/p>\n\n\n\n<h2 class=\"wp-block-heading\"><strong>Wenn Sie weitere Informationen ben\u00f6tigen<\/strong><\/h2>\n\n\n\n<p>Wenn Sie Fragen zu unserer Verwendung von Cookies haben, senden Sie uns bitte eine E-Mail an <a href=\"mailto:gdprdpo@phorest.com\">gdprdpo@phorest.com<\/a>.<br><\/p>\n","protected":false},"excerpt":{"rendered":"<p>Einf\u00fchrung Phorest Salon Software (\u201ewir\u201c, \u201eunser\u201c oder \u201euns\u201c) verpflichtet sich, Ihre Privatsph\u00e4re zu sch\u00fctzen und zu respektieren. Diese Datenschutzrichtlinie erl\u00e4utert, wie wir Ihre Informationen erfassen, nutzen, offenlegen und sch\u00fctzen, wenn Sie unsere Website https:\/\/www.phorest.com\/de\/ besuchen. Bitte lesen Sie diese Richtlinie sorgf\u00e4ltig durch, um unsere Ansichten und Praktiken in Bezug auf Ihre pers\u00f6nlichen Daten und deren &hellip; <a href=\"https:\/\/www.phorest.com\/de\/datenschutz\/\">Continued<\/a><\/p>\n","protected":false},"author":40058,"featured_media":0,"parent":0,"menu_order":0,"comment_status":"closed","ping_status":"closed","template":"","meta":{"_acf_changed":false,"footnotes":""},"class_list":["post-58974","page","type-page","status-publish","hentry"],"acf":[],"yoast_head":"<!-- This site is optimized with the Yoast SEO plugin v25.1 - https:\/\/yoast.com\/wordpress\/plugins\/seo\/ -->\n<title>Datenschutzerkl\u00e4rung, Nutzungsbedingungen und Cookies | Phorest<\/title>\n<meta name=\"description\" content=\"Wir behandeln Ihre personenbezogenen Daten vertraulich und entsprechend der gesetzlichen Datenschutzvorschriften sowie dieser Datenschutzerkl\u00e4rung.\" \/>\n<meta name=\"robots\" content=\"index, follow, max-snippet:-1, max-image-preview:large, max-video-preview:-1\" \/>\n<link rel=\"canonical\" href=\"https:\/\/www.phorest.com\/de\/datenschutz\/\" \/>\n<meta property=\"og:locale\" content=\"de_DE\" \/>\n<meta property=\"og:type\" content=\"article\" \/>\n<meta property=\"og:title\" content=\"Datenschutzerkl\u00e4rung, Nutzungsbedingungen und Cookies | Phorest\" \/>\n<meta property=\"og:description\" content=\"Wir behandeln Ihre personenbezogenen Daten vertraulich und entsprechend der gesetzlichen Datenschutzvorschriften sowie dieser Datenschutzerkl\u00e4rung.\" \/>\n<meta property=\"og:url\" content=\"https:\/\/www.phorest.com\/de\/datenschutz\/\" \/>\n<meta property=\"og:site_name\" content=\"Phorest\" \/>\n<meta property=\"article:publisher\" content=\"https:\/\/www.facebook.com\/phorestsalonsoftware\" \/>\n<meta property=\"article:modified_time\" content=\"2025-03-12T13:05:40+00:00\" \/>\n<meta property=\"og:image\" content=\"https:\/\/d2dfxqxblmblx4.cloudfront.net\/images\/logos\/phorest-acorn-logo.png\" \/>\n\t<meta property=\"og:image:width\" content=\"300\" \/>\n\t<meta property=\"og:image:height\" content=\"300\" \/>\n\t<meta property=\"og:image:type\" content=\"image\/png\" \/>\n<meta name=\"twitter:card\" content=\"summary_large_image\" \/>\n<meta name=\"twitter:image\" content=\"https:\/\/d2dfxqxblmblx4.cloudfront.net\/images\/logos\/phorest-acorn-logo.png\" \/>\n<meta name=\"twitter:site\" content=\"@thephorestword\" \/>\n<meta name=\"twitter:label1\" content=\"Est. reading time\" \/>\n\t<meta name=\"twitter:data1\" content=\"6 minutes\" \/>\n<script type=\"application\/ld+json\" class=\"yoast-schema-graph\">{\"@context\":\"https:\/\/schema.org\",\"@graph\":[{\"@type\":\"WebPage\",\"@id\":\"https:\/\/www.phorest.com\/de\/datenschutz\/\",\"url\":\"https:\/\/www.phorest.com\/de\/datenschutz\/\",\"name\":\"Datenschutzerkl\u00e4rung, Nutzungsbedingungen und Cookies | Phorest\",\"isPartOf\":{\"@id\":\"https:\/\/www.phorest.com\/de\/#website\"},\"datePublished\":\"2019-04-15T13:11:31+00:00\",\"dateModified\":\"2025-03-12T13:05:40+00:00\",\"description\":\"Wir behandeln Ihre personenbezogenen Daten vertraulich und entsprechend der gesetzlichen Datenschutzvorschriften sowie dieser Datenschutzerkl\u00e4rung.\",\"breadcrumb\":{\"@id\":\"https:\/\/www.phorest.com\/de\/datenschutz\/#breadcrumb\"},\"inLanguage\":\"de\",\"potentialAction\":[{\"@type\":\"ReadAction\",\"target\":[\"https:\/\/www.phorest.com\/de\/datenschutz\/\"]}]},{\"@type\":\"BreadcrumbList\",\"@id\":\"https:\/\/www.phorest.com\/de\/datenschutz\/#breadcrumb\",\"itemListElement\":[{\"@type\":\"ListItem\",\"position\":1,\"name\":\"Home\",\"item\":\"https:\/\/www.phorest.com\/de\/\"},{\"@type\":\"ListItem\",\"position\":2,\"name\":\"Privacy\"}]},{\"@type\":\"WebSite\",\"@id\":\"https:\/\/www.phorest.com\/de\/#website\",\"url\":\"https:\/\/www.phorest.com\/de\/\",\"name\":\"Phorest\",\"description\":\"Salon Software - Hair &amp; Beauty - UK for Spa Management &amp; Appointments\",\"publisher\":{\"@id\":\"https:\/\/www.phorest.com\/de\/#organization\"},\"potentialAction\":[{\"@type\":\"SearchAction\",\"target\":{\"@type\":\"EntryPoint\",\"urlTemplate\":\"https:\/\/www.phorest.com\/de\/?s={search_term_string}\"},\"query-input\":{\"@type\":\"PropertyValueSpecification\",\"valueRequired\":true,\"valueName\":\"search_term_string\"}}],\"inLanguage\":\"de\"},{\"@type\":\"Organization\",\"@id\":\"https:\/\/www.phorest.com\/de\/#organization\",\"name\":\"Phorest Salon Software\",\"url\":\"https:\/\/www.phorest.com\/de\/\",\"logo\":{\"@type\":\"ImageObject\",\"inLanguage\":\"de\",\"@id\":\"https:\/\/www.phorest.com\/de\/#\/schema\/logo\/image\/\",\"url\":\"https:\/\/d2dfxqxblmblx4.cloudfront.net\/wp-content\/uploads\/2019\/10\/24141402\/phorest-acorn-logo1.png\",\"contentUrl\":\"https:\/\/d2dfxqxblmblx4.cloudfront.net\/wp-content\/uploads\/2019\/10\/24141402\/phorest-acorn-logo1.png\",\"width\":201,\"height\":202,\"caption\":\"Phorest Salon Software\"},\"image\":{\"@id\":\"https:\/\/www.phorest.com\/de\/#\/schema\/logo\/image\/\"},\"sameAs\":[\"https:\/\/www.facebook.com\/phorestsalonsoftware\",\"https:\/\/x.com\/thephorestword\",\"https:\/\/instagram.com\/phorest_salon_software\",\"https:\/\/www.linkedin.com\/company\/phorest?trk=company_name\",\"https:\/\/www.pinterest.com\/phorestss\/\",\"https:\/\/plus.google.com\/u\/0\/b\/101418954139594616916\/101418954139594616916\/posts\/p\/pub\"]}]}<\/script>\n<!-- \/ Yoast SEO plugin. -->","yoast_head_json":{"title":"Datenschutzerkl\u00e4rung, Nutzungsbedingungen und Cookies | Phorest","description":"Wir behandeln Ihre personenbezogenen Daten vertraulich und entsprechend der gesetzlichen Datenschutzvorschriften sowie dieser Datenschutzerkl\u00e4rung.","robots":{"index":"index","follow":"follow","max-snippet":"max-snippet:-1","max-image-preview":"max-image-preview:large","max-video-preview":"max-video-preview:-1"},"canonical":"https:\/\/www.phorest.com\/de\/datenschutz\/","og_locale":"de_DE","og_type":"article","og_title":"Datenschutzerkl\u00e4rung, Nutzungsbedingungen und Cookies | Phorest","og_description":"Wir behandeln Ihre personenbezogenen Daten vertraulich und entsprechend der gesetzlichen Datenschutzvorschriften sowie dieser Datenschutzerkl\u00e4rung.","og_url":"https:\/\/www.phorest.com\/de\/datenschutz\/","og_site_name":"Phorest","article_publisher":"https:\/\/www.facebook.com\/phorestsalonsoftware","article_modified_time":"2025-03-12T13:05:40+00:00","og_image":[{"width":300,"height":300,"url":"https:\/\/d2dfxqxblmblx4.cloudfront.net\/images\/logos\/phorest-acorn-logo.png","type":"image\/png"}],"twitter_card":"summary_large_image","twitter_image":"https:\/\/d2dfxqxblmblx4.cloudfront.net\/images\/logos\/phorest-acorn-logo.png","twitter_site":"@thephorestword","twitter_misc":{"Est. reading time":"6 minutes"},"schema":{"@context":"https:\/\/schema.org","@graph":[{"@type":"WebPage","@id":"https:\/\/www.phorest.com\/de\/datenschutz\/","url":"https:\/\/www.phorest.com\/de\/datenschutz\/","name":"Datenschutzerkl\u00e4rung, Nutzungsbedingungen und Cookies | Phorest","isPartOf":{"@id":"https:\/\/www.phorest.com\/de\/#website"},"datePublished":"2019-04-15T13:11:31+00:00","dateModified":"2025-03-12T13:05:40+00:00","description":"Wir behandeln Ihre personenbezogenen Daten vertraulich und entsprechend der gesetzlichen Datenschutzvorschriften sowie dieser Datenschutzerkl\u00e4rung.","breadcrumb":{"@id":"https:\/\/www.phorest.com\/de\/datenschutz\/#breadcrumb"},"inLanguage":"de","potentialAction":[{"@type":"ReadAction","target":["https:\/\/www.phorest.com\/de\/datenschutz\/"]}]},{"@type":"BreadcrumbList","@id":"https:\/\/www.phorest.com\/de\/datenschutz\/#breadcrumb","itemListElement":[{"@type":"ListItem","position":1,"name":"Home","item":"https:\/\/www.phorest.com\/de\/"},{"@type":"ListItem","position":2,"name":"Privacy"}]},{"@type":"WebSite","@id":"https:\/\/www.phorest.com\/de\/#website","url":"https:\/\/www.phorest.com\/de\/","name":"Phorest","description":"Salon Software - Hair &amp; Beauty - UK for Spa Management &amp; Appointments","publisher":{"@id":"https:\/\/www.phorest.com\/de\/#organization"},"potentialAction":[{"@type":"SearchAction","target":{"@type":"EntryPoint","urlTemplate":"https:\/\/www.phorest.com\/de\/?s={search_term_string}"},"query-input":{"@type":"PropertyValueSpecification","valueRequired":true,"valueName":"search_term_string"}}],"inLanguage":"de"},{"@type":"Organization","@id":"https:\/\/www.phorest.com\/de\/#organization","name":"Phorest Salon Software","url":"https:\/\/www.phorest.com\/de\/","logo":{"@type":"ImageObject","inLanguage":"de","@id":"https:\/\/www.phorest.com\/de\/#\/schema\/logo\/image\/","url":"https:\/\/d2dfxqxblmblx4.cloudfront.net\/wp-content\/uploads\/2019\/10\/24141402\/phorest-acorn-logo1.png","contentUrl":"https:\/\/d2dfxqxblmblx4.cloudfront.net\/wp-content\/uploads\/2019\/10\/24141402\/phorest-acorn-logo1.png","width":201,"height":202,"caption":"Phorest Salon Software"},"image":{"@id":"https:\/\/www.phorest.com\/de\/#\/schema\/logo\/image\/"},"sameAs":["https:\/\/www.facebook.com\/phorestsalonsoftware","https:\/\/x.com\/thephorestword","https:\/\/instagram.com\/phorest_salon_software","https:\/\/www.linkedin.com\/company\/phorest?trk=company_name","https:\/\/www.pinterest.com\/phorestss\/","https:\/\/plus.google.com\/u\/0\/b\/101418954139594616916\/101418954139594616916\/posts\/p\/pub"]}]}},"_links":{"self":[{"href":"https:\/\/www.phorest.com\/de\/wp-json\/wp\/v2\/pages\/58974","targetHints":{"allow":["GET"]}}],"collection":[{"href":"https:\/\/www.phorest.com\/de\/wp-json\/wp\/v2\/pages"}],"about":[{"href":"https:\/\/www.phorest.com\/de\/wp-json\/wp\/v2\/types\/page"}],"author":[{"embeddable":true,"href":"https:\/\/www.phorest.com\/de\/wp-json\/wp\/v2\/users\/40058"}],"replies":[{"embeddable":true,"href":"https:\/\/www.phorest.com\/de\/wp-json\/wp\/v2\/comments?post=58974"}],"version-history":[{"count":5,"href":"https:\/\/www.phorest.com\/de\/wp-json\/wp\/v2\/pages\/58974\/revisions"}],"predecessor-version":[{"id":152764,"href":"https:\/\/www.phorest.com\/de\/wp-json\/wp\/v2\/pages\/58974\/revisions\/152764"}],"wp:attachment":[{"href":"https:\/\/www.phorest.com\/de\/wp-json\/wp\/v2\/media?parent=58974"}],"curies":[{"name":"wp","href":"https:\/\/api.w.org\/{rel}","templated":true}]}}