{"id":62470,"date":"2019-08-28T10:43:13","date_gmt":"2019-08-28T10:43:13","guid":{"rendered":"https:\/\/www.phorest.com\/?page_id=62470"},"modified":"2024-09-17T14:24:03","modified_gmt":"2024-09-17T14:24:03","slug":"salon-awards","status":"publish","type":"page","link":"https:\/\/www.phorest.com\/de\/salon-awards\/","title":{"rendered":"Client Experience Award"},"content":{"rendered":"<div class=\"align wp-block-textandmedia\">\n      <section>\n    <div class=\"container m-auto flex flex-wrap w-full justify-between\">\n                          <div class=\"flex flex-wrap md:items-center py-8 w-full  md:flex-row-reverse  \">\n          <div class=\"w-full md:w-3\/5\">\n            <div class=\" pl-16 \">\n                            <h2><span style=\"color: #80d080;\">Wie qualifiziert sich ein Salon f\u00fcr einen Phorest Client Experience Award?<\/span><\/h2>\r\n&nbsp;\r\n\r\n\u2705 Der Phorest Client Experience Award basiert auf Bewertungen, die Kunden nach Verlassen des Salons mit unserer Salonsoftware ver\u00f6ffentlichen.\r\n\r\n\u2705 Es basiert nicht auf Stimmen oder einer Jury, sondern lediglich auf den Erfahrungen, die andere zahlende Kunden in diesem Salon gemacht haben.\r\n\r\n\u2705 Salons m\u00fcssen ihre Bewertungen f\u00fcr 12 Monate konstant hoch bei 4\/5 Sternen halten, um f\u00fcr den Award qualifiziert zu sein.\r\n\r\n&nbsp;\r\n<h4><strong class='text-green-light'><span style=\"color: #ff4856;\">Also buche deinen Termin und vergiss nicht, eine ehrliche Bewertung auf der Google- oder Facebook-Seite des Salons \u00fcber deine Erfahrungen zu hinterlassen, damit du mitbestimmen kannst, wer im n\u00e4chsten Jahr einen Phorest Client Experience Award erh\u00e4lt!<\/span><\/strong><\/h4>\n            <\/div>\n  \n          <\/div>\n          <div class=\"w-full md:w-2\/5\">\n                                    <img decoding=\"async\" class=\"object-cover object-center w-full\" src=\"https:\/\/d2dfxqxblmblx4.cloudfront.net\/wp-content\/uploads\/2024\/09\/10140118\/leave-a-review-5.png\" alt=\"\" style=\"min-height:200px;\">\n                      <\/div>\n  \n        <\/div>\n                <\/div>\n  <\/section>\n  \n    \n  <div>\n  <div class=\"acf-innerblocks-container\"><\/div>\n  <\/div>\n  <\/div>","protected":false},"excerpt":{"rendered":"","protected":false},"author":40002,"featured_media":0,"parent":0,"menu_order":0,"comment_status":"closed","ping_status":"closed","template":"","meta":{"_acf_changed":false,"footnotes":""},"class_list":["post-62470","page","type-page","status-publish","hentry"],"acf":[],"yoast_head":"<!-- This site is optimized with the Yoast SEO plugin v25.1 - https:\/\/yoast.com\/wordpress\/plugins\/seo\/ -->\n<title>Client Experience Award | Phorest<\/title>\n<meta name=\"description\" content=\"Der Phorest Client Experience Award ist der unwiderlegbare Beweis daf\u00fcr, dass Kunden ihren Salon lieben und rumdum gl\u00fccklich mit der Qualit\u00e4t sind.\" \/>\n<meta name=\"robots\" content=\"index, follow, max-snippet:-1, max-image-preview:large, max-video-preview:-1\" \/>\n<link rel=\"canonical\" href=\"https:\/\/www.phorest.com\/de\/salon-awards\/\" \/>\n<meta property=\"og:locale\" content=\"de_DE\" \/>\n<meta property=\"og:type\" content=\"article\" \/>\n<meta property=\"og:title\" content=\"Client Experience Award | Phorest\" \/>\n<meta property=\"og:description\" content=\"Der Phorest Client Experience Award ist der unwiderlegbare Beweis daf\u00fcr, dass Kunden ihren Salon lieben und rumdum gl\u00fccklich mit der Qualit\u00e4t sind.\" \/>\n<meta property=\"og:url\" content=\"https:\/\/www.phorest.com\/de\/salon-awards\/\" \/>\n<meta property=\"og:site_name\" content=\"Phorest\" \/>\n<meta property=\"article:publisher\" content=\"https:\/\/www.facebook.com\/phorestsalonsoftware\" \/>\n<meta property=\"article:modified_time\" content=\"2024-09-17T14:24:03+00:00\" \/>\n<meta property=\"og:image\" content=\"https:\/\/d2dfxqxblmblx4.cloudfront.net\/wp-content\/uploads\/2019\/03\/14123710\/Phorest-Logo-2.png\" \/>\n\t<meta property=\"og:image:width\" content=\"300\" \/>\n\t<meta property=\"og:image:height\" content=\"300\" \/>\n\t<meta property=\"og:image:type\" content=\"image\/png\" \/>\n<meta name=\"twitter:card\" content=\"summary_large_image\" \/>\n<meta name=\"twitter:image\" content=\"https:\/\/d2dfxqxblmblx4.cloudfront.net\/images\/logos\/phorest-acorn-logo.png\" \/>\n<meta name=\"twitter:site\" content=\"@thephorestword\" \/>\n<script type=\"application\/ld+json\" class=\"yoast-schema-graph\">{\"@context\":\"https:\/\/schema.org\",\"@graph\":[{\"@type\":\"WebPage\",\"@id\":\"https:\/\/www.phorest.com\/de\/salon-awards\/\",\"url\":\"https:\/\/www.phorest.com\/de\/salon-awards\/\",\"name\":\"Client Experience Award | Phorest\",\"isPartOf\":{\"@id\":\"https:\/\/www.phorest.com\/de\/#website\"},\"datePublished\":\"2019-08-28T10:43:13+00:00\",\"dateModified\":\"2024-09-17T14:24:03+00:00\",\"description\":\"Der Phorest Client Experience Award ist der unwiderlegbare Beweis daf\u00fcr, dass Kunden ihren Salon lieben und rumdum gl\u00fccklich mit der Qualit\u00e4t sind.\",\"breadcrumb\":{\"@id\":\"https:\/\/www.phorest.com\/de\/salon-awards\/#breadcrumb\"},\"inLanguage\":\"de\",\"potentialAction\":[{\"@type\":\"ReadAction\",\"target\":[\"https:\/\/www.phorest.com\/de\/salon-awards\/\"]}]},{\"@type\":\"BreadcrumbList\",\"@id\":\"https:\/\/www.phorest.com\/de\/salon-awards\/#breadcrumb\",\"itemListElement\":[{\"@type\":\"ListItem\",\"position\":1,\"name\":\"Home\",\"item\":\"https:\/\/www.phorest.com\/de\/\"},{\"@type\":\"ListItem\",\"position\":2,\"name\":\"Client Experience Award\"}]},{\"@type\":\"WebSite\",\"@id\":\"https:\/\/www.phorest.com\/de\/#website\",\"url\":\"https:\/\/www.phorest.com\/de\/\",\"name\":\"Phorest\",\"description\":\"Salon Software - Hair &amp; Beauty - UK for Spa Management &amp; Appointments\",\"publisher\":{\"@id\":\"https:\/\/www.phorest.com\/de\/#organization\"},\"potentialAction\":[{\"@type\":\"SearchAction\",\"target\":{\"@type\":\"EntryPoint\",\"urlTemplate\":\"https:\/\/www.phorest.com\/de\/?s={search_term_string}\"},\"query-input\":{\"@type\":\"PropertyValueSpecification\",\"valueRequired\":true,\"valueName\":\"search_term_string\"}}],\"inLanguage\":\"de\"},{\"@type\":\"Organization\",\"@id\":\"https:\/\/www.phorest.com\/de\/#organization\",\"name\":\"Phorest Salon Software\",\"url\":\"https:\/\/www.phorest.com\/de\/\",\"logo\":{\"@type\":\"ImageObject\",\"inLanguage\":\"de\",\"@id\":\"https:\/\/www.phorest.com\/de\/#\/schema\/logo\/image\/\",\"url\":\"https:\/\/d2dfxqxblmblx4.cloudfront.net\/wp-content\/uploads\/2019\/10\/24141402\/phorest-acorn-logo1.png\",\"contentUrl\":\"https:\/\/d2dfxqxblmblx4.cloudfront.net\/wp-content\/uploads\/2019\/10\/24141402\/phorest-acorn-logo1.png\",\"width\":201,\"height\":202,\"caption\":\"Phorest Salon Software\"},\"image\":{\"@id\":\"https:\/\/www.phorest.com\/de\/#\/schema\/logo\/image\/\"},\"sameAs\":[\"https:\/\/www.facebook.com\/phorestsalonsoftware\",\"https:\/\/x.com\/thephorestword\",\"https:\/\/instagram.com\/phorest_salon_software\",\"https:\/\/www.linkedin.com\/company\/phorest?trk=company_name\",\"https:\/\/www.pinterest.com\/phorestss\/\",\"https:\/\/plus.google.com\/u\/0\/b\/101418954139594616916\/101418954139594616916\/posts\/p\/pub\"]}]}<\/script>\n<!-- \/ Yoast SEO plugin. -->","yoast_head_json":{"title":"Client Experience Award | Phorest","description":"Der Phorest Client Experience Award ist der unwiderlegbare Beweis daf\u00fcr, dass Kunden ihren Salon lieben und rumdum gl\u00fccklich mit der Qualit\u00e4t sind.","robots":{"index":"index","follow":"follow","max-snippet":"max-snippet:-1","max-image-preview":"max-image-preview:large","max-video-preview":"max-video-preview:-1"},"canonical":"https:\/\/www.phorest.com\/de\/salon-awards\/","og_locale":"de_DE","og_type":"article","og_title":"Client Experience Award | Phorest","og_description":"Der Phorest Client Experience Award ist der unwiderlegbare Beweis daf\u00fcr, dass Kunden ihren Salon lieben und rumdum gl\u00fccklich mit der Qualit\u00e4t sind.","og_url":"https:\/\/www.phorest.com\/de\/salon-awards\/","og_site_name":"Phorest","article_publisher":"https:\/\/www.facebook.com\/phorestsalonsoftware","article_modified_time":"2024-09-17T14:24:03+00:00","og_image":[{"width":300,"height":300,"url":"https:\/\/d2dfxqxblmblx4.cloudfront.net\/wp-content\/uploads\/2019\/03\/14123710\/Phorest-Logo-2.png","type":"image\/png"}],"twitter_card":"summary_large_image","twitter_image":"https:\/\/d2dfxqxblmblx4.cloudfront.net\/images\/logos\/phorest-acorn-logo.png","twitter_site":"@thephorestword","schema":{"@context":"https:\/\/schema.org","@graph":[{"@type":"WebPage","@id":"https:\/\/www.phorest.com\/de\/salon-awards\/","url":"https:\/\/www.phorest.com\/de\/salon-awards\/","name":"Client Experience Award | Phorest","isPartOf":{"@id":"https:\/\/www.phorest.com\/de\/#website"},"datePublished":"2019-08-28T10:43:13+00:00","dateModified":"2024-09-17T14:24:03+00:00","description":"Der Phorest Client Experience Award ist der unwiderlegbare Beweis daf\u00fcr, dass Kunden ihren Salon lieben und rumdum gl\u00fccklich mit der Qualit\u00e4t sind.","breadcrumb":{"@id":"https:\/\/www.phorest.com\/de\/salon-awards\/#breadcrumb"},"inLanguage":"de","potentialAction":[{"@type":"ReadAction","target":["https:\/\/www.phorest.com\/de\/salon-awards\/"]}]},{"@type":"BreadcrumbList","@id":"https:\/\/www.phorest.com\/de\/salon-awards\/#breadcrumb","itemListElement":[{"@type":"ListItem","position":1,"name":"Home","item":"https:\/\/www.phorest.com\/de\/"},{"@type":"ListItem","position":2,"name":"Client Experience Award"}]},{"@type":"WebSite","@id":"https:\/\/www.phorest.com\/de\/#website","url":"https:\/\/www.phorest.com\/de\/","name":"Phorest","description":"Salon Software - Hair &amp; Beauty - UK for Spa Management &amp; Appointments","publisher":{"@id":"https:\/\/www.phorest.com\/de\/#organization"},"potentialAction":[{"@type":"SearchAction","target":{"@type":"EntryPoint","urlTemplate":"https:\/\/www.phorest.com\/de\/?s={search_term_string}"},"query-input":{"@type":"PropertyValueSpecification","valueRequired":true,"valueName":"search_term_string"}}],"inLanguage":"de"},{"@type":"Organization","@id":"https:\/\/www.phorest.com\/de\/#organization","name":"Phorest Salon Software","url":"https:\/\/www.phorest.com\/de\/","logo":{"@type":"ImageObject","inLanguage":"de","@id":"https:\/\/www.phorest.com\/de\/#\/schema\/logo\/image\/","url":"https:\/\/d2dfxqxblmblx4.cloudfront.net\/wp-content\/uploads\/2019\/10\/24141402\/phorest-acorn-logo1.png","contentUrl":"https:\/\/d2dfxqxblmblx4.cloudfront.net\/wp-content\/uploads\/2019\/10\/24141402\/phorest-acorn-logo1.png","width":201,"height":202,"caption":"Phorest Salon Software"},"image":{"@id":"https:\/\/www.phorest.com\/de\/#\/schema\/logo\/image\/"},"sameAs":["https:\/\/www.facebook.com\/phorestsalonsoftware","https:\/\/x.com\/thephorestword","https:\/\/instagram.com\/phorest_salon_software","https:\/\/www.linkedin.com\/company\/phorest?trk=company_name","https:\/\/www.pinterest.com\/phorestss\/","https:\/\/plus.google.com\/u\/0\/b\/101418954139594616916\/101418954139594616916\/posts\/p\/pub"]}]}},"_links":{"self":[{"href":"https:\/\/www.phorest.com\/de\/wp-json\/wp\/v2\/pages\/62470","targetHints":{"allow":["GET"]}}],"collection":[{"href":"https:\/\/www.phorest.com\/de\/wp-json\/wp\/v2\/pages"}],"about":[{"href":"https:\/\/www.phorest.com\/de\/wp-json\/wp\/v2\/types\/page"}],"author":[{"embeddable":true,"href":"https:\/\/www.phorest.com\/de\/wp-json\/wp\/v2\/users\/40002"}],"replies":[{"embeddable":true,"href":"https:\/\/www.phorest.com\/de\/wp-json\/wp\/v2\/comments?post=62470"}],"version-history":[{"count":5,"href":"https:\/\/www.phorest.com\/de\/wp-json\/wp\/v2\/pages\/62470\/revisions"}],"predecessor-version":[{"id":146329,"href":"https:\/\/www.phorest.com\/de\/wp-json\/wp\/v2\/pages\/62470\/revisions\/146329"}],"wp:attachment":[{"href":"https:\/\/www.phorest.com\/de\/wp-json\/wp\/v2\/media?parent=62470"}],"curies":[{"name":"wp","href":"https:\/\/api.w.org\/{rel}","templated":true}]}}