{"id":79504,"date":"2020-09-17T12:24:16","date_gmt":"2020-09-17T12:24:16","guid":{"rendered":"https:\/\/www.phorest.com\/client-experience-award\/"},"modified":"2020-09-28T11:07:41","modified_gmt":"2020-09-28T11:07:41","slug":"client-experience-award","status":"publish","type":"page","link":"https:\/\/www.phorest.com\/de\/client-experience-award\/","title":{"rendered":"Client Experience Award"},"content":{"rendered":"","protected":true},"excerpt":{"rendered":"","protected":true},"author":40058,"featured_media":0,"parent":0,"menu_order":0,"comment_status":"closed","ping_status":"closed","template":"","meta":{"_acf_changed":false,"footnotes":""},"class_list":["post-79504","page","type-page","status-publish","post-password-required","hentry"],"acf":[],"yoast_head":"<!-- This site is optimized with the Yoast SEO plugin v25.1 - https:\/\/yoast.com\/wordpress\/plugins\/seo\/ -->\n<title>Client Experience Award | Phorest<\/title>\n<meta name=\"description\" content=\"Der erste Schritt zur Bekanntheit und Anerkennung, die du verdienst, ist es, deinen digitalen Award mit deinem Markenzeichen zu erstellen. So verbreitet sich dein Ruf auch \u00fcber deine Stammkundschaft hinaus! Jahr f\u00fcr Jahr nutzen die Preistr\u00e4ger den Client Experience Award, um sich f\u00fcr andere Branchenauszeichnungen zu bewerben.\" \/>\n<meta name=\"robots\" content=\"noindex, nofollow\" \/>\n<meta property=\"og:locale\" content=\"de_DE\" \/>\n<meta property=\"og:type\" content=\"article\" \/>\n<meta property=\"og:title\" content=\"Client Experience Award | Phorest\" \/>\n<meta property=\"og:description\" content=\"Der erste Schritt zur Bekanntheit und Anerkennung, die du verdienst, ist es, deinen digitalen Award mit deinem Markenzeichen zu erstellen. So verbreitet sich dein Ruf auch \u00fcber deine Stammkundschaft hinaus! Jahr f\u00fcr Jahr nutzen die Preistr\u00e4ger den Client Experience Award, um sich f\u00fcr andere Branchenauszeichnungen zu bewerben.\" \/>\n<meta property=\"og:url\" content=\"https:\/\/www.phorest.com\/de\/client-experience-award\/\" \/>\n<meta property=\"og:site_name\" content=\"Phorest\" \/>\n<meta property=\"article:publisher\" content=\"https:\/\/www.facebook.com\/phorestsalonsoftware\" \/>\n<meta property=\"article:modified_time\" content=\"2020-09-28T11:07:41+00:00\" \/>\n<meta name=\"twitter:card\" content=\"summary_large_image\" \/>\n<meta name=\"twitter:image\" content=\"https:\/\/d2dfxqxblmblx4.cloudfront.net\/images\/logos\/phorest-acorn-logo.png\" \/>\n<meta name=\"twitter:site\" content=\"@thephorestword\" \/>\n<script type=\"application\/ld+json\" class=\"yoast-schema-graph\">{\"@context\":\"https:\/\/schema.org\",\"@graph\":[{\"@type\":\"WebPage\",\"@id\":\"https:\/\/www.phorest.com\/de\/client-experience-award\/\",\"url\":\"https:\/\/www.phorest.com\/de\/client-experience-award\/\",\"name\":\"Client Experience Award | Phorest\",\"isPartOf\":{\"@id\":\"https:\/\/www.phorest.com\/de\/#website\"},\"datePublished\":\"2020-09-17T12:24:16+00:00\",\"dateModified\":\"2020-09-28T11:07:41+00:00\",\"breadcrumb\":{\"@id\":\"https:\/\/www.phorest.com\/de\/client-experience-award\/#breadcrumb\"},\"inLanguage\":\"de\"},{\"@type\":\"WebSite\",\"@id\":\"https:\/\/www.phorest.com\/de\/#website\",\"url\":\"https:\/\/www.phorest.com\/de\/\",\"name\":\"Phorest\",\"description\":\"Salon Software - Hair &amp; Beauty - UK for Spa Management &amp; Appointments\",\"publisher\":{\"@id\":\"https:\/\/www.phorest.com\/de\/#organization\"},\"potentialAction\":[{\"@type\":\"SearchAction\",\"target\":{\"@type\":\"EntryPoint\",\"urlTemplate\":\"https:\/\/www.phorest.com\/de\/?s={search_term_string}\"},\"query-input\":{\"@type\":\"PropertyValueSpecification\",\"valueRequired\":true,\"valueName\":\"search_term_string\"}}],\"inLanguage\":\"de\"},{\"@type\":\"Organization\",\"@id\":\"https:\/\/www.phorest.com\/de\/#organization\",\"name\":\"Phorest Salon Software\",\"url\":\"https:\/\/www.phorest.com\/de\/\",\"logo\":{\"@type\":\"ImageObject\",\"inLanguage\":\"de\",\"@id\":\"https:\/\/www.phorest.com\/de\/#\/schema\/logo\/image\/\",\"url\":\"https:\/\/d2dfxqxblmblx4.cloudfront.net\/wp-content\/uploads\/2019\/10\/24141402\/phorest-acorn-logo1.png\",\"contentUrl\":\"https:\/\/d2dfxqxblmblx4.cloudfront.net\/wp-content\/uploads\/2019\/10\/24141402\/phorest-acorn-logo1.png\",\"width\":201,\"height\":202,\"caption\":\"Phorest Salon Software\"},\"image\":{\"@id\":\"https:\/\/www.phorest.com\/de\/#\/schema\/logo\/image\/\"},\"sameAs\":[\"https:\/\/www.facebook.com\/phorestsalonsoftware\",\"https:\/\/x.com\/thephorestword\",\"https:\/\/instagram.com\/phorest_salon_software\",\"https:\/\/www.linkedin.com\/company\/phorest?trk=company_name\",\"https:\/\/www.pinterest.com\/phorestss\/\",\"https:\/\/plus.google.com\/u\/0\/b\/101418954139594616916\/101418954139594616916\/posts\/p\/pub\"]}]}<\/script>\n<!-- \/ Yoast SEO plugin. -->","yoast_head_json":{"title":"Client Experience Award | Phorest","description":"Der erste Schritt zur Bekanntheit und Anerkennung, die du verdienst, ist es, deinen digitalen Award mit deinem Markenzeichen zu erstellen. So verbreitet sich dein Ruf auch \u00fcber deine Stammkundschaft hinaus! Jahr f\u00fcr Jahr nutzen die Preistr\u00e4ger den Client Experience Award, um sich f\u00fcr andere Branchenauszeichnungen zu bewerben.","robots":{"index":"noindex","follow":"nofollow"},"og_locale":"de_DE","og_type":"article","og_title":"Client Experience Award | Phorest","og_description":"Der erste Schritt zur Bekanntheit und Anerkennung, die du verdienst, ist es, deinen digitalen Award mit deinem Markenzeichen zu erstellen. So verbreitet sich dein Ruf auch \u00fcber deine Stammkundschaft hinaus! Jahr f\u00fcr Jahr nutzen die Preistr\u00e4ger den Client Experience Award, um sich f\u00fcr andere Branchenauszeichnungen zu bewerben.","og_url":"https:\/\/www.phorest.com\/de\/client-experience-award\/","og_site_name":"Phorest","article_publisher":"https:\/\/www.facebook.com\/phorestsalonsoftware","article_modified_time":"2020-09-28T11:07:41+00:00","twitter_card":"summary_large_image","twitter_image":"https:\/\/d2dfxqxblmblx4.cloudfront.net\/images\/logos\/phorest-acorn-logo.png","twitter_site":"@thephorestword","schema":{"@context":"https:\/\/schema.org","@graph":[{"@type":"WebPage","@id":"https:\/\/www.phorest.com\/de\/client-experience-award\/","url":"https:\/\/www.phorest.com\/de\/client-experience-award\/","name":"Client Experience Award | Phorest","isPartOf":{"@id":"https:\/\/www.phorest.com\/de\/#website"},"datePublished":"2020-09-17T12:24:16+00:00","dateModified":"2020-09-28T11:07:41+00:00","breadcrumb":{"@id":"https:\/\/www.phorest.com\/de\/client-experience-award\/#breadcrumb"},"inLanguage":"de"},{"@type":"WebSite","@id":"https:\/\/www.phorest.com\/de\/#website","url":"https:\/\/www.phorest.com\/de\/","name":"Phorest","description":"Salon Software - Hair &amp; Beauty - UK for Spa Management &amp; Appointments","publisher":{"@id":"https:\/\/www.phorest.com\/de\/#organization"},"potentialAction":[{"@type":"SearchAction","target":{"@type":"EntryPoint","urlTemplate":"https:\/\/www.phorest.com\/de\/?s={search_term_string}"},"query-input":{"@type":"PropertyValueSpecification","valueRequired":true,"valueName":"search_term_string"}}],"inLanguage":"de"},{"@type":"Organization","@id":"https:\/\/www.phorest.com\/de\/#organization","name":"Phorest Salon Software","url":"https:\/\/www.phorest.com\/de\/","logo":{"@type":"ImageObject","inLanguage":"de","@id":"https:\/\/www.phorest.com\/de\/#\/schema\/logo\/image\/","url":"https:\/\/d2dfxqxblmblx4.cloudfront.net\/wp-content\/uploads\/2019\/10\/24141402\/phorest-acorn-logo1.png","contentUrl":"https:\/\/d2dfxqxblmblx4.cloudfront.net\/wp-content\/uploads\/2019\/10\/24141402\/phorest-acorn-logo1.png","width":201,"height":202,"caption":"Phorest Salon Software"},"image":{"@id":"https:\/\/www.phorest.com\/de\/#\/schema\/logo\/image\/"},"sameAs":["https:\/\/www.facebook.com\/phorestsalonsoftware","https:\/\/x.com\/thephorestword","https:\/\/instagram.com\/phorest_salon_software","https:\/\/www.linkedin.com\/company\/phorest?trk=company_name","https:\/\/www.pinterest.com\/phorestss\/","https:\/\/plus.google.com\/u\/0\/b\/101418954139594616916\/101418954139594616916\/posts\/p\/pub"]}]}},"_links":{"self":[{"href":"https:\/\/www.phorest.com\/de\/wp-json\/wp\/v2\/pages\/79504","targetHints":{"allow":["GET"]}}],"collection":[{"href":"https:\/\/www.phorest.com\/de\/wp-json\/wp\/v2\/pages"}],"about":[{"href":"https:\/\/www.phorest.com\/de\/wp-json\/wp\/v2\/types\/page"}],"author":[{"embeddable":true,"href":"https:\/\/www.phorest.com\/de\/wp-json\/wp\/v2\/users\/40058"}],"replies":[{"embeddable":true,"href":"https:\/\/www.phorest.com\/de\/wp-json\/wp\/v2\/comments?post=79504"}],"version-history":[{"count":1,"href":"https:\/\/www.phorest.com\/de\/wp-json\/wp\/v2\/pages\/79504\/revisions"}],"predecessor-version":[{"id":79738,"href":"https:\/\/www.phorest.com\/de\/wp-json\/wp\/v2\/pages\/79504\/revisions\/79738"}],"wp:attachment":[{"href":"https:\/\/www.phorest.com\/de\/wp-json\/wp\/v2\/media?parent=79504"}],"curies":[{"name":"wp","href":"https:\/\/api.w.org\/{rel}","templated":true}]}}