{"id":92972,"date":"2021-05-26T08:40:31","date_gmt":"2021-05-26T08:40:31","guid":{"rendered":"https:\/\/www.phorest.com\/demo\/"},"modified":"2025-06-24T16:24:54","modified_gmt":"2025-06-24T16:24:54","slug":"demo","status":"publish","type":"page","link":"https:\/\/www.phorest.com\/de\/demo\/","title":{"rendered":"Request a demo"},"content":{"rendered":"","protected":false},"excerpt":{"rendered":"","protected":false},"author":40058,"featured_media":0,"parent":0,"menu_order":0,"comment_status":"closed","ping_status":"closed","template":"","meta":{"_acf_changed":false,"footnotes":""},"class_list":["post-92972","page","type-page","status-publish","hentry"],"acf":[],"yoast_head":"<!-- This site is optimized with the Yoast SEO plugin v25.1 - https:\/\/yoast.com\/wordpress\/plugins\/seo\/ -->\n<title>Buche eine kostenlose Produktpr\u00e4sentation und Beratung mit der Phorest Salonsoftware<\/title>\n<meta name=\"description\" content=\"Finde heraus, wie die Phorest Salonsoftware deinen Salon oder dein Spa ver\u00e4ndern kann - Sie hilft dir dabei dein Gesch\u00e4ft zu f\u00fchren, zu vermarkten und zu wachsen. Buche deine kostenlose Demo!\" \/>\n<meta name=\"robots\" content=\"index, follow, max-snippet:-1, max-image-preview:large, max-video-preview:-1\" \/>\n<link rel=\"canonical\" href=\"https:\/\/www.phorest.com\/de\/demo\/\" \/>\n<meta property=\"og:locale\" content=\"de_DE\" \/>\n<meta property=\"og:type\" content=\"article\" \/>\n<meta property=\"og:title\" content=\"Buche eine kostenlose Produktpr\u00e4sentation und Beratung mit der Phorest Salonsoftware\" \/>\n<meta property=\"og:description\" content=\"Finde heraus, wie die Phorest Salonsoftware deinen Salon oder dein Spa ver\u00e4ndern kann - Sie hilft dir dabei dein Gesch\u00e4ft zu f\u00fchren, zu vermarkten und zu wachsen. Buche deine kostenlose Demo!\" \/>\n<meta property=\"og:url\" content=\"https:\/\/www.phorest.com\/de\/demo\/\" \/>\n<meta property=\"og:site_name\" content=\"Phorest\" \/>\n<meta property=\"article:publisher\" content=\"https:\/\/www.facebook.com\/phorestsalonsoftware\" \/>\n<meta property=\"article:modified_time\" content=\"2025-06-24T16:24:54+00:00\" \/>\n<meta property=\"og:image\" content=\"https:\/\/d2dfxqxblmblx4.cloudfront.net\/images\/logos\/phorest-acorn-logo.png\" \/>\n\t<meta property=\"og:image:width\" content=\"300\" \/>\n\t<meta property=\"og:image:height\" content=\"300\" \/>\n\t<meta property=\"og:image:type\" content=\"image\/png\" \/>\n<meta name=\"twitter:card\" content=\"summary_large_image\" \/>\n<meta name=\"twitter:image\" content=\"https:\/\/d2dfxqxblmblx4.cloudfront.net\/images\/logos\/phorest-acorn-logo.png\" \/>\n<meta name=\"twitter:site\" content=\"@thephorestword\" \/>\n<script type=\"application\/ld+json\" class=\"yoast-schema-graph\">{\"@context\":\"https:\/\/schema.org\",\"@graph\":[{\"@type\":\"WebPage\",\"@id\":\"https:\/\/www.phorest.com\/de\/demo\/\",\"url\":\"https:\/\/www.phorest.com\/de\/demo\/\",\"name\":\"Buche eine kostenlose Produktpr\u00e4sentation und Beratung mit der Phorest Salonsoftware\",\"isPartOf\":{\"@id\":\"https:\/\/www.phorest.com\/de\/#website\"},\"datePublished\":\"2021-05-26T08:40:31+00:00\",\"dateModified\":\"2025-06-24T16:24:54+00:00\",\"description\":\"Finde heraus, wie die Phorest Salonsoftware deinen Salon oder dein Spa ver\u00e4ndern kann - Sie hilft dir dabei dein Gesch\u00e4ft zu f\u00fchren, zu vermarkten und zu wachsen. Buche deine kostenlose Demo!\",\"breadcrumb\":{\"@id\":\"https:\/\/www.phorest.com\/de\/demo\/#breadcrumb\"},\"inLanguage\":\"de\",\"potentialAction\":[{\"@type\":\"ReadAction\",\"target\":[\"https:\/\/www.phorest.com\/de\/demo\/\"]}]},{\"@type\":\"BreadcrumbList\",\"@id\":\"https:\/\/www.phorest.com\/de\/demo\/#breadcrumb\",\"itemListElement\":[{\"@type\":\"ListItem\",\"position\":1,\"name\":\"Home\",\"item\":\"https:\/\/www.phorest.com\/de\/\"},{\"@type\":\"ListItem\",\"position\":2,\"name\":\"Request a demo\"}]},{\"@type\":\"WebSite\",\"@id\":\"https:\/\/www.phorest.com\/de\/#website\",\"url\":\"https:\/\/www.phorest.com\/de\/\",\"name\":\"Phorest\",\"description\":\"Salon Software - Hair &amp; Beauty - UK for Spa Management &amp; Appointments\",\"publisher\":{\"@id\":\"https:\/\/www.phorest.com\/de\/#organization\"},\"potentialAction\":[{\"@type\":\"SearchAction\",\"target\":{\"@type\":\"EntryPoint\",\"urlTemplate\":\"https:\/\/www.phorest.com\/de\/?s={search_term_string}\"},\"query-input\":{\"@type\":\"PropertyValueSpecification\",\"valueRequired\":true,\"valueName\":\"search_term_string\"}}],\"inLanguage\":\"de\"},{\"@type\":\"Organization\",\"@id\":\"https:\/\/www.phorest.com\/de\/#organization\",\"name\":\"Phorest Salon Software\",\"url\":\"https:\/\/www.phorest.com\/de\/\",\"logo\":{\"@type\":\"ImageObject\",\"inLanguage\":\"de\",\"@id\":\"https:\/\/www.phorest.com\/de\/#\/schema\/logo\/image\/\",\"url\":\"https:\/\/d2dfxqxblmblx4.cloudfront.net\/wp-content\/uploads\/2019\/10\/24141402\/phorest-acorn-logo1.png\",\"contentUrl\":\"https:\/\/d2dfxqxblmblx4.cloudfront.net\/wp-content\/uploads\/2019\/10\/24141402\/phorest-acorn-logo1.png\",\"width\":201,\"height\":202,\"caption\":\"Phorest Salon Software\"},\"image\":{\"@id\":\"https:\/\/www.phorest.com\/de\/#\/schema\/logo\/image\/\"},\"sameAs\":[\"https:\/\/www.facebook.com\/phorestsalonsoftware\",\"https:\/\/x.com\/thephorestword\",\"https:\/\/instagram.com\/phorest_salon_software\",\"https:\/\/www.linkedin.com\/company\/phorest?trk=company_name\",\"https:\/\/www.pinterest.com\/phorestss\/\",\"https:\/\/plus.google.com\/u\/0\/b\/101418954139594616916\/101418954139594616916\/posts\/p\/pub\"]}]}<\/script>\n<!-- \/ Yoast SEO plugin. -->","yoast_head_json":{"title":"Buche eine kostenlose Produktpr\u00e4sentation und Beratung mit der Phorest Salonsoftware","description":"Finde heraus, wie die Phorest Salonsoftware deinen Salon oder dein Spa ver\u00e4ndern kann - Sie hilft dir dabei dein Gesch\u00e4ft zu f\u00fchren, zu vermarkten und zu wachsen. Buche deine kostenlose Demo!","robots":{"index":"index","follow":"follow","max-snippet":"max-snippet:-1","max-image-preview":"max-image-preview:large","max-video-preview":"max-video-preview:-1"},"canonical":"https:\/\/www.phorest.com\/de\/demo\/","og_locale":"de_DE","og_type":"article","og_title":"Buche eine kostenlose Produktpr\u00e4sentation und Beratung mit der Phorest Salonsoftware","og_description":"Finde heraus, wie die Phorest Salonsoftware deinen Salon oder dein Spa ver\u00e4ndern kann - Sie hilft dir dabei dein Gesch\u00e4ft zu f\u00fchren, zu vermarkten und zu wachsen. Buche deine kostenlose Demo!","og_url":"https:\/\/www.phorest.com\/de\/demo\/","og_site_name":"Phorest","article_publisher":"https:\/\/www.facebook.com\/phorestsalonsoftware","article_modified_time":"2025-06-24T16:24:54+00:00","og_image":[{"width":300,"height":300,"url":"https:\/\/d2dfxqxblmblx4.cloudfront.net\/images\/logos\/phorest-acorn-logo.png","type":"image\/png"}],"twitter_card":"summary_large_image","twitter_image":"https:\/\/d2dfxqxblmblx4.cloudfront.net\/images\/logos\/phorest-acorn-logo.png","twitter_site":"@thephorestword","schema":{"@context":"https:\/\/schema.org","@graph":[{"@type":"WebPage","@id":"https:\/\/www.phorest.com\/de\/demo\/","url":"https:\/\/www.phorest.com\/de\/demo\/","name":"Buche eine kostenlose Produktpr\u00e4sentation und Beratung mit der Phorest Salonsoftware","isPartOf":{"@id":"https:\/\/www.phorest.com\/de\/#website"},"datePublished":"2021-05-26T08:40:31+00:00","dateModified":"2025-06-24T16:24:54+00:00","description":"Finde heraus, wie die Phorest Salonsoftware deinen Salon oder dein Spa ver\u00e4ndern kann - Sie hilft dir dabei dein Gesch\u00e4ft zu f\u00fchren, zu vermarkten und zu wachsen. Buche deine kostenlose Demo!","breadcrumb":{"@id":"https:\/\/www.phorest.com\/de\/demo\/#breadcrumb"},"inLanguage":"de","potentialAction":[{"@type":"ReadAction","target":["https:\/\/www.phorest.com\/de\/demo\/"]}]},{"@type":"BreadcrumbList","@id":"https:\/\/www.phorest.com\/de\/demo\/#breadcrumb","itemListElement":[{"@type":"ListItem","position":1,"name":"Home","item":"https:\/\/www.phorest.com\/de\/"},{"@type":"ListItem","position":2,"name":"Request a demo"}]},{"@type":"WebSite","@id":"https:\/\/www.phorest.com\/de\/#website","url":"https:\/\/www.phorest.com\/de\/","name":"Phorest","description":"Salon Software - Hair &amp; Beauty - UK for Spa Management &amp; Appointments","publisher":{"@id":"https:\/\/www.phorest.com\/de\/#organization"},"potentialAction":[{"@type":"SearchAction","target":{"@type":"EntryPoint","urlTemplate":"https:\/\/www.phorest.com\/de\/?s={search_term_string}"},"query-input":{"@type":"PropertyValueSpecification","valueRequired":true,"valueName":"search_term_string"}}],"inLanguage":"de"},{"@type":"Organization","@id":"https:\/\/www.phorest.com\/de\/#organization","name":"Phorest Salon Software","url":"https:\/\/www.phorest.com\/de\/","logo":{"@type":"ImageObject","inLanguage":"de","@id":"https:\/\/www.phorest.com\/de\/#\/schema\/logo\/image\/","url":"https:\/\/d2dfxqxblmblx4.cloudfront.net\/wp-content\/uploads\/2019\/10\/24141402\/phorest-acorn-logo1.png","contentUrl":"https:\/\/d2dfxqxblmblx4.cloudfront.net\/wp-content\/uploads\/2019\/10\/24141402\/phorest-acorn-logo1.png","width":201,"height":202,"caption":"Phorest Salon Software"},"image":{"@id":"https:\/\/www.phorest.com\/de\/#\/schema\/logo\/image\/"},"sameAs":["https:\/\/www.facebook.com\/phorestsalonsoftware","https:\/\/x.com\/thephorestword","https:\/\/instagram.com\/phorest_salon_software","https:\/\/www.linkedin.com\/company\/phorest?trk=company_name","https:\/\/www.pinterest.com\/phorestss\/","https:\/\/plus.google.com\/u\/0\/b\/101418954139594616916\/101418954139594616916\/posts\/p\/pub"]}]}},"_links":{"self":[{"href":"https:\/\/www.phorest.com\/de\/wp-json\/wp\/v2\/pages\/92972","targetHints":{"allow":["GET"]}}],"collection":[{"href":"https:\/\/www.phorest.com\/de\/wp-json\/wp\/v2\/pages"}],"about":[{"href":"https:\/\/www.phorest.com\/de\/wp-json\/wp\/v2\/types\/page"}],"author":[{"embeddable":true,"href":"https:\/\/www.phorest.com\/de\/wp-json\/wp\/v2\/users\/40058"}],"replies":[{"embeddable":true,"href":"https:\/\/www.phorest.com\/de\/wp-json\/wp\/v2\/comments?post=92972"}],"version-history":[{"count":5,"href":"https:\/\/www.phorest.com\/de\/wp-json\/wp\/v2\/pages\/92972\/revisions"}],"predecessor-version":[{"id":156722,"href":"https:\/\/www.phorest.com\/de\/wp-json\/wp\/v2\/pages\/92972\/revisions\/156722"}],"wp:attachment":[{"href":"https:\/\/www.phorest.com\/de\/wp-json\/wp\/v2\/media?parent=92972"}],"curies":[{"name":"wp","href":"https:\/\/api.w.org\/{rel}","templated":true}]}}