{"id":107274,"date":"2022-02-04T15:04:44","date_gmt":"2022-02-04T15:04:44","guid":{"rendered":"https:\/\/www.phorest.com\/growth-fund-terms-and-conditions\/"},"modified":"2022-04-11T14:29:54","modified_gmt":"2022-04-11T14:29:54","slug":"growth-fund-saannot-ja-ehdot","status":"publish","type":"page","link":"https:\/\/www.phorest.com\/fi\/growth-fund-saannot-ja-ehdot\/","title":{"rendered":"Phorest Growth Fund s\u00e4\u00e4nn\u00f6t ja ehdot"},"content":{"rendered":"\n<h2 class=\"wp-block-heading\">Voimaantulop\u00e4iv\u00e4: 1. maaliskuuta 2022<\/h2>\n\n\n\n<h2 class=\"wp-block-heading\">1. Yleist\u00e4<\/h2>\n\n\n\n<p>1.1 N\u00e4it\u00e4 k\u00e4ytt\u00f6ehtoja (\u201c<strong>K\u00e4ytt\u00f6ehdot<\/strong>\u201d) sovelletaan kaikkiin tapahtumin, jotka liittyv\u00e4t NDevor Systems Limitediin (Yrityksen rekisterinumero 369210), jonka rekister\u00f6ity toimisto on 9 Anglesea Row, Dublin 7, Irlanti, joka toimii nimell\u00e4 &#8220;Phorest&#8221; (&#8220;<strong>Phorest<\/strong>&#8220;) sek\u00e4 jokaiseen vaatimukset t\u00e4ytt\u00e4v\u00e4\u00e4n asiakkaaseen (&#8220;<strong>Salonkiasiakas<\/strong>&#8220;, \u201c<strong>sin\u00e4<\/strong>\u201d), joka j\u00e4tt\u00e4\u00e4 hakemuksen liitty\u00e4kseen Phorest-kasvuohjelmaan (\u201c<strong>Hakemus<\/strong>\u201d).<\/p>\n\n\n\n<p>1.2 Phorest-kasvuohjelma on Phorestin perustama takaisinantoaloite, joka auttaa menestyvi\u00e4 Salonkiasiakkaita tarjoamalla enint\u00e4\u00e4n 2 000 \u20ac\/$\/\u00a3 tai 8 000 AED (sijainnista riippuen) Salonkiasiakkaan liiketoiminnan kasvattamiseksi. Phorestin maksamat summat eiv\u00e4t sis\u00e4ll\u00e4 sovellettavaa arvonlis\u00e4veroa tai myyntiveroa.<\/p>\n\n\n\n<p>1.3 L\u00e4hett\u00e4m\u00e4ll\u00e4 Hakemuksen Phorest-kasvuohjelmaan Salonkiasiakas vakuuttaa t\u00e4ytt\u00e4v\u00e4ns\u00e4 n\u00e4iden K\u00e4ytt\u00f6ehtojen Kohdassa 2 asetetut kelpoisuusvaatimukset. Salonkiasiakas sitoutuu my\u00f6s noudattamaan n\u00e4it\u00e4 K\u00e4ytt\u00f6ehtoja osallistuessaan Phorest-kasvuohjelmaan.<\/p>\n\n\n\n<p>1.4 Hakemukset arvioi alan asiantuntijoista ja riippumattomista taloudellisista neuvonantajista koostuva itsen\u00e4inen paneeli (\u201c<strong>Phorest-kasvuohjelman Rahoitusarviopaneeli<\/strong>\u201d). Phorest-kasvuohjelman Rahoitusarviopaneelin j\u00e4sentiedot ovat saatavilla osoitteessa <a href=\"https:\/\/www.phorest.com\/gb\/resources\/the-phorest-growth-fund\/\">https:\/\/www.phorest.com\/gb\/resources\/the-phorest-growth-fund\/<\/a>.<\/p>\n\n\n\n<p>1.5 N\u00e4iden K\u00e4ytt\u00f6ehtojen mukaisesti hyv\u00e4ksytyille Hakemuksille voidaan my\u00f6nt\u00e4\u00e4 rahoitus Phorest-kasvuohjelman Rahoitusarviopaneelin sopima summa, joka on enint\u00e4\u00e4n 2 000 \u20ac\/$\/\u00a3 tai 8 000 AED (\u201c<strong>Menestyv\u00e4 Salonkiasiakas<\/strong>\u201d).<\/p>\n\n\n\n<p>1.6 Kaikki Phorestin n\u00e4iden K\u00e4ytt\u00f6ehtojen mukaisesti maksamat summat eiv\u00e4t sis\u00e4ll\u00e4 arvonlis\u00e4veroa, muita myyntiveroja tai v\u00e4hennyksi\u00e4 ja ennakonpid\u00e4tyksi\u00e4. Menestyv\u00e4 Salonkiasiakkaan on maksettava kaikki sovellettavat verot tai muut v\u00e4hennykset ja ennakonpid\u00e4tykset Phorestin maksamista summista sovellettavien lakien mukaisesti.<\/p>\n\n\n\n<h2 class=\"wp-block-heading\">2. KELPOISUUS JA OSALLISTUMINEN<\/h2>\n\n\n\n<p>2.1 Hakemukset ovat saatavilla Salonkiasiakkaille maailmanlaajuisesti.\u00a0<\/p>\n\n\n\n<p>2.2 J\u00e4tt\u00e4\u00e4kseen Hakemuksen Phorest-kasvuohjelmaan Salonkiasiakkaan on oltava: (i) nykyinen Phorestin asiakas ja t\u00e4ytett\u00e4v\u00e4 Kohdassa 2.3 asetetut ehdot, tai; (ii) yritys, joka on liittynyt yhden kuukauden kuluessa Voimaantulop\u00e4iv\u00e4st\u00e4 (\u201cUusi Asiakas\u201d).<\/p>\n\n\n\n<p>2.3 Olemassa oleva asiakas<\/p>\n\n\n\n<p>2.3.1 Ollakseen oikeutettu Phorest-kasvuohjelmaan Phorestin nykyisen\u00e4 asiakkaana Salonkiasiakas on:<br>a) tullut Phorestin asiakkaaksi ja saanut palveluja Phorestilta v\u00e4hint\u00e4\u00e4n kolme (3) kuukautta ennen yll\u00e4 olevaa Voimaantulop\u00e4iv\u00e4\u00e4;<br>(b) Voimaantulop\u00e4iv\u00e4\u00e4n menness\u00e4 maksanut kaikki Phorestin tarjoamista palveluista er\u00e4\u00e4ntyv\u00e4t maksut; ja<br>(c) Salonkiasiakkaalla on oltava v\u00e4hint\u00e4\u00e4n yksi yrityksen omistaja (joko yksityisyritt\u00e4j\u00e4 tai yritysjohtaja) ja se on ty\u00f6llistett\u00e4v\u00e4 kaksi ty\u00f6ntekij\u00e4\u00e4.<\/p>\n\n\n\n<p>2.4 Uusi Asiakas<\/p>\n\n\n\n<p>2.4.1 Osallistuakseen Phorest-kasvuohjelmaan Phorestin Uutena Asiakkaana (m\u00e4\u00e4ritelty kohdassa 2.2) Salonkiasiakas on:<br>(a) on edell\u00e4 mainittuna Voimaantulop\u00e4iv\u00e4n\u00e4 solminut sopimuksen Phorestin kanssa palvelujen tarjoamisesta sinulle v\u00e4hint\u00e4\u00e4n kahdentoista (12) kuukauden ajan; ja<br>(b) edell\u00e4 Kohdassa 2.4.1 (a) kuvatun kahdentoista (12) kuukauden loppuun menness\u00e4 Salonkiasiakkaalla on oltava v\u00e4hint\u00e4\u00e4n yksi yrityksen omistaja (joko yksityisyritt\u00e4j\u00e4 tai yritysjohtaja) ja sen on ty\u00f6llistett\u00e4v\u00e4 kaksi ty\u00f6ntekij\u00e4\u00e4.<\/p>\n\n\n\n<p>2.5 Salonkiasiakas voi l\u00e4hett\u00e4\u00e4 vain yhden Hakemuksen yritykselleen.<\/p>\n\n\n\n<p>2.6 Salonkiasiakas hyv\u00e4ksyy ja vahvistaa, ett\u00e4 Hakemus Phorest-kasvuohjelmaan ei ole Phorestin tarjous Salonkiasiakkaalle eik\u00e4 Phorestilla ole velvollinen suorittamaan maksuja Salonkiasiakkaalle Phorest-kasvuohjelmasta eik\u00e4 muullakaan tavalla.<\/p>\n\n\n\n<p>2.7 Phorest pid\u00e4tt\u00e4\u00e4 ilman vastuuta oikeuden hyl\u00e4t\u00e4 mink\u00e4 tahansa Salonkiasiakkaan Phorest-kasvuohjelmaan j\u00e4tt\u00e4m\u00e4n Hakemuksen.<\/p>\n\n\n\n<p>2.8 Phorest pid\u00e4tt\u00e4\u00e4 oikeuden muuttaa n\u00e4it\u00e4 K\u00e4ytt\u00f6ehtoja ajoittain julkaisemalla muutetun version K\u00e4ytt\u00f6ehdoista verkkosivustolle <a href=\"http:\/\/www.phorest.com\">www.phorest.com<\/a> (\u201cVerkkosivusto\u201d). Muutettu versio tulee voimaan:<\/p>\n\n\n\n<p>2.8.1 10 p\u00e4iv\u00e4\u00e4 julkaisemisen j\u00e4lkeen; tai<\/p>\n\n\n\n<p>2.8.2 My\u00f6hemp\u00e4n\u00e4 ajankohtana, joka ilmoitetaan Verkkosivustolla<\/p>\n\n\n\n<p>Salonkiasiakkaan kyseisen\u00e4 p\u00e4iv\u00e4n\u00e4 tai sen j\u00e4lkeen j\u00e4tt\u00e4mien Hakemusten osalta.<\/p>\n\n\n\n<p>2.9 Osallistuvalla Salonkiasiakkaalla tulee olla rekister\u00f6ity toiminimi ja sen on oltava rekister\u00f6ity ALV-verovelvolliseksi tai muuhun soveltuvaan veroon. Salonkiasiakas on yksinomaan vastuussa Salonkiasiakkaan liiketoiminnan verovelvoitteista.<\/p>\n\n\n\n<p>2.10 Osallistuvan Salonkiasiakkaan tulee liitt\u00e4\u00e4 mukaan liiketoimintasuunnitelma ja kassavirtaennuste osana Hakemusta. Phorest laatii mallilomakkeen Hakemuksen liiketoimintasuunnitelmasta ja kassavirtaennusteesta ja julkaisee ne Verkkosivustolle.<\/p>\n\n\n\n<p>2.11 Menestyv\u00e4n Salonkiasiakkaan tulee osallistua kaikkeen Phorest-kasvurahastoon liittyv\u00e4\u00e4n kohtuulliseen julkisuuteen.<\/p>\n\n\n\n<p>2.12 Menestyv\u00e4n Salonkiasiakkaan tulee tilata Phorestin palvelut kahdentoista (12) kuukauden ajan rahastomaksun vastaanottamisp\u00e4iv\u00e4st\u00e4.<\/p>\n\n\n\n<h2 class=\"wp-block-heading\">3. <strong>SALONKIASIAKKAAN takuut<\/strong><\/h2>\n\n\n\n<p>3.1 Salonkiasiakas takaa ja edustaa:<\/p>\n\n\n\n<p>3.1.1 Ettei sill\u00e4 ole henkil\u00f6kohtaista suhdetta tai yhteytt\u00e4 Phorestiin tai Phorest-kasvuohjelman Rahoitusarviopaneelin j\u00e4seneen; ja<\/p>\n\n\n\n<p>3.1.2 Jos Hakemus hyv\u00e4ksyt\u00e4\u00e4n, se kirjaa kirjanpitoonsa ja taloustietoihinsa kaikki Phorest-kasvuohjelmasta saadut maksut Salonkiasiakkaan laink\u00e4ytt\u00f6alueen sovellettavien lakien mukaisesti.<\/p>\n\n\n\n<h2 class=\"wp-block-heading\">4. <strong>JULKISUUS<\/strong><\/h2>\n\n\n\n<p>4.1 Jos olet Menestyv\u00e4 Salonkiasiakas, voimme kutsua sinut osallistumaan Phorest-kasvuohjelmaan liittyviin palkattomiin kampanjoihin (mukaan lukien mainonta). T\u00e4m\u00e4 julkisuus voi sis\u00e4lt\u00e4\u00e4 julkaisua verkkosivustollemme ja sosiaalisessa mediassamme, johon sis\u00e4ltyy koko nimesi, maasi, valokuvasi, palkintotietosi ja suosituksesi palkintoon ja Phorestiin liittyen. T\u00e4ss\u00e4 suhteessa my\u00f6nn\u00e4t meille ei-yksinomaisen, pysyv\u00e4n, rojaltivapaan ja maailmanlaajuisen lisenssin, ja lis\u00e4ksi meill\u00e4 on oikeus alilisensoida lausuntosi julkisuustarkoituksiin, mink\u00e4 vuoksi luovut kaikista moraalisista oikeuksistasi. Jos suostut osallistumaan julkisuuteen, pid\u00e4t\u00e4mme oikeuden olla toteuttamatta julkisuutta. Jos kutsumme Menestyv\u00e4n Salonkiasiakkaan osallistumaan julkisuuteen, se ei tarkoita, ett\u00e4 olemme velvollisia l\u00e4hett\u00e4m\u00e4\u00e4n samaa tai vastaavaa kutsua muille Menestyville Salonkiasiakkaille tai toteuttamaan kutsutulle tarjottua julkisuutta.<\/p>\n\n\n\n<p>4.2 Kaikki Hakemuksesi yhteydess\u00e4 k\u00e4sittelem\u00e4mme henkil\u00f6tiedot sek\u00e4 kaikki rahaston palkinnot ja osallistuminen julkisuuteen ovat tietosuojak\u00e4yt\u00e4nt\u00f6mme mukaisia.<\/p>\n\n\n\n<h2 class=\"wp-block-heading\">5. \u00a0<strong>VASTUUN RAJOITUS<\/strong><\/h2>\n\n\n\n<p>5.1 Phorest ei ole vastuussa menetyksist\u00e4 tai vahingoista, jotka aiheutuvat Phorest-kasvuohjelman varojen viiv\u00e4stymisest\u00e4 tai toimittamatta j\u00e4tt\u00e4misest\u00e4, joka johtuu syist\u00e4, joihin Phorest ei voi vaikuttaa.<\/p>\n\n\n\n<p>5.2 Lain sallimissa rajoissa Phorest:<\/p>\n\n\n\n<p>5.2.1 irtisanoutuu kaikista takuista, ehdoista ja sitoumuksista, joko nimenomaisista tai oletetuista; ja<\/p>\n\n\n\n<p>5.2.2 ei ole vastuussa vahingoista, menetyksist\u00e4, vastuista, vammoista tai pettymyksist\u00e4, joita Salonkiasiakkaalle on aiheutunut Hakemuksen j\u00e4tt\u00e4misen tai maksun vastaanottamisen seurauksena.<\/p>\n\n\n\n<h2 class=\"wp-block-heading\">6. <strong>TIETOSUOJA<\/strong><\/h2>\n\n\n\n<p>6.1 Salonkiasiakkaan Phorestille Phorest-kasvuohjelman yhteydess\u00e4 toimittamia henkil\u00f6tietoja k\u00e4sitell\u00e4\u00e4n Phorestin tietosuojak\u00e4yt\u00e4nn\u00f6n mukaisesti, joka on saatavilla osoitteessa <a href=\"https:\/\/www.phorest.com\/gb\/privacy\/\">https:\/\/www.phorest.com\/gb\/privacy\/<\/a>.\u00a0<\/p>\n\n\n\n<h2 class=\"wp-block-heading\">7. <strong>Toimeksianto ja koko sopimus<\/strong><\/h2>\n\n\n\n<p>7.1 Phorest voi oman harkintansa mukaan siirt\u00e4\u00e4 tai teett\u00e4\u00e4 alihankintana mink\u00e4 tahansa tai kaikki n\u00e4iden K\u00e4ytt\u00f6ehtojen mukaiset oikeutemme ja velvoitteemme kanssasi kolmannelle osapuolelle. Salonkiasiakas ei saa luovuttaa tai h\u00e4vitt\u00e4\u00e4 n\u00e4ist\u00e4 K\u00e4ytt\u00f6ehdoista johtuvia oikeuksiaan tai velvoitteitaan.\u00a0<\/p>\n\n\n\n<p>7.2 N\u00e4m\u00e4 K\u00e4ytt\u00f6ehdot muodostavat Phorestin ja Salonkiasiakkaan v\u00e4lisen sopimuksen Phorest-kasvuohjelmassa kokonaisuudessaan. Jos jokin n\u00e4iden K\u00e4ytt\u00f6ehtojen ehto on lainvastainen, mit\u00e4t\u00f6n tai jostain syyst\u00e4 t\u00e4yt\u00e4nt\u00f6\u00f6npanokelvoton, kyseinen m\u00e4\u00e4r\u00e4ys katsotaan erotettavaksi n\u00e4ist\u00e4 K\u00e4ytt\u00f6ehdoista, eik\u00e4 se vaikuta muiden ehtojen p\u00e4tevyyteen ja t\u00e4yt\u00e4nt\u00f6\u00f6npanokelpoisuuteen.<\/p>\n\n\n\n<h2 class=\"wp-block-heading\">8. <strong>SOVELLETTAVA LAKI<\/strong><\/h2>\n\n\n\n<p>8.1 N\u00e4iden K\u00e4ytt\u00f6ehtojen rakentamiseen ja t\u00e4ytt\u00e4miseen sovelletaan Irlannin lakeja, ja Salonkiasiakas peruuttamattomasti alistuu Irlannin tuomioistuinten yksinomaiseen toimivaltaan.<\/p>\n","protected":false},"excerpt":{"rendered":"<p>Voimaantulop\u00e4iv\u00e4: 1. maaliskuuta 2022 1. Yleist\u00e4 1.1 N\u00e4it\u00e4 k\u00e4ytt\u00f6ehtoja (\u201cK\u00e4ytt\u00f6ehdot\u201d) sovelletaan kaikkiin tapahtumin, jotka liittyv\u00e4t NDevor Systems Limitediin (Yrityksen rekisterinumero 369210), jonka rekister\u00f6ity toimisto on 9 Anglesea Row, Dublin 7, Irlanti, joka toimii nimell\u00e4 &#8220;Phorest&#8221; (&#8220;Phorest&#8220;) sek\u00e4 jokaiseen vaatimukset t\u00e4ytt\u00e4v\u00e4\u00e4n asiakkaaseen (&#8220;Salonkiasiakas&#8220;, \u201csin\u00e4\u201d), joka j\u00e4tt\u00e4\u00e4 hakemuksen liitty\u00e4kseen Phorest-kasvuohjelmaan (\u201cHakemus\u201d). 1.2 Phorest-kasvuohjelma on Phorestin perustama takaisinantoaloite, &hellip; <a href=\"https:\/\/www.phorest.com\/fi\/growth-fund-saannot-ja-ehdot\/\">Continued<\/a><\/p>\n","protected":false},"author":27,"featured_media":0,"parent":0,"menu_order":0,"comment_status":"closed","ping_status":"closed","template":"","meta":{"_acf_changed":false,"footnotes":""},"class_list":["post-107274","page","type-page","status-publish","hentry"],"acf":[],"yoast_head":"<!-- This site is optimized with the Yoast SEO plugin v25.1 - https:\/\/yoast.com\/wordpress\/plugins\/seo\/ -->\n<title>Phorest Growth Fund s\u00e4\u00e4nn\u00f6t ja ehdot | Phorest<\/title>\n<meta name=\"robots\" content=\"index, follow, max-snippet:-1, max-image-preview:large, max-video-preview:-1\" \/>\n<link rel=\"canonical\" href=\"https:\/\/www.phorest.com\/fi\/growth-fund-saannot-ja-ehdot\/\" \/>\n<meta property=\"og:locale\" content=\"fi_FI\" \/>\n<meta property=\"og:type\" content=\"article\" \/>\n<meta property=\"og:title\" content=\"Phorest Growth Fund s\u00e4\u00e4nn\u00f6t ja ehdot | Phorest\" \/>\n<meta property=\"og:description\" content=\"Voimaantulop\u00e4iv\u00e4: 1. maaliskuuta 2022 1. Yleist\u00e4 1.1 N\u00e4it\u00e4 k\u00e4ytt\u00f6ehtoja (\u201cK\u00e4ytt\u00f6ehdot\u201d) sovelletaan kaikkiin tapahtumin, jotka liittyv\u00e4t NDevor Systems Limitediin (Yrityksen rekisterinumero 369210), jonka rekister\u00f6ity toimisto on 9 Anglesea Row, Dublin 7, Irlanti, joka toimii nimell\u00e4 &#8220;Phorest&#8221; (&#8220;Phorest&#8220;) sek\u00e4 jokaiseen vaatimukset t\u00e4ytt\u00e4v\u00e4\u00e4n asiakkaaseen (&#8220;Salonkiasiakas&#8220;, \u201csin\u00e4\u201d), joka j\u00e4tt\u00e4\u00e4 hakemuksen liitty\u00e4kseen Phorest-kasvuohjelmaan (\u201cHakemus\u201d). 1.2 Phorest-kasvuohjelma on Phorestin perustama takaisinantoaloite, &hellip; Continued\" \/>\n<meta property=\"og:url\" content=\"https:\/\/www.phorest.com\/fi\/growth-fund-saannot-ja-ehdot\/\" \/>\n<meta property=\"og:site_name\" content=\"Phorest\" \/>\n<meta property=\"article:publisher\" content=\"https:\/\/www.facebook.com\/phorestsalonsoftware\" \/>\n<meta property=\"article:modified_time\" content=\"2022-04-11T14:29:54+00:00\" \/>\n<meta property=\"og:image\" content=\"https:\/\/d2dfxqxblmblx4.cloudfront.net\/images\/logos\/phorest-acorn-logo.png\" \/>\n\t<meta property=\"og:image:width\" content=\"300\" \/>\n\t<meta property=\"og:image:height\" content=\"300\" \/>\n\t<meta property=\"og:image:type\" content=\"image\/png\" \/>\n<meta name=\"twitter:card\" content=\"summary_large_image\" \/>\n<meta name=\"twitter:image\" content=\"https:\/\/d2dfxqxblmblx4.cloudfront.net\/images\/logos\/phorest-acorn-logo.png\" \/>\n<meta name=\"twitter:site\" content=\"@thephorestword\" \/>\n<meta name=\"twitter:label1\" content=\"Est. reading time\" \/>\n\t<meta name=\"twitter:data1\" content=\"4 minutes\" \/>\n<script type=\"application\/ld+json\" class=\"yoast-schema-graph\">{\"@context\":\"https:\/\/schema.org\",\"@graph\":[{\"@type\":\"WebPage\",\"@id\":\"https:\/\/www.phorest.com\/fi\/growth-fund-saannot-ja-ehdot\/\",\"url\":\"https:\/\/www.phorest.com\/fi\/growth-fund-saannot-ja-ehdot\/\",\"name\":\"Phorest Growth Fund s\u00e4\u00e4nn\u00f6t ja ehdot | Phorest\",\"isPartOf\":{\"@id\":\"https:\/\/www.phorest.com\/fi\/#website\"},\"datePublished\":\"2022-02-04T15:04:44+00:00\",\"dateModified\":\"2022-04-11T14:29:54+00:00\",\"breadcrumb\":{\"@id\":\"https:\/\/www.phorest.com\/fi\/growth-fund-saannot-ja-ehdot\/#breadcrumb\"},\"inLanguage\":\"fi-FI\",\"potentialAction\":[{\"@type\":\"ReadAction\",\"target\":[\"https:\/\/www.phorest.com\/fi\/growth-fund-saannot-ja-ehdot\/\"]}]},{\"@type\":\"BreadcrumbList\",\"@id\":\"https:\/\/www.phorest.com\/fi\/growth-fund-saannot-ja-ehdot\/#breadcrumb\",\"itemListElement\":[{\"@type\":\"ListItem\",\"position\":1,\"name\":\"Home\",\"item\":\"https:\/\/www.phorest.com\/fi\/\"},{\"@type\":\"ListItem\",\"position\":2,\"name\":\"Phorest Growth Fund s\u00e4\u00e4nn\u00f6t ja ehdot\"}]},{\"@type\":\"WebSite\",\"@id\":\"https:\/\/www.phorest.com\/fi\/#website\",\"url\":\"https:\/\/www.phorest.com\/fi\/\",\"name\":\"Phorest\",\"description\":\"Salon Software for Hair, Beauty, Barber &amp; Spa Businesses\",\"publisher\":{\"@id\":\"https:\/\/www.phorest.com\/fi\/#organization\"},\"potentialAction\":[{\"@type\":\"SearchAction\",\"target\":{\"@type\":\"EntryPoint\",\"urlTemplate\":\"https:\/\/www.phorest.com\/fi\/?s={search_term_string}\"},\"query-input\":{\"@type\":\"PropertyValueSpecification\",\"valueRequired\":true,\"valueName\":\"search_term_string\"}}],\"inLanguage\":\"fi-FI\"},{\"@type\":\"Organization\",\"@id\":\"https:\/\/www.phorest.com\/fi\/#organization\",\"name\":\"Phorest Salon Software\",\"url\":\"https:\/\/www.phorest.com\/fi\/\",\"logo\":{\"@type\":\"ImageObject\",\"inLanguage\":\"fi-FI\",\"@id\":\"https:\/\/www.phorest.com\/fi\/#\/schema\/logo\/image\/\",\"url\":\"https:\/\/d2dfxqxblmblx4.cloudfront.net\/wp-content\/uploads\/2019\/10\/24141402\/phorest-acorn-logo1.png\",\"contentUrl\":\"https:\/\/d2dfxqxblmblx4.cloudfront.net\/wp-content\/uploads\/2019\/10\/24141402\/phorest-acorn-logo1.png\",\"width\":201,\"height\":202,\"caption\":\"Phorest Salon Software\"},\"image\":{\"@id\":\"https:\/\/www.phorest.com\/fi\/#\/schema\/logo\/image\/\"},\"sameAs\":[\"https:\/\/www.facebook.com\/phorestsalonsoftware\",\"https:\/\/x.com\/thephorestword\",\"https:\/\/instagram.com\/phorest_salon_software\",\"https:\/\/www.linkedin.com\/company\/phorest?trk=company_name\",\"https:\/\/www.pinterest.com\/phorestss\/\",\"https:\/\/plus.google.com\/u\/0\/b\/101418954139594616916\/101418954139594616916\/posts\/p\/pub\"]}]}<\/script>\n<!-- \/ Yoast SEO plugin. -->","yoast_head_json":{"title":"Phorest Growth Fund s\u00e4\u00e4nn\u00f6t ja ehdot | Phorest","robots":{"index":"index","follow":"follow","max-snippet":"max-snippet:-1","max-image-preview":"max-image-preview:large","max-video-preview":"max-video-preview:-1"},"canonical":"https:\/\/www.phorest.com\/fi\/growth-fund-saannot-ja-ehdot\/","og_locale":"fi_FI","og_type":"article","og_title":"Phorest Growth Fund s\u00e4\u00e4nn\u00f6t ja ehdot | Phorest","og_description":"Voimaantulop\u00e4iv\u00e4: 1. maaliskuuta 2022 1. Yleist\u00e4 1.1 N\u00e4it\u00e4 k\u00e4ytt\u00f6ehtoja (\u201cK\u00e4ytt\u00f6ehdot\u201d) sovelletaan kaikkiin tapahtumin, jotka liittyv\u00e4t NDevor Systems Limitediin (Yrityksen rekisterinumero 369210), jonka rekister\u00f6ity toimisto on 9 Anglesea Row, Dublin 7, Irlanti, joka toimii nimell\u00e4 &#8220;Phorest&#8221; (&#8220;Phorest&#8220;) sek\u00e4 jokaiseen vaatimukset t\u00e4ytt\u00e4v\u00e4\u00e4n asiakkaaseen (&#8220;Salonkiasiakas&#8220;, \u201csin\u00e4\u201d), joka j\u00e4tt\u00e4\u00e4 hakemuksen liitty\u00e4kseen Phorest-kasvuohjelmaan (\u201cHakemus\u201d). 1.2 Phorest-kasvuohjelma on Phorestin perustama takaisinantoaloite, &hellip; Continued","og_url":"https:\/\/www.phorest.com\/fi\/growth-fund-saannot-ja-ehdot\/","og_site_name":"Phorest","article_publisher":"https:\/\/www.facebook.com\/phorestsalonsoftware","article_modified_time":"2022-04-11T14:29:54+00:00","og_image":[{"width":300,"height":300,"url":"https:\/\/d2dfxqxblmblx4.cloudfront.net\/images\/logos\/phorest-acorn-logo.png","type":"image\/png"}],"twitter_card":"summary_large_image","twitter_image":"https:\/\/d2dfxqxblmblx4.cloudfront.net\/images\/logos\/phorest-acorn-logo.png","twitter_site":"@thephorestword","twitter_misc":{"Est. reading time":"4 minutes"},"schema":{"@context":"https:\/\/schema.org","@graph":[{"@type":"WebPage","@id":"https:\/\/www.phorest.com\/fi\/growth-fund-saannot-ja-ehdot\/","url":"https:\/\/www.phorest.com\/fi\/growth-fund-saannot-ja-ehdot\/","name":"Phorest Growth Fund s\u00e4\u00e4nn\u00f6t ja ehdot | Phorest","isPartOf":{"@id":"https:\/\/www.phorest.com\/fi\/#website"},"datePublished":"2022-02-04T15:04:44+00:00","dateModified":"2022-04-11T14:29:54+00:00","breadcrumb":{"@id":"https:\/\/www.phorest.com\/fi\/growth-fund-saannot-ja-ehdot\/#breadcrumb"},"inLanguage":"fi-FI","potentialAction":[{"@type":"ReadAction","target":["https:\/\/www.phorest.com\/fi\/growth-fund-saannot-ja-ehdot\/"]}]},{"@type":"BreadcrumbList","@id":"https:\/\/www.phorest.com\/fi\/growth-fund-saannot-ja-ehdot\/#breadcrumb","itemListElement":[{"@type":"ListItem","position":1,"name":"Home","item":"https:\/\/www.phorest.com\/fi\/"},{"@type":"ListItem","position":2,"name":"Phorest Growth Fund s\u00e4\u00e4nn\u00f6t ja ehdot"}]},{"@type":"WebSite","@id":"https:\/\/www.phorest.com\/fi\/#website","url":"https:\/\/www.phorest.com\/fi\/","name":"Phorest","description":"Salon Software for Hair, Beauty, Barber &amp; Spa Businesses","publisher":{"@id":"https:\/\/www.phorest.com\/fi\/#organization"},"potentialAction":[{"@type":"SearchAction","target":{"@type":"EntryPoint","urlTemplate":"https:\/\/www.phorest.com\/fi\/?s={search_term_string}"},"query-input":{"@type":"PropertyValueSpecification","valueRequired":true,"valueName":"search_term_string"}}],"inLanguage":"fi-FI"},{"@type":"Organization","@id":"https:\/\/www.phorest.com\/fi\/#organization","name":"Phorest Salon Software","url":"https:\/\/www.phorest.com\/fi\/","logo":{"@type":"ImageObject","inLanguage":"fi-FI","@id":"https:\/\/www.phorest.com\/fi\/#\/schema\/logo\/image\/","url":"https:\/\/d2dfxqxblmblx4.cloudfront.net\/wp-content\/uploads\/2019\/10\/24141402\/phorest-acorn-logo1.png","contentUrl":"https:\/\/d2dfxqxblmblx4.cloudfront.net\/wp-content\/uploads\/2019\/10\/24141402\/phorest-acorn-logo1.png","width":201,"height":202,"caption":"Phorest Salon Software"},"image":{"@id":"https:\/\/www.phorest.com\/fi\/#\/schema\/logo\/image\/"},"sameAs":["https:\/\/www.facebook.com\/phorestsalonsoftware","https:\/\/x.com\/thephorestword","https:\/\/instagram.com\/phorest_salon_software","https:\/\/www.linkedin.com\/company\/phorest?trk=company_name","https:\/\/www.pinterest.com\/phorestss\/","https:\/\/plus.google.com\/u\/0\/b\/101418954139594616916\/101418954139594616916\/posts\/p\/pub"]}]}},"_links":{"self":[{"href":"https:\/\/www.phorest.com\/fi\/wp-json\/wp\/v2\/pages\/107274","targetHints":{"allow":["GET"]}}],"collection":[{"href":"https:\/\/www.phorest.com\/fi\/wp-json\/wp\/v2\/pages"}],"about":[{"href":"https:\/\/www.phorest.com\/fi\/wp-json\/wp\/v2\/types\/page"}],"author":[{"embeddable":true,"href":"https:\/\/www.phorest.com\/fi\/wp-json\/wp\/v2\/users\/27"}],"replies":[{"embeddable":true,"href":"https:\/\/www.phorest.com\/fi\/wp-json\/wp\/v2\/comments?post=107274"}],"version-history":[{"count":5,"href":"https:\/\/www.phorest.com\/fi\/wp-json\/wp\/v2\/pages\/107274\/revisions"}],"predecessor-version":[{"id":108688,"href":"https:\/\/www.phorest.com\/fi\/wp-json\/wp\/v2\/pages\/107274\/revisions\/108688"}],"wp:attachment":[{"href":"https:\/\/www.phorest.com\/fi\/wp-json\/wp\/v2\/media?parent=107274"}],"curies":[{"name":"wp","href":"https:\/\/api.w.org\/{rel}","templated":true}]}}