{"id":118343,"date":"2020-03-25T15:04:05","date_gmt":"2020-03-25T15:04:05","guid":{"rendered":"https:\/\/www.phorest.com\/ominaisuudet\/salon-payment-processing\/"},"modified":"2023-08-15T16:01:52","modified_gmt":"2023-08-15T16:01:52","slug":"phorest-pay","status":"publish","type":"page","link":"https:\/\/www.phorest.com\/fi\/ominaisuudet\/phorest-pay\/","title":{"rendered":"PhorestPay"},"content":{"rendered":"","protected":false},"excerpt":{"rendered":"","protected":false},"author":27,"featured_media":0,"parent":57728,"menu_order":0,"comment_status":"closed","ping_status":"closed","template":"views\/template-feature.blade.php","meta":{"_acf_changed":false,"footnotes":""},"class_list":["post-118343","page","type-page","status-publish","hentry"],"acf":[],"yoast_head":"<!-- This site is optimized with the Yoast SEO plugin v25.1 - https:\/\/yoast.com\/wordpress\/plugins\/seo\/ -->\n<title>Maksup\u00e4\u00e4te &amp; Kortiton maksujen k\u00e4sittely kampaamoissa | PhorestPay<\/title>\n<meta name=\"description\" content=\"Take card terminal &amp; cardless payments and deposits from anywhere in your salon with PhorestPay, Phorest&#039;s all-in-one payment processing.\" \/>\n<meta name=\"robots\" content=\"index, follow, max-snippet:-1, max-image-preview:large, max-video-preview:-1\" \/>\n<link rel=\"canonical\" href=\"https:\/\/www.phorest.com\/fi\/ominaisuudet\/phorest-pay\/\" \/>\n<meta property=\"og:locale\" content=\"fi_FI\" \/>\n<meta property=\"og:type\" content=\"article\" \/>\n<meta property=\"og:title\" content=\"Maksup\u00e4\u00e4te &amp; Kortiton maksujen k\u00e4sittely kampaamoissa | PhorestPay\" \/>\n<meta property=\"og:description\" content=\"Take card terminal &amp; cardless payments and deposits from anywhere in your salon with PhorestPay, Phorest&#039;s all-in-one payment processing.\" \/>\n<meta property=\"og:url\" content=\"https:\/\/www.phorest.com\/fi\/ominaisuudet\/phorest-pay\/\" \/>\n<meta property=\"og:site_name\" content=\"Phorest\" \/>\n<meta property=\"article:publisher\" content=\"https:\/\/www.facebook.com\/phorestsalonsoftware\" \/>\n<meta property=\"article:modified_time\" content=\"2023-08-15T16:01:52+00:00\" \/>\n<meta property=\"og:image\" content=\"https:\/\/d2dfxqxblmblx4.cloudfront.net\/images\/logos\/phorest-acorn-logo.png\" \/>\n\t<meta property=\"og:image:width\" content=\"300\" \/>\n\t<meta property=\"og:image:height\" content=\"300\" \/>\n\t<meta property=\"og:image:type\" content=\"image\/png\" \/>\n<meta name=\"twitter:card\" content=\"summary_large_image\" \/>\n<meta name=\"twitter:image\" content=\"https:\/\/d2dfxqxblmblx4.cloudfront.net\/images\/logos\/phorest-acorn-logo.png\" \/>\n<meta name=\"twitter:site\" content=\"@thephorestword\" \/>\n<script type=\"application\/ld+json\" class=\"yoast-schema-graph\">{\"@context\":\"https:\/\/schema.org\",\"@graph\":[{\"@type\":\"WebPage\",\"@id\":\"https:\/\/www.phorest.com\/fi\/ominaisuudet\/phorest-pay\/\",\"url\":\"https:\/\/www.phorest.com\/fi\/ominaisuudet\/phorest-pay\/\",\"name\":\"Maksup\u00e4\u00e4te & Kortiton maksujen k\u00e4sittely kampaamoissa | PhorestPay\",\"isPartOf\":{\"@id\":\"https:\/\/www.phorest.com\/fi\/#website\"},\"datePublished\":\"2020-03-25T15:04:05+00:00\",\"dateModified\":\"2023-08-15T16:01:52+00:00\",\"description\":\"Take card terminal & cardless payments and deposits from anywhere in your salon with PhorestPay, Phorest's all-in-one payment processing.\",\"breadcrumb\":{\"@id\":\"https:\/\/www.phorest.com\/fi\/ominaisuudet\/phorest-pay\/#breadcrumb\"},\"inLanguage\":\"fi-FI\",\"potentialAction\":[{\"@type\":\"ReadAction\",\"target\":[\"https:\/\/www.phorest.com\/fi\/ominaisuudet\/phorest-pay\/\"]}]},{\"@type\":\"BreadcrumbList\",\"@id\":\"https:\/\/www.phorest.com\/fi\/ominaisuudet\/phorest-pay\/#breadcrumb\",\"itemListElement\":[{\"@type\":\"ListItem\",\"position\":1,\"name\":\"Home\",\"item\":\"https:\/\/www.phorest.com\/fi\/\"},{\"@type\":\"ListItem\",\"position\":2,\"name\":\"Features\",\"item\":\"https:\/\/www.phorest.com\/fi\/ominaisuudet\/\"},{\"@type\":\"ListItem\",\"position\":3,\"name\":\"PhorestPay\"}]},{\"@type\":\"WebSite\",\"@id\":\"https:\/\/www.phorest.com\/fi\/#website\",\"url\":\"https:\/\/www.phorest.com\/fi\/\",\"name\":\"Phorest\",\"description\":\"Salon Software for Hair, Beauty, Barber &amp; Spa Businesses\",\"publisher\":{\"@id\":\"https:\/\/www.phorest.com\/fi\/#organization\"},\"potentialAction\":[{\"@type\":\"SearchAction\",\"target\":{\"@type\":\"EntryPoint\",\"urlTemplate\":\"https:\/\/www.phorest.com\/fi\/?s={search_term_string}\"},\"query-input\":{\"@type\":\"PropertyValueSpecification\",\"valueRequired\":true,\"valueName\":\"search_term_string\"}}],\"inLanguage\":\"fi-FI\"},{\"@type\":\"Organization\",\"@id\":\"https:\/\/www.phorest.com\/fi\/#organization\",\"name\":\"Phorest Salon Software\",\"url\":\"https:\/\/www.phorest.com\/fi\/\",\"logo\":{\"@type\":\"ImageObject\",\"inLanguage\":\"fi-FI\",\"@id\":\"https:\/\/www.phorest.com\/fi\/#\/schema\/logo\/image\/\",\"url\":\"https:\/\/d2dfxqxblmblx4.cloudfront.net\/wp-content\/uploads\/2019\/10\/24141402\/phorest-acorn-logo1.png\",\"contentUrl\":\"https:\/\/d2dfxqxblmblx4.cloudfront.net\/wp-content\/uploads\/2019\/10\/24141402\/phorest-acorn-logo1.png\",\"width\":201,\"height\":202,\"caption\":\"Phorest Salon Software\"},\"image\":{\"@id\":\"https:\/\/www.phorest.com\/fi\/#\/schema\/logo\/image\/\"},\"sameAs\":[\"https:\/\/www.facebook.com\/phorestsalonsoftware\",\"https:\/\/x.com\/thephorestword\",\"https:\/\/instagram.com\/phorest_salon_software\",\"https:\/\/www.linkedin.com\/company\/phorest?trk=company_name\",\"https:\/\/www.pinterest.com\/phorestss\/\",\"https:\/\/plus.google.com\/u\/0\/b\/101418954139594616916\/101418954139594616916\/posts\/p\/pub\"]}]}<\/script>\n<!-- \/ Yoast SEO plugin. -->","yoast_head_json":{"title":"Maksup\u00e4\u00e4te & Kortiton maksujen k\u00e4sittely kampaamoissa | PhorestPay","description":"Take card terminal & cardless payments and deposits from anywhere in your salon with PhorestPay, Phorest's all-in-one payment processing.","robots":{"index":"index","follow":"follow","max-snippet":"max-snippet:-1","max-image-preview":"max-image-preview:large","max-video-preview":"max-video-preview:-1"},"canonical":"https:\/\/www.phorest.com\/fi\/ominaisuudet\/phorest-pay\/","og_locale":"fi_FI","og_type":"article","og_title":"Maksup\u00e4\u00e4te & Kortiton maksujen k\u00e4sittely kampaamoissa | PhorestPay","og_description":"Take card terminal & cardless payments and deposits from anywhere in your salon with PhorestPay, Phorest's all-in-one payment processing.","og_url":"https:\/\/www.phorest.com\/fi\/ominaisuudet\/phorest-pay\/","og_site_name":"Phorest","article_publisher":"https:\/\/www.facebook.com\/phorestsalonsoftware","article_modified_time":"2023-08-15T16:01:52+00:00","og_image":[{"width":300,"height":300,"url":"https:\/\/d2dfxqxblmblx4.cloudfront.net\/images\/logos\/phorest-acorn-logo.png","type":"image\/png"}],"twitter_card":"summary_large_image","twitter_image":"https:\/\/d2dfxqxblmblx4.cloudfront.net\/images\/logos\/phorest-acorn-logo.png","twitter_site":"@thephorestword","schema":{"@context":"https:\/\/schema.org","@graph":[{"@type":"WebPage","@id":"https:\/\/www.phorest.com\/fi\/ominaisuudet\/phorest-pay\/","url":"https:\/\/www.phorest.com\/fi\/ominaisuudet\/phorest-pay\/","name":"Maksup\u00e4\u00e4te & Kortiton maksujen k\u00e4sittely kampaamoissa | PhorestPay","isPartOf":{"@id":"https:\/\/www.phorest.com\/fi\/#website"},"datePublished":"2020-03-25T15:04:05+00:00","dateModified":"2023-08-15T16:01:52+00:00","description":"Take card terminal & cardless payments and deposits from anywhere in your salon with PhorestPay, Phorest's all-in-one payment processing.","breadcrumb":{"@id":"https:\/\/www.phorest.com\/fi\/ominaisuudet\/phorest-pay\/#breadcrumb"},"inLanguage":"fi-FI","potentialAction":[{"@type":"ReadAction","target":["https:\/\/www.phorest.com\/fi\/ominaisuudet\/phorest-pay\/"]}]},{"@type":"BreadcrumbList","@id":"https:\/\/www.phorest.com\/fi\/ominaisuudet\/phorest-pay\/#breadcrumb","itemListElement":[{"@type":"ListItem","position":1,"name":"Home","item":"https:\/\/www.phorest.com\/fi\/"},{"@type":"ListItem","position":2,"name":"Features","item":"https:\/\/www.phorest.com\/fi\/ominaisuudet\/"},{"@type":"ListItem","position":3,"name":"PhorestPay"}]},{"@type":"WebSite","@id":"https:\/\/www.phorest.com\/fi\/#website","url":"https:\/\/www.phorest.com\/fi\/","name":"Phorest","description":"Salon Software for Hair, Beauty, Barber &amp; Spa Businesses","publisher":{"@id":"https:\/\/www.phorest.com\/fi\/#organization"},"potentialAction":[{"@type":"SearchAction","target":{"@type":"EntryPoint","urlTemplate":"https:\/\/www.phorest.com\/fi\/?s={search_term_string}"},"query-input":{"@type":"PropertyValueSpecification","valueRequired":true,"valueName":"search_term_string"}}],"inLanguage":"fi-FI"},{"@type":"Organization","@id":"https:\/\/www.phorest.com\/fi\/#organization","name":"Phorest Salon Software","url":"https:\/\/www.phorest.com\/fi\/","logo":{"@type":"ImageObject","inLanguage":"fi-FI","@id":"https:\/\/www.phorest.com\/fi\/#\/schema\/logo\/image\/","url":"https:\/\/d2dfxqxblmblx4.cloudfront.net\/wp-content\/uploads\/2019\/10\/24141402\/phorest-acorn-logo1.png","contentUrl":"https:\/\/d2dfxqxblmblx4.cloudfront.net\/wp-content\/uploads\/2019\/10\/24141402\/phorest-acorn-logo1.png","width":201,"height":202,"caption":"Phorest Salon Software"},"image":{"@id":"https:\/\/www.phorest.com\/fi\/#\/schema\/logo\/image\/"},"sameAs":["https:\/\/www.facebook.com\/phorestsalonsoftware","https:\/\/x.com\/thephorestword","https:\/\/instagram.com\/phorest_salon_software","https:\/\/www.linkedin.com\/company\/phorest?trk=company_name","https:\/\/www.pinterest.com\/phorestss\/","https:\/\/plus.google.com\/u\/0\/b\/101418954139594616916\/101418954139594616916\/posts\/p\/pub"]}]}},"_links":{"self":[{"href":"https:\/\/www.phorest.com\/fi\/wp-json\/wp\/v2\/pages\/118343","targetHints":{"allow":["GET"]}}],"collection":[{"href":"https:\/\/www.phorest.com\/fi\/wp-json\/wp\/v2\/pages"}],"about":[{"href":"https:\/\/www.phorest.com\/fi\/wp-json\/wp\/v2\/types\/page"}],"author":[{"embeddable":true,"href":"https:\/\/www.phorest.com\/fi\/wp-json\/wp\/v2\/users\/27"}],"replies":[{"embeddable":true,"href":"https:\/\/www.phorest.com\/fi\/wp-json\/wp\/v2\/comments?post=118343"}],"version-history":[{"count":5,"href":"https:\/\/www.phorest.com\/fi\/wp-json\/wp\/v2\/pages\/118343\/revisions"}],"predecessor-version":[{"id":132157,"href":"https:\/\/www.phorest.com\/fi\/wp-json\/wp\/v2\/pages\/118343\/revisions\/132157"}],"up":[{"embeddable":true,"href":"https:\/\/www.phorest.com\/fi\/wp-json\/wp\/v2\/pages\/57728"}],"wp:attachment":[{"href":"https:\/\/www.phorest.com\/fi\/wp-json\/wp\/v2\/media?parent=118343"}],"curies":[{"name":"wp","href":"https:\/\/api.w.org\/{rel}","templated":true}]}}