{"id":125770,"date":"2022-07-29T13:37:37","date_gmt":"2022-07-29T13:37:37","guid":{"rendered":"https:\/\/www.phorest.com\/termsandconditions-phorestpay-terminal\/"},"modified":"2023-03-27T13:00:23","modified_gmt":"2023-03-27T13:00:23","slug":"phorestpay-korttipaatteen-kayttoehdot","status":"publish","type":"page","link":"https:\/\/www.phorest.com\/fi\/phorestpay-korttipaatteen-kayttoehdot\/","title":{"rendered":"PhorestPay-korttip\u00e4\u00e4tteen k\u00e4ytt\u00f6ehdot"},"content":{"rendered":"\n<h2 class=\"wp-block-heading\"><strong>1.&nbsp;Suhde Phorestin palvelusopimukseen&nbsp;<\/strong><\/h2>\n\n\n\n<p>K\u00e4ytt\u00e4m\u00e4ll\u00e4 PhorestPay-korttip\u00e4\u00e4tett\u00e4 hyv\u00e4ksyt nimenomaisesti alla luetellut k\u00e4ytt\u00f6ehdot, <a href=\"https:\/\/www.phorest.com\/termsandconditions\/\" target=\"_blank\" rel=\"noreferrer noopener\">Phorestin palveluehdot<\/a> ja kaikki Phorestin tai Stripen ajoittain tekem\u00e4t p\u00e4ivitykset tai muutokset mihin tahansa edell\u00e4 olevaan. N\u00e4m\u00e4 korttip\u00e4\u00e4tteen ehdot t\u00e4ydent\u00e4v\u00e4t <a href=\"https:\/\/www.phorest.com\/termsandconditions\/\" target=\"_blank\" rel=\"noreferrer noopener\">Phorestin palveluehtoja<\/a>, jotka s\u00e4\u00e4telev\u00e4t Phorestin yleisten palvelujen ja PhorestPay-tuotteidemme k\u00e4ytt\u00f6\u00e4. Mik\u00e4li Phorestin k\u00e4ytt\u00f6ehtojen ja n\u00e4iden PhorestPay-korttip\u00e4\u00e4tett\u00e4 koskevien ehtojen v\u00e4lill\u00e4 on ristiriitoja, n\u00e4m\u00e4 ehdot ovat ensisijaisia.<\/p>\n\n\n\n<h2 class=\"wp-block-heading\"><strong>2.&nbsp;Rajoitettu laitteistotakuu<\/strong><\/h2>\n\n\n\n<p>a. T\u00e4m\u00e4 sopimus sis\u00e4lt\u00e4\u00e4 rajoitetun takuun materiaali- ja valmistusvikojen osalta normaalissa k\u00e4yt\u00f6ss\u00e4 yhden (1) vuoden ajan tuotteen l\u00e4hetysp\u00e4iv\u00e4st\u00e4. Viallinen laitteisto korvataan t\u00e4m\u00e4n sopimuksen ja j\u00e4ljemp\u00e4n\u00e4 olevien lausekkeiden 2(b), 2(c) ja 2(d) mukaisesti. Sinun tulee v\u00e4litt\u00f6m\u00e4sti ilmoittaa Phorestille laitevioista, toimintah\u00e4iri\u00f6st\u00e4 tai muista tapahtumista, jotka johtavat laitteen k\u00e4ytt\u00f6kelvottomuuteen tai korjaus- tai huoltotarpeeseen;<\/p>\n\n\n\n<p>b. Sinun on palautettava viallinen PhorestPay-laitteisto Phorestille ilmoitettuun osoitteeseen kaikkine lis\u00e4varusteineen, kaapeleineen, osineen ja asiakirjoineen, nelj\u00e4ntoista (14) p\u00e4iv\u00e4n kuluessa PhorestPay-varalaitteiston vastaanottamisesta. Mik\u00e4li et palauta viallista PhorestPay-laitettasi Phorestin m\u00e4\u00e4ritt\u00e4m\u00e4n prosessin ja aikataulun mukaisesti, Phorest joko veloittaa joko PhorestPay-tililt\u00e4si (mik\u00e4li siell\u00e4 on saldoa) tai sis\u00e4llytt\u00e4\u00e4 veloituksen seuraavaan PhorestPay-laskuusi. T\u00e4m\u00e4 on sinun ainoa ja yksinomainen sanktiosi t\u00e4m\u00e4n rajoitetun takuun rikkomisesta. T\u00e4m\u00e4 rajoitettu takuu koskee vain PhorestPay-laitteiston alkuper\u00e4ist\u00e4 ostajaa. Takuu raukeaa, mik\u00e4li myyt tai siirr\u00e4t PhorestPay-laitteistosi toiselle osapuolelle. mik\u00e4li haluat tehd\u00e4 takuuperusteisen palautuksen, ota yhteytt\u00e4 <a href=\"https:\/\/www.phorest.com\/support\/\" target=\"_blank\" rel=\"noreferrer noopener\">Phorest-tukeen<\/a>;<\/p>\n\n\n\n<p>c. T\u00e4m\u00e4 rajoitettu takuu ei koske PhorestPay-laitteita, johon on kohdistunut muutoksia, korjauksia, peukalointia, onnettomuuksia, v\u00e4\u00e4rink\u00e4ytt\u00f6\u00e4, tulipaloa, luonnonilmi\u00f6it\u00e4 (mukaan lukien mutta niihin rajoittumatta: maanj\u00e4ristys, tulva, hurrikaani, salamanisku tai tornado) tai muita ulkoisia syit\u00e4;<\/p>\n\n\n\n<p>d. Et saa myyd\u00e4 tai siirt\u00e4\u00e4 p\u00e4\u00e4tett\u00e4 muulle kolmannelle osapuolelle; t\u00e4m\u00e4 mit\u00e4t\u00f6i takuusi. Takuu ei koske laitteita, joita on peukaloitu tai korjattu.<\/p>\n\n\n\n<h2 class=\"wp-block-heading\"><strong>3.&nbsp;PhorestPay-korttip\u00e4\u00e4tteen k\u00e4ytt\u00f6<\/strong><\/h2>\n\n\n\n<p>a. Maksettuasi jommankumman\/molemmat lausekkeessa 3(b) tai 3(c) luetteloiduista maksuista, PhorestPay-p\u00e4\u00e4tteen omistusoikeus siirtyy sinulle. P\u00e4\u00e4tteen ominaisuuksien jatkuvaan k\u00e4ytt\u00f6\u00f6n sovelletaan alla olevia lausekkeita 3(b) ja 3(c);<\/p>\n\n\n\n<p>b. Phorest voi oman harkintansa mukaan veloittaa sinulta kuukausittaisen k\u00e4ytt\u00f6maksun PhorestPay-p\u00e4\u00e4telaitetta kohden. N\u00e4m\u00e4 maksut voivat muuttua ja niist\u00e4 ilmoitetaan sinulle selke\u00e4sti ostopisteess\u00e4;<\/p>\n\n\n\n<p>c. Phorest voi oman harkintansa mukaan veloittaa sinulta kertaluontoisen ennakkomaksun kuhunkin laitteeseen tarvittavan ohjelmiston k\u00e4ytt\u00e4misest\u00e4. N\u00e4m\u00e4 maksut voivat muuttua ja niist\u00e4 ilmoitetaan sinulle selke\u00e4sti ostopisteess\u00e4;<\/p>\n\n\n\n<p>d. K\u00e4ytt\u00e4m\u00e4ll\u00e4 PhorestPay-p\u00e4\u00e4tett\u00e4 hyv\u00e4ksyt nimenomaisesti k\u00e4ytt\u00e4m\u00e4\u00e4n sit\u00e4 v\u00e4hint\u00e4\u00e4n yhden (1) vuoden ajan. Phorest joko veloittaa joko PhorestPay-tililt\u00e4si (mik\u00e4li siell\u00e4 on saldoa) tai sis\u00e4llytt\u00e4\u00e4 ohjelmiston k\u00e4ytt\u00f6maksun saldon seuraavaan PhorestPay-laskuusi. V\u00e4himm\u00e4isk\u00e4ytt\u00f6aika on yksi (1) vuosi l\u00e4hetysp\u00e4iv\u00e4st\u00e4;<\/p>\n\n\n\n<p>e. Mik\u00e4li tarvitset lis\u00e4\u00e4 PhorestPay-p\u00e4\u00e4tteit\u00e4 joko korvaavana laitteena, jota takuumme ei kata (lausekkeessa 2 kuvatulla tavalla), tai normaaliin liiketoimintaan, olet vastuussa lausekkeissa 3(a) tai 3(b) kuvatuista lis\u00e4maksuista;<\/p>\n\n\n\n<p>f. Sinun on v\u00e4litt\u00f6m\u00e4sti asennettava kaikki Phorest-p\u00e4ivitykset jatkaaksesi palvelujen k\u00e4ytt\u00f6\u00e4.<\/p>\n\n\n\n<h2 class=\"wp-block-heading\"><strong>4.&nbsp;Irtisanominen<\/strong><\/h2>\n\n\n\n<p>a. Mik\u00e4li irtisanominen tapahtuu ennenaikaisesti, v\u00e4himm\u00e4isajan saldo er\u00e4\u00e4ntyy maksettavaksi v\u00e4litt\u00f6m\u00e4sti ja kaikki k\u00e4ytt\u00f6oikeudet peruutetaan;<\/p>\n\n\n\n<p>b. Ellei laki toisin kiell\u00e4 ja rajoittamatta Phorestin muita oikeuksia tai oikeussuojakeinoja, Phorestilla on oikeus v\u00e4litt\u00f6m\u00e4sti irtisanoa (i) k\u00e4ytt\u00f6oikeutesi, mik\u00e4li rikot mit\u00e4 tahansa t\u00e4m\u00e4n sopimuksen ehtoa ja (ii) mik\u00e4 tahansa palvelu milloin tahansa oman harkintamme mukaan; mik\u00e4li et ole rikkonut t\u00e4t\u00e4 sopimusta, hyvit\u00e4mme kaikki etuk\u00e4teen maksamasi k\u00e4ytt\u00f6maksut suhteutettuna ajanjaksoon, jonka aikana sinulla ei ole ollut tuotteen k\u00e4ytt\u00f6oikeutta;<\/p>\n\n\n\n<p>c. Mik\u00e4li er\u00e4\u00e4ntyvi\u00e4 k\u00e4ytt\u00f6maksuja ei makseta yhden kuukauden kuluessa, tilisi siirtyy passiiviseen tilaan. T\u00e4m\u00e4n passiivisen tilan aikana et v\u00e4ltt\u00e4m\u00e4tt\u00e4 voi k\u00e4ytt\u00e4\u00e4 PhorestPay-p\u00e4\u00e4tett\u00e4.<\/p>\n","protected":false},"excerpt":{"rendered":"<p>1.&nbsp;Suhde Phorestin palvelusopimukseen&nbsp; K\u00e4ytt\u00e4m\u00e4ll\u00e4 PhorestPay-korttip\u00e4\u00e4tett\u00e4 hyv\u00e4ksyt nimenomaisesti alla luetellut k\u00e4ytt\u00f6ehdot, Phorestin palveluehdot ja kaikki Phorestin tai Stripen ajoittain tekem\u00e4t p\u00e4ivitykset tai muutokset mihin tahansa edell\u00e4 olevaan. N\u00e4m\u00e4 korttip\u00e4\u00e4tteen ehdot t\u00e4ydent\u00e4v\u00e4t Phorestin palveluehtoja, jotka s\u00e4\u00e4telev\u00e4t Phorestin yleisten palvelujen ja PhorestPay-tuotteidemme k\u00e4ytt\u00f6\u00e4. Mik\u00e4li Phorestin k\u00e4ytt\u00f6ehtojen ja n\u00e4iden PhorestPay-korttip\u00e4\u00e4tett\u00e4 koskevien ehtojen v\u00e4lill\u00e4 on ristiriitoja, n\u00e4m\u00e4 ehdot ovat ensisijaisia. &hellip; <a href=\"https:\/\/www.phorest.com\/fi\/phorestpay-korttipaatteen-kayttoehdot\/\">Continued<\/a><\/p>\n","protected":false},"author":27,"featured_media":0,"parent":0,"menu_order":0,"comment_status":"closed","ping_status":"closed","template":"","meta":{"_acf_changed":false,"footnotes":""},"class_list":["post-125770","page","type-page","status-publish","hentry"],"acf":[],"yoast_head":"<!-- This site is optimized with the Yoast SEO plugin v25.1 - https:\/\/yoast.com\/wordpress\/plugins\/seo\/ -->\n<title>PhorestPay-korttip\u00e4\u00e4tteen k\u00e4ytt\u00f6ehdot | Phorest<\/title>\n<meta name=\"description\" content=\"PhorestPay-korttip\u00e4\u00e4tteen k\u00e4ytt\u00f6ehdot.\" \/>\n<meta name=\"robots\" content=\"index, follow, max-snippet:-1, max-image-preview:large, max-video-preview:-1\" \/>\n<link rel=\"canonical\" href=\"https:\/\/www.phorest.com\/fi\/phorestpay-korttipaatteen-kayttoehdot\/\" \/>\n<meta property=\"og:locale\" content=\"fi_FI\" \/>\n<meta property=\"og:type\" content=\"article\" \/>\n<meta property=\"og:title\" content=\"PhorestPay-korttip\u00e4\u00e4tteen k\u00e4ytt\u00f6ehdot | Phorest\" \/>\n<meta property=\"og:description\" content=\"PhorestPay-korttip\u00e4\u00e4tteen k\u00e4ytt\u00f6ehdot.\" \/>\n<meta property=\"og:url\" content=\"https:\/\/www.phorest.com\/fi\/phorestpay-korttipaatteen-kayttoehdot\/\" \/>\n<meta property=\"og:site_name\" content=\"Phorest\" \/>\n<meta property=\"article:publisher\" content=\"https:\/\/www.facebook.com\/phorestsalonsoftware\" \/>\n<meta property=\"article:modified_time\" content=\"2023-03-27T13:00:23+00:00\" \/>\n<meta property=\"og:image\" content=\"https:\/\/d2dfxqxblmblx4.cloudfront.net\/images\/logos\/phorest-acorn-logo.png\" \/>\n\t<meta property=\"og:image:width\" content=\"300\" \/>\n\t<meta property=\"og:image:height\" content=\"300\" \/>\n\t<meta property=\"og:image:type\" content=\"image\/png\" \/>\n<meta name=\"twitter:card\" content=\"summary_large_image\" \/>\n<meta name=\"twitter:image\" content=\"https:\/\/d2dfxqxblmblx4.cloudfront.net\/images\/logos\/phorest-acorn-logo.png\" \/>\n<meta name=\"twitter:site\" content=\"@thephorestword\" \/>\n<meta name=\"twitter:label1\" content=\"Est. reading time\" \/>\n\t<meta name=\"twitter:data1\" content=\"3 minutes\" \/>\n<script type=\"application\/ld+json\" class=\"yoast-schema-graph\">{\"@context\":\"https:\/\/schema.org\",\"@graph\":[{\"@type\":\"WebPage\",\"@id\":\"https:\/\/www.phorest.com\/fi\/phorestpay-korttipaatteen-kayttoehdot\/\",\"url\":\"https:\/\/www.phorest.com\/fi\/phorestpay-korttipaatteen-kayttoehdot\/\",\"name\":\"PhorestPay-korttip\u00e4\u00e4tteen k\u00e4ytt\u00f6ehdot | Phorest\",\"isPartOf\":{\"@id\":\"https:\/\/www.phorest.com\/fi\/#website\"},\"datePublished\":\"2022-07-29T13:37:37+00:00\",\"dateModified\":\"2023-03-27T13:00:23+00:00\",\"description\":\"PhorestPay-korttip\u00e4\u00e4tteen k\u00e4ytt\u00f6ehdot.\",\"breadcrumb\":{\"@id\":\"https:\/\/www.phorest.com\/fi\/phorestpay-korttipaatteen-kayttoehdot\/#breadcrumb\"},\"inLanguage\":\"fi-FI\",\"potentialAction\":[{\"@type\":\"ReadAction\",\"target\":[\"https:\/\/www.phorest.com\/fi\/phorestpay-korttipaatteen-kayttoehdot\/\"]}]},{\"@type\":\"BreadcrumbList\",\"@id\":\"https:\/\/www.phorest.com\/fi\/phorestpay-korttipaatteen-kayttoehdot\/#breadcrumb\",\"itemListElement\":[{\"@type\":\"ListItem\",\"position\":1,\"name\":\"Home\",\"item\":\"https:\/\/www.phorest.com\/fi\/\"},{\"@type\":\"ListItem\",\"position\":2,\"name\":\"PhorestPay-korttip\u00e4\u00e4tteen k\u00e4ytt\u00f6ehdot\"}]},{\"@type\":\"WebSite\",\"@id\":\"https:\/\/www.phorest.com\/fi\/#website\",\"url\":\"https:\/\/www.phorest.com\/fi\/\",\"name\":\"Phorest\",\"description\":\"Salon Software for Hair, Beauty, Barber &amp; Spa Businesses\",\"publisher\":{\"@id\":\"https:\/\/www.phorest.com\/fi\/#organization\"},\"potentialAction\":[{\"@type\":\"SearchAction\",\"target\":{\"@type\":\"EntryPoint\",\"urlTemplate\":\"https:\/\/www.phorest.com\/fi\/?s={search_term_string}\"},\"query-input\":{\"@type\":\"PropertyValueSpecification\",\"valueRequired\":true,\"valueName\":\"search_term_string\"}}],\"inLanguage\":\"fi-FI\"},{\"@type\":\"Organization\",\"@id\":\"https:\/\/www.phorest.com\/fi\/#organization\",\"name\":\"Phorest Salon Software\",\"url\":\"https:\/\/www.phorest.com\/fi\/\",\"logo\":{\"@type\":\"ImageObject\",\"inLanguage\":\"fi-FI\",\"@id\":\"https:\/\/www.phorest.com\/fi\/#\/schema\/logo\/image\/\",\"url\":\"https:\/\/d2dfxqxblmblx4.cloudfront.net\/wp-content\/uploads\/2019\/10\/24141402\/phorest-acorn-logo1.png\",\"contentUrl\":\"https:\/\/d2dfxqxblmblx4.cloudfront.net\/wp-content\/uploads\/2019\/10\/24141402\/phorest-acorn-logo1.png\",\"width\":201,\"height\":202,\"caption\":\"Phorest Salon Software\"},\"image\":{\"@id\":\"https:\/\/www.phorest.com\/fi\/#\/schema\/logo\/image\/\"},\"sameAs\":[\"https:\/\/www.facebook.com\/phorestsalonsoftware\",\"https:\/\/x.com\/thephorestword\",\"https:\/\/instagram.com\/phorest_salon_software\",\"https:\/\/www.linkedin.com\/company\/phorest?trk=company_name\",\"https:\/\/www.pinterest.com\/phorestss\/\",\"https:\/\/plus.google.com\/u\/0\/b\/101418954139594616916\/101418954139594616916\/posts\/p\/pub\"]}]}<\/script>\n<!-- \/ Yoast SEO plugin. -->","yoast_head_json":{"title":"PhorestPay-korttip\u00e4\u00e4tteen k\u00e4ytt\u00f6ehdot | Phorest","description":"PhorestPay-korttip\u00e4\u00e4tteen k\u00e4ytt\u00f6ehdot.","robots":{"index":"index","follow":"follow","max-snippet":"max-snippet:-1","max-image-preview":"max-image-preview:large","max-video-preview":"max-video-preview:-1"},"canonical":"https:\/\/www.phorest.com\/fi\/phorestpay-korttipaatteen-kayttoehdot\/","og_locale":"fi_FI","og_type":"article","og_title":"PhorestPay-korttip\u00e4\u00e4tteen k\u00e4ytt\u00f6ehdot | Phorest","og_description":"PhorestPay-korttip\u00e4\u00e4tteen k\u00e4ytt\u00f6ehdot.","og_url":"https:\/\/www.phorest.com\/fi\/phorestpay-korttipaatteen-kayttoehdot\/","og_site_name":"Phorest","article_publisher":"https:\/\/www.facebook.com\/phorestsalonsoftware","article_modified_time":"2023-03-27T13:00:23+00:00","og_image":[{"width":300,"height":300,"url":"https:\/\/d2dfxqxblmblx4.cloudfront.net\/images\/logos\/phorest-acorn-logo.png","type":"image\/png"}],"twitter_card":"summary_large_image","twitter_image":"https:\/\/d2dfxqxblmblx4.cloudfront.net\/images\/logos\/phorest-acorn-logo.png","twitter_site":"@thephorestword","twitter_misc":{"Est. reading time":"3 minutes"},"schema":{"@context":"https:\/\/schema.org","@graph":[{"@type":"WebPage","@id":"https:\/\/www.phorest.com\/fi\/phorestpay-korttipaatteen-kayttoehdot\/","url":"https:\/\/www.phorest.com\/fi\/phorestpay-korttipaatteen-kayttoehdot\/","name":"PhorestPay-korttip\u00e4\u00e4tteen k\u00e4ytt\u00f6ehdot | Phorest","isPartOf":{"@id":"https:\/\/www.phorest.com\/fi\/#website"},"datePublished":"2022-07-29T13:37:37+00:00","dateModified":"2023-03-27T13:00:23+00:00","description":"PhorestPay-korttip\u00e4\u00e4tteen k\u00e4ytt\u00f6ehdot.","breadcrumb":{"@id":"https:\/\/www.phorest.com\/fi\/phorestpay-korttipaatteen-kayttoehdot\/#breadcrumb"},"inLanguage":"fi-FI","potentialAction":[{"@type":"ReadAction","target":["https:\/\/www.phorest.com\/fi\/phorestpay-korttipaatteen-kayttoehdot\/"]}]},{"@type":"BreadcrumbList","@id":"https:\/\/www.phorest.com\/fi\/phorestpay-korttipaatteen-kayttoehdot\/#breadcrumb","itemListElement":[{"@type":"ListItem","position":1,"name":"Home","item":"https:\/\/www.phorest.com\/fi\/"},{"@type":"ListItem","position":2,"name":"PhorestPay-korttip\u00e4\u00e4tteen k\u00e4ytt\u00f6ehdot"}]},{"@type":"WebSite","@id":"https:\/\/www.phorest.com\/fi\/#website","url":"https:\/\/www.phorest.com\/fi\/","name":"Phorest","description":"Salon Software for Hair, Beauty, Barber &amp; Spa Businesses","publisher":{"@id":"https:\/\/www.phorest.com\/fi\/#organization"},"potentialAction":[{"@type":"SearchAction","target":{"@type":"EntryPoint","urlTemplate":"https:\/\/www.phorest.com\/fi\/?s={search_term_string}"},"query-input":{"@type":"PropertyValueSpecification","valueRequired":true,"valueName":"search_term_string"}}],"inLanguage":"fi-FI"},{"@type":"Organization","@id":"https:\/\/www.phorest.com\/fi\/#organization","name":"Phorest Salon Software","url":"https:\/\/www.phorest.com\/fi\/","logo":{"@type":"ImageObject","inLanguage":"fi-FI","@id":"https:\/\/www.phorest.com\/fi\/#\/schema\/logo\/image\/","url":"https:\/\/d2dfxqxblmblx4.cloudfront.net\/wp-content\/uploads\/2019\/10\/24141402\/phorest-acorn-logo1.png","contentUrl":"https:\/\/d2dfxqxblmblx4.cloudfront.net\/wp-content\/uploads\/2019\/10\/24141402\/phorest-acorn-logo1.png","width":201,"height":202,"caption":"Phorest Salon Software"},"image":{"@id":"https:\/\/www.phorest.com\/fi\/#\/schema\/logo\/image\/"},"sameAs":["https:\/\/www.facebook.com\/phorestsalonsoftware","https:\/\/x.com\/thephorestword","https:\/\/instagram.com\/phorest_salon_software","https:\/\/www.linkedin.com\/company\/phorest?trk=company_name","https:\/\/www.pinterest.com\/phorestss\/","https:\/\/plus.google.com\/u\/0\/b\/101418954139594616916\/101418954139594616916\/posts\/p\/pub"]}]}},"_links":{"self":[{"href":"https:\/\/www.phorest.com\/fi\/wp-json\/wp\/v2\/pages\/125770","targetHints":{"allow":["GET"]}}],"collection":[{"href":"https:\/\/www.phorest.com\/fi\/wp-json\/wp\/v2\/pages"}],"about":[{"href":"https:\/\/www.phorest.com\/fi\/wp-json\/wp\/v2\/types\/page"}],"author":[{"embeddable":true,"href":"https:\/\/www.phorest.com\/fi\/wp-json\/wp\/v2\/users\/27"}],"replies":[{"embeddable":true,"href":"https:\/\/www.phorest.com\/fi\/wp-json\/wp\/v2\/comments?post=125770"}],"version-history":[{"count":3,"href":"https:\/\/www.phorest.com\/fi\/wp-json\/wp\/v2\/pages\/125770\/revisions"}],"predecessor-version":[{"id":125774,"href":"https:\/\/www.phorest.com\/fi\/wp-json\/wp\/v2\/pages\/125770\/revisions\/125774"}],"wp:attachment":[{"href":"https:\/\/www.phorest.com\/fi\/wp-json\/wp\/v2\/media?parent=125770"}],"curies":[{"name":"wp","href":"https:\/\/api.w.org\/{rel}","templated":true}]}}