{"id":126440,"date":"2023-05-16T10:21:34","date_gmt":"2023-05-16T10:21:34","guid":{"rendered":"https:\/\/www.phorest.com\/?page_id=126440"},"modified":"2023-05-16T10:36:59","modified_gmt":"2023-05-16T10:36:59","slug":"home-2","status":"publish","type":"page","link":"https:\/\/www.phorest.com\/fi\/home-2\/","title":{"rendered":"Home 2"},"content":{"rendered":"","protected":false},"excerpt":{"rendered":"","protected":false},"author":27,"featured_media":0,"parent":0,"menu_order":0,"comment_status":"closed","ping_status":"closed","template":"views\/template-home-reskin.blade.php","meta":{"_acf_changed":false,"footnotes":""},"class_list":["post-126440","page","type-page","status-publish","hentry"],"acf":[],"yoast_head":"<!-- This site is optimized with the Yoast SEO plugin v25.1 - https:\/\/yoast.com\/wordpress\/plugins\/seo\/ -->\n<title>Nettiajanvaraus- &amp; Kassaj\u00e4rjestelm\u00e4 kampaamoille | Phorest Finland<\/title>\n<meta name=\"description\" content=\"Liity +9000 kauneushoitolan, parturin ja kampaamon omistajaan k\u00e4ytt\u00e4m\u00e4ll\u00e4 toimialan parasta markkinointi-, kassa- ja ajanvarausj\u00e4rjestelm\u00e4\u00e4.\" \/>\n<meta name=\"robots\" content=\"noindex, follow\" \/>\n<meta property=\"og:locale\" content=\"fi_FI\" \/>\n<meta property=\"og:type\" content=\"article\" \/>\n<meta property=\"og:title\" content=\"Nettiajanvaraus- &amp; Kassaj\u00e4rjestelm\u00e4 kampaamoille | Phorest Finland\" \/>\n<meta property=\"og:description\" content=\"Liity +9000 kauneushoitolan, parturin ja kampaamon omistajaan k\u00e4ytt\u00e4m\u00e4ll\u00e4 toimialan parasta markkinointi-, kassa- ja ajanvarausj\u00e4rjestelm\u00e4\u00e4.\" \/>\n<meta property=\"og:url\" content=\"https:\/\/www.phorest.com\/fi\/home-2\/\" \/>\n<meta property=\"og:site_name\" content=\"Phorest\" \/>\n<meta property=\"article:publisher\" content=\"https:\/\/www.facebook.com\/phorestsalonsoftware\" \/>\n<meta property=\"article:modified_time\" content=\"2023-05-16T10:36:59+00:00\" \/>\n<meta property=\"og:image\" content=\"https:\/\/d2dfxqxblmblx4.cloudfront.net\/images\/logos\/phorest-acorn-logo.png\" \/>\n\t<meta property=\"og:image:width\" content=\"300\" \/>\n\t<meta property=\"og:image:height\" content=\"300\" \/>\n\t<meta property=\"og:image:type\" content=\"image\/png\" \/>\n<meta name=\"twitter:card\" content=\"summary_large_image\" \/>\n<meta name=\"twitter:image\" content=\"https:\/\/d2dfxqxblmblx4.cloudfront.net\/images\/logos\/phorest-acorn-logo.png\" \/>\n<meta name=\"twitter:site\" content=\"@thephorestword\" \/>\n<script type=\"application\/ld+json\" class=\"yoast-schema-graph\">{\"@context\":\"https:\/\/schema.org\",\"@graph\":[{\"@type\":\"WebPage\",\"@id\":\"https:\/\/www.phorest.com\/fi\/home-2\/\",\"url\":\"https:\/\/www.phorest.com\/fi\/home-2\/\",\"name\":\"Nettiajanvaraus- & Kassaj\u00e4rjestelm\u00e4 kampaamoille | Phorest Finland\",\"isPartOf\":{\"@id\":\"https:\/\/www.phorest.com\/fi\/#website\"},\"datePublished\":\"2023-05-16T10:21:34+00:00\",\"dateModified\":\"2023-05-16T10:36:59+00:00\",\"description\":\"Liity +9000 kauneushoitolan, parturin ja kampaamon omistajaan k\u00e4ytt\u00e4m\u00e4ll\u00e4 toimialan parasta markkinointi-, kassa- ja ajanvarausj\u00e4rjestelm\u00e4\u00e4.\",\"breadcrumb\":{\"@id\":\"https:\/\/www.phorest.com\/fi\/home-2\/#breadcrumb\"},\"inLanguage\":\"fi-FI\",\"potentialAction\":[{\"@type\":\"ReadAction\",\"target\":[\"https:\/\/www.phorest.com\/fi\/home-2\/\"]}]},{\"@type\":\"BreadcrumbList\",\"@id\":\"https:\/\/www.phorest.com\/fi\/home-2\/#breadcrumb\",\"itemListElement\":[{\"@type\":\"ListItem\",\"position\":1,\"name\":\"Home\",\"item\":\"https:\/\/www.phorest.com\/fi\/\"},{\"@type\":\"ListItem\",\"position\":2,\"name\":\"Home 2\"}]},{\"@type\":\"WebSite\",\"@id\":\"https:\/\/www.phorest.com\/fi\/#website\",\"url\":\"https:\/\/www.phorest.com\/fi\/\",\"name\":\"Phorest\",\"description\":\"Salon Software for Hair, Beauty, Barber &amp; Spa Businesses\",\"publisher\":{\"@id\":\"https:\/\/www.phorest.com\/fi\/#organization\"},\"potentialAction\":[{\"@type\":\"SearchAction\",\"target\":{\"@type\":\"EntryPoint\",\"urlTemplate\":\"https:\/\/www.phorest.com\/fi\/?s={search_term_string}\"},\"query-input\":{\"@type\":\"PropertyValueSpecification\",\"valueRequired\":true,\"valueName\":\"search_term_string\"}}],\"inLanguage\":\"fi-FI\"},{\"@type\":\"Organization\",\"@id\":\"https:\/\/www.phorest.com\/fi\/#organization\",\"name\":\"Phorest Salon Software\",\"url\":\"https:\/\/www.phorest.com\/fi\/\",\"logo\":{\"@type\":\"ImageObject\",\"inLanguage\":\"fi-FI\",\"@id\":\"https:\/\/www.phorest.com\/fi\/#\/schema\/logo\/image\/\",\"url\":\"https:\/\/d2dfxqxblmblx4.cloudfront.net\/wp-content\/uploads\/2019\/10\/24141402\/phorest-acorn-logo1.png\",\"contentUrl\":\"https:\/\/d2dfxqxblmblx4.cloudfront.net\/wp-content\/uploads\/2019\/10\/24141402\/phorest-acorn-logo1.png\",\"width\":201,\"height\":202,\"caption\":\"Phorest Salon Software\"},\"image\":{\"@id\":\"https:\/\/www.phorest.com\/fi\/#\/schema\/logo\/image\/\"},\"sameAs\":[\"https:\/\/www.facebook.com\/phorestsalonsoftware\",\"https:\/\/x.com\/thephorestword\",\"https:\/\/instagram.com\/phorest_salon_software\",\"https:\/\/www.linkedin.com\/company\/phorest?trk=company_name\",\"https:\/\/www.pinterest.com\/phorestss\/\",\"https:\/\/plus.google.com\/u\/0\/b\/101418954139594616916\/101418954139594616916\/posts\/p\/pub\"]}]}<\/script>\n<!-- \/ Yoast SEO plugin. -->","yoast_head_json":{"title":"Nettiajanvaraus- & Kassaj\u00e4rjestelm\u00e4 kampaamoille | Phorest Finland","description":"Liity +9000 kauneushoitolan, parturin ja kampaamon omistajaan k\u00e4ytt\u00e4m\u00e4ll\u00e4 toimialan parasta markkinointi-, kassa- ja ajanvarausj\u00e4rjestelm\u00e4\u00e4.","robots":{"index":"noindex","follow":"follow"},"og_locale":"fi_FI","og_type":"article","og_title":"Nettiajanvaraus- & Kassaj\u00e4rjestelm\u00e4 kampaamoille | Phorest Finland","og_description":"Liity +9000 kauneushoitolan, parturin ja kampaamon omistajaan k\u00e4ytt\u00e4m\u00e4ll\u00e4 toimialan parasta markkinointi-, kassa- ja ajanvarausj\u00e4rjestelm\u00e4\u00e4.","og_url":"https:\/\/www.phorest.com\/fi\/home-2\/","og_site_name":"Phorest","article_publisher":"https:\/\/www.facebook.com\/phorestsalonsoftware","article_modified_time":"2023-05-16T10:36:59+00:00","og_image":[{"width":300,"height":300,"url":"https:\/\/d2dfxqxblmblx4.cloudfront.net\/images\/logos\/phorest-acorn-logo.png","type":"image\/png"}],"twitter_card":"summary_large_image","twitter_image":"https:\/\/d2dfxqxblmblx4.cloudfront.net\/images\/logos\/phorest-acorn-logo.png","twitter_site":"@thephorestword","schema":{"@context":"https:\/\/schema.org","@graph":[{"@type":"WebPage","@id":"https:\/\/www.phorest.com\/fi\/home-2\/","url":"https:\/\/www.phorest.com\/fi\/home-2\/","name":"Nettiajanvaraus- & Kassaj\u00e4rjestelm\u00e4 kampaamoille | Phorest Finland","isPartOf":{"@id":"https:\/\/www.phorest.com\/fi\/#website"},"datePublished":"2023-05-16T10:21:34+00:00","dateModified":"2023-05-16T10:36:59+00:00","description":"Liity +9000 kauneushoitolan, parturin ja kampaamon omistajaan k\u00e4ytt\u00e4m\u00e4ll\u00e4 toimialan parasta markkinointi-, kassa- ja ajanvarausj\u00e4rjestelm\u00e4\u00e4.","breadcrumb":{"@id":"https:\/\/www.phorest.com\/fi\/home-2\/#breadcrumb"},"inLanguage":"fi-FI","potentialAction":[{"@type":"ReadAction","target":["https:\/\/www.phorest.com\/fi\/home-2\/"]}]},{"@type":"BreadcrumbList","@id":"https:\/\/www.phorest.com\/fi\/home-2\/#breadcrumb","itemListElement":[{"@type":"ListItem","position":1,"name":"Home","item":"https:\/\/www.phorest.com\/fi\/"},{"@type":"ListItem","position":2,"name":"Home 2"}]},{"@type":"WebSite","@id":"https:\/\/www.phorest.com\/fi\/#website","url":"https:\/\/www.phorest.com\/fi\/","name":"Phorest","description":"Salon Software for Hair, Beauty, Barber &amp; Spa Businesses","publisher":{"@id":"https:\/\/www.phorest.com\/fi\/#organization"},"potentialAction":[{"@type":"SearchAction","target":{"@type":"EntryPoint","urlTemplate":"https:\/\/www.phorest.com\/fi\/?s={search_term_string}"},"query-input":{"@type":"PropertyValueSpecification","valueRequired":true,"valueName":"search_term_string"}}],"inLanguage":"fi-FI"},{"@type":"Organization","@id":"https:\/\/www.phorest.com\/fi\/#organization","name":"Phorest Salon Software","url":"https:\/\/www.phorest.com\/fi\/","logo":{"@type":"ImageObject","inLanguage":"fi-FI","@id":"https:\/\/www.phorest.com\/fi\/#\/schema\/logo\/image\/","url":"https:\/\/d2dfxqxblmblx4.cloudfront.net\/wp-content\/uploads\/2019\/10\/24141402\/phorest-acorn-logo1.png","contentUrl":"https:\/\/d2dfxqxblmblx4.cloudfront.net\/wp-content\/uploads\/2019\/10\/24141402\/phorest-acorn-logo1.png","width":201,"height":202,"caption":"Phorest Salon Software"},"image":{"@id":"https:\/\/www.phorest.com\/fi\/#\/schema\/logo\/image\/"},"sameAs":["https:\/\/www.facebook.com\/phorestsalonsoftware","https:\/\/x.com\/thephorestword","https:\/\/instagram.com\/phorest_salon_software","https:\/\/www.linkedin.com\/company\/phorest?trk=company_name","https:\/\/www.pinterest.com\/phorestss\/","https:\/\/plus.google.com\/u\/0\/b\/101418954139594616916\/101418954139594616916\/posts\/p\/pub"]}]}},"_links":{"self":[{"href":"https:\/\/www.phorest.com\/fi\/wp-json\/wp\/v2\/pages\/126440","targetHints":{"allow":["GET"]}}],"collection":[{"href":"https:\/\/www.phorest.com\/fi\/wp-json\/wp\/v2\/pages"}],"about":[{"href":"https:\/\/www.phorest.com\/fi\/wp-json\/wp\/v2\/types\/page"}],"author":[{"embeddable":true,"href":"https:\/\/www.phorest.com\/fi\/wp-json\/wp\/v2\/users\/27"}],"replies":[{"embeddable":true,"href":"https:\/\/www.phorest.com\/fi\/wp-json\/wp\/v2\/comments?post=126440"}],"version-history":[{"count":3,"href":"https:\/\/www.phorest.com\/fi\/wp-json\/wp\/v2\/pages\/126440\/revisions"}],"predecessor-version":[{"id":126673,"href":"https:\/\/www.phorest.com\/fi\/wp-json\/wp\/v2\/pages\/126440\/revisions\/126673"}],"wp:attachment":[{"href":"https:\/\/www.phorest.com\/fi\/wp-json\/wp\/v2\/media?parent=126440"}],"curies":[{"name":"wp","href":"https:\/\/api.w.org\/{rel}","templated":true}]}}