{"id":58189,"date":"2019-04-15T10:48:05","date_gmt":"2019-04-15T10:48:05","guid":{"rendered":"https:\/\/www.phorest.com\/ominaisuudet\/digital-consultation-forms\/"},"modified":"2024-10-14T14:09:24","modified_gmt":"2024-10-14T14:09:24","slug":"digitaaliset-konsultaatiolomakkeet","status":"publish","type":"page","link":"https:\/\/www.phorest.com\/fi\/ominaisuudet\/digitaaliset-konsultaatiolomakkeet\/","title":{"rendered":"Digital Consultation Forms"},"content":{"rendered":"","protected":false},"excerpt":{"rendered":"","protected":false},"author":40058,"featured_media":0,"parent":57728,"menu_order":0,"comment_status":"closed","ping_status":"closed","template":"views\/template-feature.blade.php","meta":{"_acf_changed":false,"footnotes":""},"class_list":["post-58189","page","type-page","status-publish","hentry"],"acf":[],"yoast_head":"<!-- This site is optimized with the Yoast SEO plugin v25.1 - https:\/\/yoast.com\/wordpress\/plugins\/seo\/ -->\n<title>Konsultaatiolomake Kauneushoitoloille | GDPR -hyv\u00e4ksytty | Phorest<\/title>\n<meta name=\"description\" content=\"Phorestista l\u00f6yd\u00e4t GDPR-hyv\u00e4ksytyt digitaaliset konsultaatiolomakkeet. Vie kauneushoitola nykyaikaan Phorestin avulla. Lue lis\u00e4\u00e4 lomakkeista.\" \/>\n<meta name=\"robots\" content=\"index, follow, max-snippet:-1, max-image-preview:large, max-video-preview:-1\" \/>\n<link rel=\"canonical\" href=\"https:\/\/www.phorest.com\/fi\/ominaisuudet\/digitaaliset-konsultaatiolomakkeet\/\" \/>\n<meta property=\"og:locale\" content=\"fi_FI\" \/>\n<meta property=\"og:type\" content=\"article\" \/>\n<meta property=\"og:title\" content=\"Konsultaatiolomake Kauneushoitoloille | GDPR -hyv\u00e4ksytty | Phorest\" \/>\n<meta property=\"og:description\" content=\"Phorestista l\u00f6yd\u00e4t GDPR-hyv\u00e4ksytyt digitaaliset konsultaatiolomakkeet. Vie kauneushoitola nykyaikaan Phorestin avulla. Lue lis\u00e4\u00e4 lomakkeista.\" \/>\n<meta property=\"og:url\" content=\"https:\/\/www.phorest.com\/fi\/ominaisuudet\/digitaaliset-konsultaatiolomakkeet\/\" \/>\n<meta property=\"og:site_name\" content=\"Phorest\" \/>\n<meta property=\"article:publisher\" content=\"https:\/\/www.facebook.com\/phorestsalonsoftware\" \/>\n<meta property=\"article:modified_time\" content=\"2024-10-14T14:09:24+00:00\" \/>\n<meta property=\"og:image\" content=\"https:\/\/d2dfxqxblmblx4.cloudfront.net\/images\/hero\/consultation-forms.jpg\" \/>\n\t<meta property=\"og:image:width\" content=\"300\" \/>\n\t<meta property=\"og:image:height\" content=\"300\" \/>\n\t<meta property=\"og:image:type\" content=\"image\/png\" \/>\n<meta name=\"twitter:card\" content=\"summary_large_image\" \/>\n<meta name=\"twitter:image\" content=\"https:\/\/d2dfxqxblmblx4.cloudfront.net\/images\/logos\/phorest-acorn-logo.png\" \/>\n<meta name=\"twitter:site\" content=\"@thephorestword\" \/>\n<script type=\"application\/ld+json\" class=\"yoast-schema-graph\">{\"@context\":\"https:\/\/schema.org\",\"@graph\":[{\"@type\":\"WebPage\",\"@id\":\"https:\/\/www.phorest.com\/fi\/ominaisuudet\/digitaaliset-konsultaatiolomakkeet\/\",\"url\":\"https:\/\/www.phorest.com\/fi\/ominaisuudet\/digitaaliset-konsultaatiolomakkeet\/\",\"name\":\"Konsultaatiolomake Kauneushoitoloille | GDPR -hyv\u00e4ksytty | Phorest\",\"isPartOf\":{\"@id\":\"https:\/\/www.phorest.com\/fi\/#website\"},\"datePublished\":\"2019-04-15T10:48:05+00:00\",\"dateModified\":\"2024-10-14T14:09:24+00:00\",\"description\":\"Phorestista l\u00f6yd\u00e4t GDPR-hyv\u00e4ksytyt digitaaliset konsultaatiolomakkeet. Vie kauneushoitola nykyaikaan Phorestin avulla. Lue lis\u00e4\u00e4 lomakkeista.\",\"breadcrumb\":{\"@id\":\"https:\/\/www.phorest.com\/fi\/ominaisuudet\/digitaaliset-konsultaatiolomakkeet\/#breadcrumb\"},\"inLanguage\":\"fi-FI\",\"potentialAction\":[{\"@type\":\"ReadAction\",\"target\":[\"https:\/\/www.phorest.com\/fi\/ominaisuudet\/digitaaliset-konsultaatiolomakkeet\/\"]}]},{\"@type\":\"BreadcrumbList\",\"@id\":\"https:\/\/www.phorest.com\/fi\/ominaisuudet\/digitaaliset-konsultaatiolomakkeet\/#breadcrumb\",\"itemListElement\":[{\"@type\":\"ListItem\",\"position\":1,\"name\":\"Home\",\"item\":\"https:\/\/www.phorest.com\/fi\/\"},{\"@type\":\"ListItem\",\"position\":2,\"name\":\"Features\",\"item\":\"https:\/\/www.phorest.com\/fi\/ominaisuudet\/\"},{\"@type\":\"ListItem\",\"position\":3,\"name\":\"Digital Consultation Forms\"}]},{\"@type\":\"WebSite\",\"@id\":\"https:\/\/www.phorest.com\/fi\/#website\",\"url\":\"https:\/\/www.phorest.com\/fi\/\",\"name\":\"Phorest\",\"description\":\"Salon Software for Hair, Beauty, Barber &amp; Spa Businesses\",\"publisher\":{\"@id\":\"https:\/\/www.phorest.com\/fi\/#organization\"},\"potentialAction\":[{\"@type\":\"SearchAction\",\"target\":{\"@type\":\"EntryPoint\",\"urlTemplate\":\"https:\/\/www.phorest.com\/fi\/?s={search_term_string}\"},\"query-input\":{\"@type\":\"PropertyValueSpecification\",\"valueRequired\":true,\"valueName\":\"search_term_string\"}}],\"inLanguage\":\"fi-FI\"},{\"@type\":\"Organization\",\"@id\":\"https:\/\/www.phorest.com\/fi\/#organization\",\"name\":\"Phorest Salon Software\",\"url\":\"https:\/\/www.phorest.com\/fi\/\",\"logo\":{\"@type\":\"ImageObject\",\"inLanguage\":\"fi-FI\",\"@id\":\"https:\/\/www.phorest.com\/fi\/#\/schema\/logo\/image\/\",\"url\":\"https:\/\/d2dfxqxblmblx4.cloudfront.net\/wp-content\/uploads\/2019\/10\/24141402\/phorest-acorn-logo1.png\",\"contentUrl\":\"https:\/\/d2dfxqxblmblx4.cloudfront.net\/wp-content\/uploads\/2019\/10\/24141402\/phorest-acorn-logo1.png\",\"width\":201,\"height\":202,\"caption\":\"Phorest Salon Software\"},\"image\":{\"@id\":\"https:\/\/www.phorest.com\/fi\/#\/schema\/logo\/image\/\"},\"sameAs\":[\"https:\/\/www.facebook.com\/phorestsalonsoftware\",\"https:\/\/x.com\/thephorestword\",\"https:\/\/instagram.com\/phorest_salon_software\",\"https:\/\/www.linkedin.com\/company\/phorest?trk=company_name\",\"https:\/\/www.pinterest.com\/phorestss\/\",\"https:\/\/plus.google.com\/u\/0\/b\/101418954139594616916\/101418954139594616916\/posts\/p\/pub\"]}]}<\/script>\n<!-- \/ Yoast SEO plugin. -->","yoast_head_json":{"title":"Konsultaatiolomake Kauneushoitoloille | GDPR -hyv\u00e4ksytty | Phorest","description":"Phorestista l\u00f6yd\u00e4t GDPR-hyv\u00e4ksytyt digitaaliset konsultaatiolomakkeet. Vie kauneushoitola nykyaikaan Phorestin avulla. Lue lis\u00e4\u00e4 lomakkeista.","robots":{"index":"index","follow":"follow","max-snippet":"max-snippet:-1","max-image-preview":"max-image-preview:large","max-video-preview":"max-video-preview:-1"},"canonical":"https:\/\/www.phorest.com\/fi\/ominaisuudet\/digitaaliset-konsultaatiolomakkeet\/","og_locale":"fi_FI","og_type":"article","og_title":"Konsultaatiolomake Kauneushoitoloille | GDPR -hyv\u00e4ksytty | Phorest","og_description":"Phorestista l\u00f6yd\u00e4t GDPR-hyv\u00e4ksytyt digitaaliset konsultaatiolomakkeet. Vie kauneushoitola nykyaikaan Phorestin avulla. Lue lis\u00e4\u00e4 lomakkeista.","og_url":"https:\/\/www.phorest.com\/fi\/ominaisuudet\/digitaaliset-konsultaatiolomakkeet\/","og_site_name":"Phorest","article_publisher":"https:\/\/www.facebook.com\/phorestsalonsoftware","article_modified_time":"2024-10-14T14:09:24+00:00","og_image":[{"width":300,"height":300,"url":"https:\/\/d2dfxqxblmblx4.cloudfront.net\/images\/hero\/consultation-forms.jpg","type":"image\/png"}],"twitter_card":"summary_large_image","twitter_image":"https:\/\/d2dfxqxblmblx4.cloudfront.net\/images\/logos\/phorest-acorn-logo.png","twitter_site":"@thephorestword","schema":{"@context":"https:\/\/schema.org","@graph":[{"@type":"WebPage","@id":"https:\/\/www.phorest.com\/fi\/ominaisuudet\/digitaaliset-konsultaatiolomakkeet\/","url":"https:\/\/www.phorest.com\/fi\/ominaisuudet\/digitaaliset-konsultaatiolomakkeet\/","name":"Konsultaatiolomake Kauneushoitoloille | GDPR -hyv\u00e4ksytty | Phorest","isPartOf":{"@id":"https:\/\/www.phorest.com\/fi\/#website"},"datePublished":"2019-04-15T10:48:05+00:00","dateModified":"2024-10-14T14:09:24+00:00","description":"Phorestista l\u00f6yd\u00e4t GDPR-hyv\u00e4ksytyt digitaaliset konsultaatiolomakkeet. Vie kauneushoitola nykyaikaan Phorestin avulla. Lue lis\u00e4\u00e4 lomakkeista.","breadcrumb":{"@id":"https:\/\/www.phorest.com\/fi\/ominaisuudet\/digitaaliset-konsultaatiolomakkeet\/#breadcrumb"},"inLanguage":"fi-FI","potentialAction":[{"@type":"ReadAction","target":["https:\/\/www.phorest.com\/fi\/ominaisuudet\/digitaaliset-konsultaatiolomakkeet\/"]}]},{"@type":"BreadcrumbList","@id":"https:\/\/www.phorest.com\/fi\/ominaisuudet\/digitaaliset-konsultaatiolomakkeet\/#breadcrumb","itemListElement":[{"@type":"ListItem","position":1,"name":"Home","item":"https:\/\/www.phorest.com\/fi\/"},{"@type":"ListItem","position":2,"name":"Features","item":"https:\/\/www.phorest.com\/fi\/ominaisuudet\/"},{"@type":"ListItem","position":3,"name":"Digital Consultation Forms"}]},{"@type":"WebSite","@id":"https:\/\/www.phorest.com\/fi\/#website","url":"https:\/\/www.phorest.com\/fi\/","name":"Phorest","description":"Salon Software for Hair, Beauty, Barber &amp; Spa Businesses","publisher":{"@id":"https:\/\/www.phorest.com\/fi\/#organization"},"potentialAction":[{"@type":"SearchAction","target":{"@type":"EntryPoint","urlTemplate":"https:\/\/www.phorest.com\/fi\/?s={search_term_string}"},"query-input":{"@type":"PropertyValueSpecification","valueRequired":true,"valueName":"search_term_string"}}],"inLanguage":"fi-FI"},{"@type":"Organization","@id":"https:\/\/www.phorest.com\/fi\/#organization","name":"Phorest Salon Software","url":"https:\/\/www.phorest.com\/fi\/","logo":{"@type":"ImageObject","inLanguage":"fi-FI","@id":"https:\/\/www.phorest.com\/fi\/#\/schema\/logo\/image\/","url":"https:\/\/d2dfxqxblmblx4.cloudfront.net\/wp-content\/uploads\/2019\/10\/24141402\/phorest-acorn-logo1.png","contentUrl":"https:\/\/d2dfxqxblmblx4.cloudfront.net\/wp-content\/uploads\/2019\/10\/24141402\/phorest-acorn-logo1.png","width":201,"height":202,"caption":"Phorest Salon Software"},"image":{"@id":"https:\/\/www.phorest.com\/fi\/#\/schema\/logo\/image\/"},"sameAs":["https:\/\/www.facebook.com\/phorestsalonsoftware","https:\/\/x.com\/thephorestword","https:\/\/instagram.com\/phorest_salon_software","https:\/\/www.linkedin.com\/company\/phorest?trk=company_name","https:\/\/www.pinterest.com\/phorestss\/","https:\/\/plus.google.com\/u\/0\/b\/101418954139594616916\/101418954139594616916\/posts\/p\/pub"]}]}},"_links":{"self":[{"href":"https:\/\/www.phorest.com\/fi\/wp-json\/wp\/v2\/pages\/58189","targetHints":{"allow":["GET"]}}],"collection":[{"href":"https:\/\/www.phorest.com\/fi\/wp-json\/wp\/v2\/pages"}],"about":[{"href":"https:\/\/www.phorest.com\/fi\/wp-json\/wp\/v2\/types\/page"}],"author":[{"embeddable":true,"href":"https:\/\/www.phorest.com\/fi\/wp-json\/wp\/v2\/users\/40058"}],"replies":[{"embeddable":true,"href":"https:\/\/www.phorest.com\/fi\/wp-json\/wp\/v2\/comments?post=58189"}],"version-history":[{"count":5,"href":"https:\/\/www.phorest.com\/fi\/wp-json\/wp\/v2\/pages\/58189\/revisions"}],"predecessor-version":[{"id":147742,"href":"https:\/\/www.phorest.com\/fi\/wp-json\/wp\/v2\/pages\/58189\/revisions\/147742"}],"up":[{"embeddable":true,"href":"https:\/\/www.phorest.com\/fi\/wp-json\/wp\/v2\/pages\/57728"}],"wp:attachment":[{"href":"https:\/\/www.phorest.com\/fi\/wp-json\/wp\/v2\/media?parent=58189"}],"curies":[{"name":"wp","href":"https:\/\/api.w.org\/{rel}","templated":true}]}}