{"id":59940,"date":"2019-07-30T15:16:50","date_gmt":"2019-07-30T15:16:50","guid":{"rendered":"https:\/\/www.phorest.com\/phorest-client-experience-award\/"},"modified":"2024-09-10T14:46:09","modified_gmt":"2024-09-10T14:46:09","slug":"salon-awards","status":"publish","type":"page","link":"https:\/\/www.phorest.com\/fi\/salon-awards\/","title":{"rendered":"Client Experience Award"},"content":{"rendered":"<div class=\"align wp-block-textandmedia\">\n      <section>\n    <div class=\"container m-auto flex flex-wrap w-full justify-between\">\n                          <div class=\"flex flex-wrap md:items-center py-8 w-full  md:flex-row-reverse  \">\n          <div class=\"w-full md:w-3\/5\">\n            <div class=\" pl-16 \">\n                            <h2><span style=\"color: #80d080;\">Miten salonki voi saada Phorest Client Experience Award -palkinnon?<\/span><\/h2>\r\n&nbsp;\r\n\r\n\u2705 Phorestin Client Experience Award pohjautuu arvosteluihin, jotka asiakkaat j\u00e4tt\u00e4v\u00e4t Phorest j\u00e4rjestelm\u00e4\u00e4n, kun he l\u00e4htev\u00e4t pois hoidosta.\r\n\r\n\u2705 Arvostelut eiv\u00e4t siis perustu \u00e4\u00e4nestykseen tai tuomariston valintaan, vaan t\u00e4ysin siihen miten maksavat asiakkaat ovat kokeneet palvelun laadun.\r\n\r\n\u2705 Kampaamon tai kauneushoitolan tulee pit\u00e4\u00e4 yli 4-t\u00e4hden keskiarvo 12 kuukautta, jotta liike t\u00e4ytt\u00e4\u00e4 palkinnolle asetetut vaatimukset.\r\n\r\n&nbsp;\r\n<h4><strong class='text-green-light'><span style=\"color: #ff4856;\">Joten tee ajanvaraus ja muista hoidon j\u00e4lkeen j\u00e4tt\u00e4\u00e4 rehellinen arvostelua salongista. N\u00e4in voit vaikuttaa siihen ketk\u00e4 voittavat Phorest Client Experience Awardin ensi vuonna!<\/span><\/strong><\/h4>\n            <\/div>\n  \n          <\/div>\n          <div class=\"w-full md:w-2\/5\">\n                                    <img decoding=\"async\" class=\"object-cover object-center w-full\" src=\"https:\/\/d2dfxqxblmblx4.cloudfront.net\/wp-content\/uploads\/2024\/09\/10140118\/leave-a-review-5.png\" alt=\"\" style=\"min-height:200px;\">\n                      <\/div>\n  \n        <\/div>\n                <\/div>\n  <\/section>\n  \n    \n  <div>\n  <div class=\"acf-innerblocks-container\"><\/div>\n  <\/div>\n  <\/div>","protected":false},"excerpt":{"rendered":"","protected":false},"author":27,"featured_media":0,"parent":0,"menu_order":0,"comment_status":"closed","ping_status":"closed","template":"","meta":{"_acf_changed":false,"footnotes":""},"class_list":["post-59940","page","type-page","status-publish","hentry"],"acf":[],"yoast_head":"<!-- This site is optimized with the Yoast SEO plugin v25.1 - https:\/\/yoast.com\/wordpress\/plugins\/seo\/ -->\n<title>Phorest Client Experience Award | Phorest Finland<\/title>\n<meta name=\"description\" content=\"Phorest Client Experience Award on palkinto kampaamoille ja kauneushoitoloille, jotka ovat osoittaneet tarjoavansa loistavaa asiakaspalvelua kuukaudesta toiseen.\" \/>\n<meta name=\"robots\" content=\"index, follow, max-snippet:-1, max-image-preview:large, max-video-preview:-1\" \/>\n<link rel=\"canonical\" href=\"https:\/\/www.phorest.com\/fi\/salon-awards\/\" \/>\n<meta property=\"og:locale\" content=\"fi_FI\" \/>\n<meta property=\"og:type\" content=\"article\" \/>\n<meta property=\"og:title\" content=\"Phorest Client Experience Award | Phorest Finland\" \/>\n<meta property=\"og:description\" content=\"Phorest Client Experience Award on palkinto kampaamoille ja kauneushoitoloille, jotka ovat osoittaneet tarjoavansa loistavaa asiakaspalvelua kuukaudesta toiseen.\" \/>\n<meta property=\"og:url\" content=\"https:\/\/www.phorest.com\/fi\/salon-awards\/\" \/>\n<meta property=\"og:site_name\" content=\"Phorest\" \/>\n<meta property=\"article:publisher\" content=\"https:\/\/www.facebook.com\/phorestsalonsoftware\" \/>\n<meta property=\"article:modified_time\" content=\"2024-09-10T14:46:09+00:00\" \/>\n<meta property=\"og:image\" content=\"https:\/\/d2dfxqxblmblx4.cloudfront.net\/images\/logos\/phorest-acorn-logo.png\" \/>\n\t<meta property=\"og:image:width\" content=\"300\" \/>\n\t<meta property=\"og:image:height\" content=\"300\" \/>\n\t<meta property=\"og:image:type\" content=\"image\/png\" \/>\n<meta name=\"twitter:card\" content=\"summary_large_image\" \/>\n<meta name=\"twitter:image\" content=\"https:\/\/d2dfxqxblmblx4.cloudfront.net\/images\/logos\/phorest-acorn-logo.png\" \/>\n<meta name=\"twitter:site\" content=\"@thephorestword\" \/>\n<script type=\"application\/ld+json\" class=\"yoast-schema-graph\">{\"@context\":\"https:\/\/schema.org\",\"@graph\":[{\"@type\":\"WebPage\",\"@id\":\"https:\/\/www.phorest.com\/fi\/salon-awards\/\",\"url\":\"https:\/\/www.phorest.com\/fi\/salon-awards\/\",\"name\":\"Phorest Client Experience Award | Phorest Finland\",\"isPartOf\":{\"@id\":\"https:\/\/www.phorest.com\/fi\/#website\"},\"datePublished\":\"2019-07-30T15:16:50+00:00\",\"dateModified\":\"2024-09-10T14:46:09+00:00\",\"description\":\"Phorest Client Experience Award on palkinto kampaamoille ja kauneushoitoloille, jotka ovat osoittaneet tarjoavansa loistavaa asiakaspalvelua kuukaudesta toiseen.\",\"breadcrumb\":{\"@id\":\"https:\/\/www.phorest.com\/fi\/salon-awards\/#breadcrumb\"},\"inLanguage\":\"fi-FI\",\"potentialAction\":[{\"@type\":\"ReadAction\",\"target\":[\"https:\/\/www.phorest.com\/fi\/salon-awards\/\"]}]},{\"@type\":\"BreadcrumbList\",\"@id\":\"https:\/\/www.phorest.com\/fi\/salon-awards\/#breadcrumb\",\"itemListElement\":[{\"@type\":\"ListItem\",\"position\":1,\"name\":\"Home\",\"item\":\"https:\/\/www.phorest.com\/fi\/\"},{\"@type\":\"ListItem\",\"position\":2,\"name\":\"Client Experience Award\"}]},{\"@type\":\"WebSite\",\"@id\":\"https:\/\/www.phorest.com\/fi\/#website\",\"url\":\"https:\/\/www.phorest.com\/fi\/\",\"name\":\"Phorest\",\"description\":\"Salon Software for Hair, Beauty, Barber &amp; Spa Businesses\",\"publisher\":{\"@id\":\"https:\/\/www.phorest.com\/fi\/#organization\"},\"potentialAction\":[{\"@type\":\"SearchAction\",\"target\":{\"@type\":\"EntryPoint\",\"urlTemplate\":\"https:\/\/www.phorest.com\/fi\/?s={search_term_string}\"},\"query-input\":{\"@type\":\"PropertyValueSpecification\",\"valueRequired\":true,\"valueName\":\"search_term_string\"}}],\"inLanguage\":\"fi-FI\"},{\"@type\":\"Organization\",\"@id\":\"https:\/\/www.phorest.com\/fi\/#organization\",\"name\":\"Phorest Salon Software\",\"url\":\"https:\/\/www.phorest.com\/fi\/\",\"logo\":{\"@type\":\"ImageObject\",\"inLanguage\":\"fi-FI\",\"@id\":\"https:\/\/www.phorest.com\/fi\/#\/schema\/logo\/image\/\",\"url\":\"https:\/\/d2dfxqxblmblx4.cloudfront.net\/wp-content\/uploads\/2019\/10\/24141402\/phorest-acorn-logo1.png\",\"contentUrl\":\"https:\/\/d2dfxqxblmblx4.cloudfront.net\/wp-content\/uploads\/2019\/10\/24141402\/phorest-acorn-logo1.png\",\"width\":201,\"height\":202,\"caption\":\"Phorest Salon Software\"},\"image\":{\"@id\":\"https:\/\/www.phorest.com\/fi\/#\/schema\/logo\/image\/\"},\"sameAs\":[\"https:\/\/www.facebook.com\/phorestsalonsoftware\",\"https:\/\/x.com\/thephorestword\",\"https:\/\/instagram.com\/phorest_salon_software\",\"https:\/\/www.linkedin.com\/company\/phorest?trk=company_name\",\"https:\/\/www.pinterest.com\/phorestss\/\",\"https:\/\/plus.google.com\/u\/0\/b\/101418954139594616916\/101418954139594616916\/posts\/p\/pub\"]}]}<\/script>\n<!-- \/ Yoast SEO plugin. -->","yoast_head_json":{"title":"Phorest Client Experience Award | Phorest Finland","description":"Phorest Client Experience Award on palkinto kampaamoille ja kauneushoitoloille, jotka ovat osoittaneet tarjoavansa loistavaa asiakaspalvelua kuukaudesta toiseen.","robots":{"index":"index","follow":"follow","max-snippet":"max-snippet:-1","max-image-preview":"max-image-preview:large","max-video-preview":"max-video-preview:-1"},"canonical":"https:\/\/www.phorest.com\/fi\/salon-awards\/","og_locale":"fi_FI","og_type":"article","og_title":"Phorest Client Experience Award | Phorest Finland","og_description":"Phorest Client Experience Award on palkinto kampaamoille ja kauneushoitoloille, jotka ovat osoittaneet tarjoavansa loistavaa asiakaspalvelua kuukaudesta toiseen.","og_url":"https:\/\/www.phorest.com\/fi\/salon-awards\/","og_site_name":"Phorest","article_publisher":"https:\/\/www.facebook.com\/phorestsalonsoftware","article_modified_time":"2024-09-10T14:46:09+00:00","og_image":[{"width":300,"height":300,"url":"https:\/\/d2dfxqxblmblx4.cloudfront.net\/images\/logos\/phorest-acorn-logo.png","type":"image\/png"}],"twitter_card":"summary_large_image","twitter_image":"https:\/\/d2dfxqxblmblx4.cloudfront.net\/images\/logos\/phorest-acorn-logo.png","twitter_site":"@thephorestword","schema":{"@context":"https:\/\/schema.org","@graph":[{"@type":"WebPage","@id":"https:\/\/www.phorest.com\/fi\/salon-awards\/","url":"https:\/\/www.phorest.com\/fi\/salon-awards\/","name":"Phorest Client Experience Award | Phorest Finland","isPartOf":{"@id":"https:\/\/www.phorest.com\/fi\/#website"},"datePublished":"2019-07-30T15:16:50+00:00","dateModified":"2024-09-10T14:46:09+00:00","description":"Phorest Client Experience Award on palkinto kampaamoille ja kauneushoitoloille, jotka ovat osoittaneet tarjoavansa loistavaa asiakaspalvelua kuukaudesta toiseen.","breadcrumb":{"@id":"https:\/\/www.phorest.com\/fi\/salon-awards\/#breadcrumb"},"inLanguage":"fi-FI","potentialAction":[{"@type":"ReadAction","target":["https:\/\/www.phorest.com\/fi\/salon-awards\/"]}]},{"@type":"BreadcrumbList","@id":"https:\/\/www.phorest.com\/fi\/salon-awards\/#breadcrumb","itemListElement":[{"@type":"ListItem","position":1,"name":"Home","item":"https:\/\/www.phorest.com\/fi\/"},{"@type":"ListItem","position":2,"name":"Client Experience Award"}]},{"@type":"WebSite","@id":"https:\/\/www.phorest.com\/fi\/#website","url":"https:\/\/www.phorest.com\/fi\/","name":"Phorest","description":"Salon Software for Hair, Beauty, Barber &amp; Spa Businesses","publisher":{"@id":"https:\/\/www.phorest.com\/fi\/#organization"},"potentialAction":[{"@type":"SearchAction","target":{"@type":"EntryPoint","urlTemplate":"https:\/\/www.phorest.com\/fi\/?s={search_term_string}"},"query-input":{"@type":"PropertyValueSpecification","valueRequired":true,"valueName":"search_term_string"}}],"inLanguage":"fi-FI"},{"@type":"Organization","@id":"https:\/\/www.phorest.com\/fi\/#organization","name":"Phorest Salon Software","url":"https:\/\/www.phorest.com\/fi\/","logo":{"@type":"ImageObject","inLanguage":"fi-FI","@id":"https:\/\/www.phorest.com\/fi\/#\/schema\/logo\/image\/","url":"https:\/\/d2dfxqxblmblx4.cloudfront.net\/wp-content\/uploads\/2019\/10\/24141402\/phorest-acorn-logo1.png","contentUrl":"https:\/\/d2dfxqxblmblx4.cloudfront.net\/wp-content\/uploads\/2019\/10\/24141402\/phorest-acorn-logo1.png","width":201,"height":202,"caption":"Phorest Salon Software"},"image":{"@id":"https:\/\/www.phorest.com\/fi\/#\/schema\/logo\/image\/"},"sameAs":["https:\/\/www.facebook.com\/phorestsalonsoftware","https:\/\/x.com\/thephorestword","https:\/\/instagram.com\/phorest_salon_software","https:\/\/www.linkedin.com\/company\/phorest?trk=company_name","https:\/\/www.pinterest.com\/phorestss\/","https:\/\/plus.google.com\/u\/0\/b\/101418954139594616916\/101418954139594616916\/posts\/p\/pub"]}]}},"_links":{"self":[{"href":"https:\/\/www.phorest.com\/fi\/wp-json\/wp\/v2\/pages\/59940","targetHints":{"allow":["GET"]}}],"collection":[{"href":"https:\/\/www.phorest.com\/fi\/wp-json\/wp\/v2\/pages"}],"about":[{"href":"https:\/\/www.phorest.com\/fi\/wp-json\/wp\/v2\/types\/page"}],"author":[{"embeddable":true,"href":"https:\/\/www.phorest.com\/fi\/wp-json\/wp\/v2\/users\/27"}],"replies":[{"embeddable":true,"href":"https:\/\/www.phorest.com\/fi\/wp-json\/wp\/v2\/comments?post=59940"}],"version-history":[{"count":5,"href":"https:\/\/www.phorest.com\/fi\/wp-json\/wp\/v2\/pages\/59940\/revisions"}],"predecessor-version":[{"id":146133,"href":"https:\/\/www.phorest.com\/fi\/wp-json\/wp\/v2\/pages\/59940\/revisions\/146133"}],"wp:attachment":[{"href":"https:\/\/www.phorest.com\/fi\/wp-json\/wp\/v2\/media?parent=59940"}],"curies":[{"name":"wp","href":"https:\/\/api.w.org\/{rel}","templated":true}]}}