{"id":122987,"date":"2022-07-29T13:37:37","date_gmt":"2022-07-29T13:37:37","guid":{"rendered":"https:\/\/www.phorest.com\/termsandconditions-phorestpay-terminal\/"},"modified":"2023-01-25T11:01:10","modified_gmt":"2023-01-25T11:01:10","slug":"algemenevoorwaarden-phorestpay-terminal","status":"publish","type":"page","link":"https:\/\/www.phorest.com\/nl\/algemenevoorwaarden-phorestpay-terminal\/","title":{"rendered":"Voorwaarden PhorestPay"},"content":{"rendered":"\n<div class=\"wp-block-columns is-layout-flex wp-container-core-columns-is-layout-1 wp-block-columns-is-layout-flex\">\n<div class=\"wp-block-column is-layout-flow wp-block-column-is-layout-flow\">\n<h2>1. Verhouding tot de Phorest Serviceovereenkomst<\/h2>\n<ul>\n<li>Wanneer u gebruik maakt van de PhorestPay Card Terminal, gaat u uitdrukkelijk akkoord met de hieronder vermelde algemene voorwaarden, de <a href=\"https:\/\/www.phorest.com\/nl\/algemenevoorwaarden\/\">Servicevoorwaarden<\/a> van Phorest en alle updates of wijzigingen die Phorest of Stripe van tijd tot tijd aanbrengt aan een van beide. Deze PhorestPay Voorwaarden vormen een aanvulling op de Servicevoorwaarden van Phorest, die betrekking hebben op het gebruik van de algemene diensten van Phorest en de producten van PhorestPay. Voor zover er een conflict is tussen de Servicevoorwaarden van Phorest en deze voorwaarden met betrekking tot de PhorestPay Card Terminal, zullen deze voorwaarden voorrang hebben.<\/li>\n<\/ul>\n<h2>2. Beperkte hardware garantie<\/h2>\n<ul>\n<li>a. Deze overeenkomst omvat een beperkte garantie tegen materiaal- en fabricagefouten bij normaal gebruik voor een periode van \u00e9\u00e9n (1) jaar vanaf de verzendingsdatum. Onder deze overeenkomst en met inachtneming van de onderstaande clausules 2(b), 2(c) en 2(d) zal defecte hardware worden vervangen. U dient Phorest direct op de hoogte te brengen van ieder defect, storing of ander incident dat leidt tot verlies van gebruik van de apparatuur of de noodzaak van reparatie of onderhoud;<\/li>\n<li>b. U dient de defecte PhorestPay-hardware met alle accessoires, snoeren, kabels, onderdelen en documentatie binnen veertien (14) dagen na ontvangst van uw vervangende PhorestPay-hardware aan Phorest te retourneren op het aangegeven adres. Indien u uw defecte PhorestPay-hardware niet binnen de door Phorest gespecificeerde procedure en termijn retourneert, zal Phorest dit op uw PhorestPay-rekening (indien hier een saldo op staat) of de volgende rekening van uw Phorest abonnement doorberekenen. Dit is uw enige en exclusieve oplossing voor schending van deze beperkte garantie. Deze beperkte garantie is alleen geldig voor u als u de oorspronkelijke koper van de hardware van PhorestPay bent. De garantiedekking eindigt indien u uw PhorestPay-hardware verkoopt of overdraagt. Neem contact op met Phorest Support om een op garantie gebaseerde retourzending aan te vragen;<\/li>\n<li>c. Deze beperkte garantie is niet van toepassing op PhorestPay-hardware die onderhevig is geweest aan wijziging, reparatie, sabotagepogingen, ongelukken, misbruik, brand, overmacht (met inbegrip van, maar niet beperkt tot, aardbeving, overstroming, orkaan, bliksem of tornado) of andere externe oorzaken;<\/li>\n<li>d. U kunt de terminal niet verkopen of overdragen aan een andere derde partij; als u dit doet, vervalt uw garantie. De garantie geldt niet voor hardware die is gesaboteerd of die is gerepareerd.<br \/><br \/><\/li>\n<\/ul>\n<h2>3. Phorest Pay Terminal toegang<\/h2>\n<ul>\n<li>a. Na betaling van \u00e9\u00e9n of beide vergoedingen vermeld in artikel 3(b) of 3(c), behoort de PhorestPay Card Terminal tot uw eigendom. Blijvende toegang tot de functies van de terminal is afhankelijk van clausules 3(b) en 3(c) hieronder;<\/li>\n<li>b. Phorest kan, naar eigen inzicht, maandelijkse toegangskosten in rekening brengen voor iedere terminal van PhorestPay. Deze kosten zijn aan verandering onderhevig en worden u duidelijk meegedeeld op het moment van aankoop;<\/li>\n<li>c. Phorest kan, naar eigen inzicht, een eenmalige vooruitbetaling in rekening brengen voor levenslange toegang tot de software die voor elk apparaat vereist is. Deze kosten zijn aan verandering onderhevig en worden u duidelijk meegedeeld op het moment van aankoop;<\/li>\n<li>d. Door de PhorestPay Terminal te gebruiken, gaat u uitdrukkelijk akkoord met een gebruiksduur van minimaal \u00e9\u00e9n (1) jaar. Indien u het gebruik v\u00f3\u00f3r het einde van deze termijn probeert te staken, zal Phorest ofwel uw rekening van PhorestPay (indien hier een saldo op staat) ofwel het saldo van de toegangskosten tot de software in rekening brengen op uw volgende rekening van uw Phorest abonnement. De minimale looptijd is \u00e9\u00e9n (1) jaar vanaf de verzendingsdatum;<\/li>\n<li>e. Indien u extra PhorestPay Card Terminals nodig hebt, hetzij als vervangende apparaten die niet onder onze garantie vallen zoals beschreven in artikel 2, hetzij als apparaten die nodig zijn in het kader van de normale bedrijfsvoering, bent u extra kosten verschuldigd zoals beschreven in artikel 3(a) of 3(b) hierboven;<\/li>\n<li>f. U dient direct alle updates van Phorest te installeren om de Diensten te kunnen blijven gebruiken.<br \/><br \/><\/li>\n<\/ul>\n<h2>4. Be\u00ebindigen<\/h2>\n<ul>\n<li>a. In geval van vroegtijdige be\u00ebindiging wordt het saldo van de contractstermijn direct opeisbaar en wordt iedere toegang ingetrokken;<\/li>\n<li>b. Tenzij anderszins bij wet verboden, en onverminderd de andere rechten of rechtsmiddelen van Phorest, heeft Phorest het recht om (i) uw toegang per direct te be\u00ebindigen indien u een van de voorwaarden van deze overeenkomst en (ii) een van de diensten schendt, naar eigen inzicht en op ieder moment; op voorwaarde dat, indien u deze overeenkomst niet schendt, wij een pro rata terugbetaling zullen doen van alle door u vooruitbetaalde toegangskosten die de periode weergeven waarin u geen toegang had tot het product;<\/li>\n<li>c. Als er gedurende een periode van 1 maand nog toegangskosten openstaan, wordt uw account gedeactiveerd. In deze inactieve toestand kan het zijn dat u de terminal van PhorestPay niet kunt gebruiken.<\/li>\n<\/ul>\n<\/div>\n<\/div>\n","protected":false},"excerpt":{"rendered":"<p>1. Verhouding tot de Phorest Serviceovereenkomst Wanneer u gebruik maakt van de PhorestPay Card Terminal, gaat u uitdrukkelijk akkoord met de hieronder vermelde algemene voorwaarden, de Servicevoorwaarden van Phorest en alle updates of wijzigingen die Phorest of Stripe van tijd tot tijd aanbrengt aan een van beide. Deze PhorestPay Voorwaarden vormen een aanvulling op de &hellip; <a href=\"https:\/\/www.phorest.com\/nl\/algemenevoorwaarden-phorestpay-terminal\/\">Continued<\/a><\/p>\n","protected":false},"author":27,"featured_media":0,"parent":0,"menu_order":0,"comment_status":"closed","ping_status":"closed","template":"","meta":{"_acf_changed":false,"footnotes":""},"class_list":["post-122987","page","type-page","status-publish","hentry"],"acf":[],"yoast_head":"<!-- This site is optimized with the Yoast SEO plugin v25.1 - https:\/\/yoast.com\/wordpress\/plugins\/seo\/ -->\n<title>Voorwaarden PhorestPay<\/title>\n<meta name=\"robots\" content=\"index, follow, max-snippet:-1, max-image-preview:large, max-video-preview:-1\" \/>\n<link rel=\"canonical\" href=\"https:\/\/www.phorest.com\/nl\/algemenevoorwaarden-phorestpay-terminal\/\" \/>\n<meta property=\"og:locale\" content=\"nl_NL\" \/>\n<meta property=\"og:type\" content=\"article\" \/>\n<meta property=\"og:title\" content=\"Voorwaarden PhorestPay\" \/>\n<meta property=\"og:description\" content=\"1. Verhouding tot de Phorest Serviceovereenkomst Wanneer u gebruik maakt van de PhorestPay Card Terminal, gaat u uitdrukkelijk akkoord met de hieronder vermelde algemene voorwaarden, de Servicevoorwaarden van Phorest en alle updates of wijzigingen die Phorest of Stripe van tijd tot tijd aanbrengt aan een van beide. Deze PhorestPay Voorwaarden vormen een aanvulling op de &hellip; Continued\" \/>\n<meta property=\"og:url\" content=\"https:\/\/www.phorest.com\/nl\/algemenevoorwaarden-phorestpay-terminal\/\" \/>\n<meta property=\"og:site_name\" content=\"Phorest\" \/>\n<meta property=\"article:publisher\" content=\"https:\/\/www.facebook.com\/phorestsalonsoftware\" \/>\n<meta property=\"article:modified_time\" content=\"2023-01-25T11:01:10+00:00\" \/>\n<meta property=\"og:image\" content=\"https:\/\/d2dfxqxblmblx4.cloudfront.net\/images\/logos\/phorest-acorn-logo.png\" \/>\n\t<meta property=\"og:image:width\" content=\"300\" \/>\n\t<meta property=\"og:image:height\" content=\"300\" \/>\n\t<meta property=\"og:image:type\" content=\"image\/png\" \/>\n<meta name=\"twitter:card\" content=\"summary_large_image\" \/>\n<meta name=\"twitter:image\" content=\"https:\/\/d2dfxqxblmblx4.cloudfront.net\/images\/logos\/phorest-acorn-logo.png\" \/>\n<meta name=\"twitter:site\" content=\"@thephorestword\" \/>\n<meta name=\"twitter:label1\" content=\"Est. reading time\" \/>\n\t<meta name=\"twitter:data1\" content=\"4 minutes\" \/>\n<script type=\"application\/ld+json\" class=\"yoast-schema-graph\">{\"@context\":\"https:\/\/schema.org\",\"@graph\":[{\"@type\":\"WebPage\",\"@id\":\"https:\/\/www.phorest.com\/nl\/algemenevoorwaarden-phorestpay-terminal\/\",\"url\":\"https:\/\/www.phorest.com\/nl\/algemenevoorwaarden-phorestpay-terminal\/\",\"name\":\"Voorwaarden PhorestPay\",\"isPartOf\":{\"@id\":\"https:\/\/www.phorest.com\/nl\/#website\"},\"datePublished\":\"2022-07-29T13:37:37+00:00\",\"dateModified\":\"2023-01-25T11:01:10+00:00\",\"breadcrumb\":{\"@id\":\"https:\/\/www.phorest.com\/nl\/algemenevoorwaarden-phorestpay-terminal\/#breadcrumb\"},\"inLanguage\":\"nl-NL\",\"potentialAction\":[{\"@type\":\"ReadAction\",\"target\":[\"https:\/\/www.phorest.com\/nl\/algemenevoorwaarden-phorestpay-terminal\/\"]}]},{\"@type\":\"BreadcrumbList\",\"@id\":\"https:\/\/www.phorest.com\/nl\/algemenevoorwaarden-phorestpay-terminal\/#breadcrumb\",\"itemListElement\":[{\"@type\":\"ListItem\",\"position\":1,\"name\":\"Home\",\"item\":\"https:\/\/www.phorest.com\/nl\/\"},{\"@type\":\"ListItem\",\"position\":2,\"name\":\"Voorwaarden PhorestPay\"}]},{\"@type\":\"WebSite\",\"@id\":\"https:\/\/www.phorest.com\/nl\/#website\",\"url\":\"https:\/\/www.phorest.com\/nl\/\",\"name\":\"Phorest\",\"description\":\"Salon Software for Hair, Beauty, Barber &amp; Spa Businesses\",\"publisher\":{\"@id\":\"https:\/\/www.phorest.com\/nl\/#organization\"},\"potentialAction\":[{\"@type\":\"SearchAction\",\"target\":{\"@type\":\"EntryPoint\",\"urlTemplate\":\"https:\/\/www.phorest.com\/nl\/?s={search_term_string}\"},\"query-input\":{\"@type\":\"PropertyValueSpecification\",\"valueRequired\":true,\"valueName\":\"search_term_string\"}}],\"inLanguage\":\"nl-NL\"},{\"@type\":\"Organization\",\"@id\":\"https:\/\/www.phorest.com\/nl\/#organization\",\"name\":\"Phorest Salon Software\",\"url\":\"https:\/\/www.phorest.com\/nl\/\",\"logo\":{\"@type\":\"ImageObject\",\"inLanguage\":\"nl-NL\",\"@id\":\"https:\/\/www.phorest.com\/nl\/#\/schema\/logo\/image\/\",\"url\":\"https:\/\/d2dfxqxblmblx4.cloudfront.net\/wp-content\/uploads\/2019\/10\/24141402\/phorest-acorn-logo1.png\",\"contentUrl\":\"https:\/\/d2dfxqxblmblx4.cloudfront.net\/wp-content\/uploads\/2019\/10\/24141402\/phorest-acorn-logo1.png\",\"width\":201,\"height\":202,\"caption\":\"Phorest Salon Software\"},\"image\":{\"@id\":\"https:\/\/www.phorest.com\/nl\/#\/schema\/logo\/image\/\"},\"sameAs\":[\"https:\/\/www.facebook.com\/phorestsalonsoftware\",\"https:\/\/x.com\/thephorestword\",\"https:\/\/instagram.com\/phorest_salon_software\",\"https:\/\/www.linkedin.com\/company\/phorest?trk=company_name\",\"https:\/\/www.pinterest.com\/phorestss\/\",\"https:\/\/plus.google.com\/u\/0\/b\/101418954139594616916\/101418954139594616916\/posts\/p\/pub\"]}]}<\/script>\n<!-- \/ Yoast SEO plugin. -->","yoast_head_json":{"title":"Voorwaarden PhorestPay","robots":{"index":"index","follow":"follow","max-snippet":"max-snippet:-1","max-image-preview":"max-image-preview:large","max-video-preview":"max-video-preview:-1"},"canonical":"https:\/\/www.phorest.com\/nl\/algemenevoorwaarden-phorestpay-terminal\/","og_locale":"nl_NL","og_type":"article","og_title":"Voorwaarden PhorestPay","og_description":"1. Verhouding tot de Phorest Serviceovereenkomst Wanneer u gebruik maakt van de PhorestPay Card Terminal, gaat u uitdrukkelijk akkoord met de hieronder vermelde algemene voorwaarden, de Servicevoorwaarden van Phorest en alle updates of wijzigingen die Phorest of Stripe van tijd tot tijd aanbrengt aan een van beide. Deze PhorestPay Voorwaarden vormen een aanvulling op de &hellip; Continued","og_url":"https:\/\/www.phorest.com\/nl\/algemenevoorwaarden-phorestpay-terminal\/","og_site_name":"Phorest","article_publisher":"https:\/\/www.facebook.com\/phorestsalonsoftware","article_modified_time":"2023-01-25T11:01:10+00:00","og_image":[{"width":300,"height":300,"url":"https:\/\/d2dfxqxblmblx4.cloudfront.net\/images\/logos\/phorest-acorn-logo.png","type":"image\/png"}],"twitter_card":"summary_large_image","twitter_image":"https:\/\/d2dfxqxblmblx4.cloudfront.net\/images\/logos\/phorest-acorn-logo.png","twitter_site":"@thephorestword","twitter_misc":{"Est. reading time":"4 minutes"},"schema":{"@context":"https:\/\/schema.org","@graph":[{"@type":"WebPage","@id":"https:\/\/www.phorest.com\/nl\/algemenevoorwaarden-phorestpay-terminal\/","url":"https:\/\/www.phorest.com\/nl\/algemenevoorwaarden-phorestpay-terminal\/","name":"Voorwaarden PhorestPay","isPartOf":{"@id":"https:\/\/www.phorest.com\/nl\/#website"},"datePublished":"2022-07-29T13:37:37+00:00","dateModified":"2023-01-25T11:01:10+00:00","breadcrumb":{"@id":"https:\/\/www.phorest.com\/nl\/algemenevoorwaarden-phorestpay-terminal\/#breadcrumb"},"inLanguage":"nl-NL","potentialAction":[{"@type":"ReadAction","target":["https:\/\/www.phorest.com\/nl\/algemenevoorwaarden-phorestpay-terminal\/"]}]},{"@type":"BreadcrumbList","@id":"https:\/\/www.phorest.com\/nl\/algemenevoorwaarden-phorestpay-terminal\/#breadcrumb","itemListElement":[{"@type":"ListItem","position":1,"name":"Home","item":"https:\/\/www.phorest.com\/nl\/"},{"@type":"ListItem","position":2,"name":"Voorwaarden PhorestPay"}]},{"@type":"WebSite","@id":"https:\/\/www.phorest.com\/nl\/#website","url":"https:\/\/www.phorest.com\/nl\/","name":"Phorest","description":"Salon Software for Hair, Beauty, Barber &amp; Spa Businesses","publisher":{"@id":"https:\/\/www.phorest.com\/nl\/#organization"},"potentialAction":[{"@type":"SearchAction","target":{"@type":"EntryPoint","urlTemplate":"https:\/\/www.phorest.com\/nl\/?s={search_term_string}"},"query-input":{"@type":"PropertyValueSpecification","valueRequired":true,"valueName":"search_term_string"}}],"inLanguage":"nl-NL"},{"@type":"Organization","@id":"https:\/\/www.phorest.com\/nl\/#organization","name":"Phorest Salon Software","url":"https:\/\/www.phorest.com\/nl\/","logo":{"@type":"ImageObject","inLanguage":"nl-NL","@id":"https:\/\/www.phorest.com\/nl\/#\/schema\/logo\/image\/","url":"https:\/\/d2dfxqxblmblx4.cloudfront.net\/wp-content\/uploads\/2019\/10\/24141402\/phorest-acorn-logo1.png","contentUrl":"https:\/\/d2dfxqxblmblx4.cloudfront.net\/wp-content\/uploads\/2019\/10\/24141402\/phorest-acorn-logo1.png","width":201,"height":202,"caption":"Phorest Salon Software"},"image":{"@id":"https:\/\/www.phorest.com\/nl\/#\/schema\/logo\/image\/"},"sameAs":["https:\/\/www.facebook.com\/phorestsalonsoftware","https:\/\/x.com\/thephorestword","https:\/\/instagram.com\/phorest_salon_software","https:\/\/www.linkedin.com\/company\/phorest?trk=company_name","https:\/\/www.pinterest.com\/phorestss\/","https:\/\/plus.google.com\/u\/0\/b\/101418954139594616916\/101418954139594616916\/posts\/p\/pub"]}]}},"_links":{"self":[{"href":"https:\/\/www.phorest.com\/nl\/wp-json\/wp\/v2\/pages\/122987","targetHints":{"allow":["GET"]}}],"collection":[{"href":"https:\/\/www.phorest.com\/nl\/wp-json\/wp\/v2\/pages"}],"about":[{"href":"https:\/\/www.phorest.com\/nl\/wp-json\/wp\/v2\/types\/page"}],"author":[{"embeddable":true,"href":"https:\/\/www.phorest.com\/nl\/wp-json\/wp\/v2\/users\/27"}],"replies":[{"embeddable":true,"href":"https:\/\/www.phorest.com\/nl\/wp-json\/wp\/v2\/comments?post=122987"}],"version-history":[{"count":5,"href":"https:\/\/www.phorest.com\/nl\/wp-json\/wp\/v2\/pages\/122987\/revisions"}],"predecessor-version":[{"id":122994,"href":"https:\/\/www.phorest.com\/nl\/wp-json\/wp\/v2\/pages\/122987\/revisions\/122994"}],"wp:attachment":[{"href":"https:\/\/www.phorest.com\/nl\/wp-json\/wp\/v2\/media?parent=122987"}],"curies":[{"name":"wp","href":"https:\/\/api.w.org\/{rel}","templated":true}]}}